{"id":976,"date":"2012-05-17T15:50:07","date_gmt":"2012-05-17T15:50:07","guid":{"rendered":"http:\/\/www.roihuvuori.fi\/hanami\/?page_id=976"},"modified":"2025-05-04T15:42:13","modified_gmt":"2025-05-04T13:42:13","slug":"manga","status":"publish","type":"page","link":"https:\/\/www.roihuvuori.fi\/hanami\/artikkelit\/manga\/","title":{"rendered":"Manga"},"content":{"rendered":"<h2>Japanilainen sarjakuva \u2013 koko kansan viihdett\u00e4<\/h2>\n<p>TEKSTI:RAIJA HALONEN<\/p>\n<div id=\"attachment_979\" style=\"width: 437px\" class=\"wp-caption alignright\"><a href=\"http:\/\/www.roihuvuori.fi\/hanami\/manga\/manga-2\/\" rel=\"attachment wp-att-979\"><img loading=\"lazy\" decoding=\"async\" aria-describedby=\"caption-attachment-979\" class=\"size-full wp-image-979\" title=\"Manga\" src=\"http:\/\/www.roihuvuori.fi\/hanami\/wp-content\/uploads\/2012\/05\/Manga.jpg\" alt=\"\" width=\"427\" height=\"230\" srcset=\"https:\/\/www.roihuvuori.fi\/hanami\/wp-content\/uploads\/2012\/05\/Manga.jpg 427w, https:\/\/www.roihuvuori.fi\/hanami\/wp-content\/uploads\/2012\/05\/Manga-300x161.jpg 300w\" sizes=\"auto, (max-width: 427px) 100vw, 427px\" \/><\/a><p id=\"caption-attachment-979\" class=\"wp-caption-text\">Kuva Johanna Aydemir<\/p><\/div>\n<p>Tyypillinen n\u00e4ky Tokion metrossa on liituraitapukuinen \u201d<em>salaryman<\/em>\u201d ty\u00f6matkallaan lukemassa pienikokoista, paksua sarjakuvakirjaa. Manga on yleisnimitys japanilaiselle sarjakuvalle, mutta sarjakuvien aiheet ovat hyvin moninaiset ja ne on suunnattu eri-ik\u00e4isille ja erilaisista asioista kiinnostuneille lukijaryhmille. Mangat kertovat tarinoita: ne ovat tunteiden tulkkeja, ja ne kuvaavat my\u00f6s kipeit\u00e4 vaiheita kansan historiassa. Nuorille mangat tarjoavat seikkailujen lis\u00e4ksi kasvutarinoita ja samaistumisen kohteita. Mangan tyylilajeja ovat mm. <em>sh\u00f5nen<\/em>&#8211; (pojille suunnatut), <em>samurai<\/em>-, <em>ninja<\/em>, <em>shojo-<\/em> (romanttiset ja naisille suunnatut) ja <em>megamangat<\/em> (ihmishahmoisista roboteista kertovat) sek\u00e4 eroottiset sarjakuvat. Osa mangoista sis\u00e4lt\u00e4\u00e4 hyvinkin raakaa v\u00e4kivaltaa. K\u00e4ytt\u00f6manga on kierr\u00e4tyspaperille painettua populaarikulttuuria, mutta siit\u00e4 on syntynyt my\u00f6s korkeakulttuurista taidetta. Ensimm\u00e4inen Suomessa julkaistu japanilainen sarjakuva on Hiroshiman atomipommihy\u00f6kk\u00e4yksest\u00e4 eloonj\u00e4\u00e4neen Keiji Nakazawan omista kokemuksistaan piirt\u00e4m\u00e4 Hiroshiman poika (Jalava kustannus Oy).<\/p>\n<p><em>Artikkeli on aikaisemmin ilmestynyt Roihuvuoren kyl\u00e4lehdess\u00e4 1\/2011<\/em><\/p>\n","protected":false},"excerpt":{"rendered":"<p>Japanilainen sarjakuva \u2013 koko kansan viihdett\u00e4 TEKSTI:RAIJA HALONEN Tyypillinen n\u00e4ky Tokion metrossa on liituraitapukuinen \u201dsalaryman\u201d ty\u00f6matkallaan lukemassa pienikokoista, paksua sarjakuvakirjaa. Manga on yleisnimitys japanilaiselle sarjakuvalle, mutta sarjakuvien aiheet ovat hyvin moninaiset ja ne on suunnattu eri-ik\u00e4isille ja erilaisista asioista kiinnostuneille&#8230;<\/p>\n","protected":false},"author":2,"featured_media":0,"parent":1141,"menu_order":0,"comment_status":"closed","ping_status":"closed","template":"","meta":{"_acf_changed":false,"footnotes":""},"class_list":["post-976","page","type-page","status-publish","hentry"],"acf":[],"_links":{"self":[{"href":"https:\/\/www.roihuvuori.fi\/hanami\/wp-json\/wp\/v2\/pages\/976","targetHints":{"allow":["GET"]}}],"collection":[{"href":"https:\/\/www.roihuvuori.fi\/hanami\/wp-json\/wp\/v2\/pages"}],"about":[{"href":"https:\/\/www.roihuvuori.fi\/hanami\/wp-json\/wp\/v2\/types\/page"}],"author":[{"embeddable":true,"href":"https:\/\/www.roihuvuori.fi\/hanami\/wp-json\/wp\/v2\/users\/2"}],"replies":[{"embeddable":true,"href":"https:\/\/www.roihuvuori.fi\/hanami\/wp-json\/wp\/v2\/comments?post=976"}],"version-history":[{"count":5,"href":"https:\/\/www.roihuvuori.fi\/hanami\/wp-json\/wp\/v2\/pages\/976\/revisions"}],"predecessor-version":[{"id":1173,"href":"https:\/\/www.roihuvuori.fi\/hanami\/wp-json\/wp\/v2\/pages\/976\/revisions\/1173"}],"up":[{"embeddable":true,"href":"https:\/\/www.roihuvuori.fi\/hanami\/wp-json\/wp\/v2\/pages\/1141"}],"wp:attachment":[{"href":"https:\/\/www.roihuvuori.fi\/hanami\/wp-json\/wp\/v2\/media?parent=976"}],"curies":[{"name":"wp","href":"https:\/\/api.w.org\/{rel}","templated":true}]}}