{"id":922,"date":"2012-05-17T13:52:56","date_gmt":"2012-05-17T13:52:56","guid":{"rendered":"http:\/\/www.roihuvuori.fi\/hanami\/?page_id=922"},"modified":"2025-05-04T15:42:57","modified_gmt":"2025-05-04T13:42:57","slug":"parapara","status":"publish","type":"page","link":"https:\/\/www.roihuvuori.fi\/hanami\/artikkelit\/parapara\/","title":{"rendered":"Parapara"},"content":{"rendered":"<h2><img loading=\"lazy\" decoding=\"async\" class=\"alignnone\" src=\"http:\/\/www.roihuvuori.fi\/hanami\/wp-content\/uploads\/2012\/04\/img_9707_11.jpg\" alt=\"\" width=\"550\" height=\"367\" \/><\/h2>\n<h2>K\u00e4det yl\u00f6s<br \/>\n\u2013 nyt tanssitaan!<\/h2>\n<p>TEKSTI: MARIA MIKKONEN\u00a0 JA KUVA: REZA JAFARI<\/p>\n<p>K\u00e4sien heiluntaa ja pirte\u00e4\u00e4 eurobeat-musiikkia. N\u00e4ist\u00e4 kahdesta syntyy parapara. Parapara-tanssi syntyi 80- luvun lopulla Japanissa y\u00f6klubien edess\u00e4 ja kehittyi nuorten alakulttuuri-ilmi\u00f6n\u00e4 pikkuhiljaa p\u00e4\u00e4tyen muutaman suuremman suosion kauden j\u00e4lkeen pienemm\u00e4n piirin intohimoksi. Parapara-tanssityyliin kuuluu kaksi alalajia: <em>techpara<\/em> ja <em>trapara<\/em>, jotka ovat houkutelleet erilaisen musiikkinsa takia my\u00f6s uusia harrastajia paraparan pariin. Nyky\u00e4\u00e4n harrastajia on Japanin ulkopuolella ymp\u00e4ri maailmaa ja ep\u00e4viralliset maailmanmestaruuskisat j\u00e4rjestettiin 2008, jolloin suomalainen FinnPARAnoids sijoittui ensimm\u00e4iseksi.<\/p>\n<p>Parapara on levinnyt pikkuhiljaa Suomessa erilaisissa Japaniin liittyviss\u00e4 tapahtumissa. Paraparaajia on Suomessa karkeasti arvioituna 150\u2013200, joista suurin osa harrastaa lajia itsekseen internetist\u00e4 l\u00f6ytyvien videoiden avulla. Tanssimisen aloittamiskynnys on matala: aiempaa tanssikokemusta ei tarvita, helppoja koreografioita l\u00f6ytyy helposti ja jonkinasteisella rytmitajulla p\u00e4\u00e4see jo pitk\u00e4lle. Parapara kehitt\u00e4\u00e4 erityisesti yl\u00e4vartalon koordinaatiota eik\u00e4 sen aloittamiseen ole olemassa mit\u00e4\u00e4n ik\u00e4rajaa. Suurin tarkoitus tanssissa on kuitenkin pit\u00e4\u00e4 hauskaa, tutustua uusiin ihmisiin ja nauttia olostaan.<\/p>\n<p>Lis\u00e4\u00e4 paraparasta netiss\u00e4:<a href=\"http:\/\/www.parapara.fi\" target=\"_blank\">www.parapara.fi<\/a><\/p>\n<p><em>Artikkeli on ilmestynyt aikaisemmin Roihuvuoren kyl\u00e4lehdess\u00e4 1\/2010<\/em><\/p>\n","protected":false},"excerpt":{"rendered":"<p>K\u00e4det yl\u00f6s \u2013 nyt tanssitaan! TEKSTI: MARIA MIKKONEN\u00a0 JA KUVA: REZA JAFARI K\u00e4sien heiluntaa ja pirte\u00e4\u00e4 eurobeat-musiikkia. N\u00e4ist\u00e4 kahdesta syntyy parapara. Parapara-tanssi syntyi 80- luvun lopulla Japanissa y\u00f6klubien edess\u00e4 ja kehittyi nuorten alakulttuuri-ilmi\u00f6n\u00e4 pikkuhiljaa p\u00e4\u00e4tyen muutaman suuremman suosion kauden j\u00e4lkeen&#8230;<\/p>\n","protected":false},"author":2,"featured_media":0,"parent":1141,"menu_order":0,"comment_status":"closed","ping_status":"closed","template":"","meta":{"_acf_changed":false,"footnotes":""},"class_list":["post-922","page","type-page","status-publish","hentry"],"acf":[],"_links":{"self":[{"href":"https:\/\/www.roihuvuori.fi\/hanami\/wp-json\/wp\/v2\/pages\/922","targetHints":{"allow":["GET"]}}],"collection":[{"href":"https:\/\/www.roihuvuori.fi\/hanami\/wp-json\/wp\/v2\/pages"}],"about":[{"href":"https:\/\/www.roihuvuori.fi\/hanami\/wp-json\/wp\/v2\/types\/page"}],"author":[{"embeddable":true,"href":"https:\/\/www.roihuvuori.fi\/hanami\/wp-json\/wp\/v2\/users\/2"}],"replies":[{"embeddable":true,"href":"https:\/\/www.roihuvuori.fi\/hanami\/wp-json\/wp\/v2\/comments?post=922"}],"version-history":[{"count":5,"href":"https:\/\/www.roihuvuori.fi\/hanami\/wp-json\/wp\/v2\/pages\/922\/revisions"}],"predecessor-version":[{"id":5410,"href":"https:\/\/www.roihuvuori.fi\/hanami\/wp-json\/wp\/v2\/pages\/922\/revisions\/5410"}],"up":[{"embeddable":true,"href":"https:\/\/www.roihuvuori.fi\/hanami\/wp-json\/wp\/v2\/pages\/1141"}],"wp:attachment":[{"href":"https:\/\/www.roihuvuori.fi\/hanami\/wp-json\/wp\/v2\/media?parent=922"}],"curies":[{"name":"wp","href":"https:\/\/api.w.org\/{rel}","templated":true}]}}