{"id":90,"date":"2012-04-16T14:51:50","date_gmt":"2012-04-16T14:51:50","guid":{"rendered":"http:\/\/roihuvuori.kapsi.fi\/hanami\/?page_id=90"},"modified":"2025-05-04T15:47:22","modified_gmt":"2025-05-04T13:47:22","slug":"hanami2010","status":"publish","type":"page","link":"https:\/\/www.roihuvuori.fi\/hanami\/hanamikuvia\/hanami2010\/","title":{"rendered":"Vuoden 2010 hanami-juhla"},"content":{"rendered":"<p><a href=\"http:\/\/www.roihuvuori.fi\/hanami\/wp-content\/uploads\/2012\/04\/Hanami2010_mainos.pdf\">Vuoden 2010 hanami-juhlat<\/a> j\u00e4rjestettiin lauantaina 22.5. klo 12-16 Roihuvuoren Kirsikkapuistossa. Ohjelmassa oli mm. parapara- ja buto-tanssiesityksi\u00e4, ikebanaa, haikurunoja, teetaidetta ja budo-esityksi\u00e4. Myynniss\u00e4 oli japanilaisia herkkuja.<br \/>\n\n\t\t\t<div id='gallery-90-1' class='gallery gallery-90'>\n\t\t\t\t<div class='gallery-row gallery-clear'>\n\t\t\t\t\t<dl class='gallery-item col-3'>\n\t\t\t\t\t\t<dt class='gallery-icon'><a title=\"Kuva Otto-Ville Mikkel\u00e4\" href='https:\/\/www.roihuvuori.fi\/hanami\/wp-content\/uploads\/2012\/04\/07b_hanami_ottovillemikkela.jpg'><img loading=\"lazy\" decoding=\"async\" width=\"150\" height=\"150\" src=\"https:\/\/www.roihuvuori.fi\/hanami\/wp-content\/uploads\/2012\/04\/07b_hanami_ottovillemikkela-150x150.jpg\" class=\"attachment-thumbnail size-thumbnail\" alt=\"\" \/><\/a><\/dt>\n\t\t\t\t\t\t<dd class='gallery-caption'>Kuva Otto-Ville Mikkel\u00e4<\/dd>\n\t\t\t\t\t<\/dl>\n\t\t\t\t\t<dl class='gallery-item col-3'>\n\t\t\t\t\t\t<dt class='gallery-icon'><a title=\" Kuva Vesa M\u00e4kinen\" href='https:\/\/www.roihuvuori.fi\/hanami\/wp-content\/uploads\/2012\/04\/kendo_vesamakinen.jpg'><img loading=\"lazy\" decoding=\"async\" width=\"150\" height=\"150\" src=\"https:\/\/www.roihuvuori.fi\/hanami\/wp-content\/uploads\/2012\/04\/kendo_vesamakinen-150x150.jpg\" class=\"attachment-thumbnail size-thumbnail\" alt=\"\" \/><\/a><\/dt>\n\t\t\t\t\t\t<dd class='gallery-caption'> Kuva Vesa M\u00e4kinen<\/dd>\n\t\t\t\t\t<\/dl>\n\t\t\t\t\t<dl class='gallery-item col-3'>\n\t\t\t\t\t\t<dt class='gallery-icon'><a title=\"Parapara-tanssia. Kuva Elina Aydemir\" href='https:\/\/www.roihuvuori.fi\/hanami\/wp-content\/uploads\/2012\/04\/hanami_6_johannaaydemir.jpg'><img loading=\"lazy\" decoding=\"async\" width=\"150\" height=\"150\" src=\"https:\/\/www.roihuvuori.fi\/hanami\/wp-content\/uploads\/2012\/04\/hanami_6_johannaaydemir-150x150.jpg\" class=\"attachment-thumbnail size-thumbnail\" alt=\"\" \/><\/a><\/dt>\n\t\t\t\t\t\t<dd class='gallery-caption'>Parapara-tanssia. Kuva Elina Aydemir<\/dd>\n\t\t\t\t\t<\/dl>\n\t\t\t\t<\/div>\n\t\t\t\t<div class='gallery-row gallery-clear'>\n\t\t\t\t\t<dl class='gallery-item col-3'>\n\t\t\t\t\t\t<dt class='gallery-icon'><a title=\"Ikebana-teltta. Kuva Pirkko Heini\u00f6\" href='https:\/\/www.roihuvuori.fi\/hanami\/wp-content\/uploads\/2012\/04\/01_hanami_pirkkoheinio.jpg'><img loading=\"lazy\" decoding=\"async\" width=\"150\" height=\"150\" src=\"https:\/\/www.roihuvuori.fi\/hanami\/wp-content\/uploads\/2012\/04\/01_hanami_pirkkoheinio-150x150.jpg\" class=\"attachment-thumbnail size-thumbnail\" alt=\"\" \/><\/a><\/dt>\n\t\t\t\t\t\t<dd class='gallery-caption'>Ikebana-teltta. Kuva Pirkko Heini\u00f6<\/dd>\n\t\t\t\t\t<\/dl>\n\t\t\t\t\t<dl class='gallery-item col-3'>\n\t\t\t\t\t\t<dt class='gallery-icon'><a title=\" Kuva Pirkko Heini\u00f6\" href='https:\/\/www.roihuvuori.fi\/hanami\/wp-content\/uploads\/2012\/04\/03_hanami_pirkkoheinio.jpg'><img loading=\"lazy\" decoding=\"async\" width=\"150\" height=\"150\" src=\"https:\/\/www.roihuvuori.fi\/hanami\/wp-content\/uploads\/2012\/04\/03_hanami_pirkkoheinio-150x150.jpg\" class=\"attachment-thumbnail size-thumbnail\" alt=\"\" \/><\/a><\/dt>\n\t\t\t\t\t\t<dd class='gallery-caption'> Kuva Pirkko Heini\u00f6<\/dd>\n\t\t\t\t\t<\/dl>\n\t\t\t\t\t<dl class='gallery-item col-3'>\n\t\t\t\t\t\t<dt class='gallery-icon'><a title=\"Kuva Pirkko Heini\u00f6\" href='https:\/\/www.roihuvuori.fi\/hanami\/wp-content\/uploads\/2012\/04\/04_hanami_pirkkoheinio.jpg'><img loading=\"lazy\" decoding=\"async\" width=\"150\" height=\"150\" src=\"https:\/\/www.roihuvuori.fi\/hanami\/wp-content\/uploads\/2012\/04\/04_hanami_pirkkoheinio-150x150.jpg\" class=\"attachment-thumbnail size-thumbnail\" alt=\"\" \/><\/a><\/dt>\n\t\t\t\t\t\t<dd class='gallery-caption'>Kuva Pirkko Heini\u00f6<\/dd>\n\t\t\t\t\t<\/dl>\n\t\t\t\t<\/div>\n\t\t\t\t<div class='gallery-row gallery-clear'>\n\t\t\t\t\t<dl class='gallery-item col-3'>\n\t\t\t\t\t\t<dt class='gallery-icon'><a title=\"Kirsikkapuiston is\u00e4 Norio Tomida. Kuva Otto-Ville Mikkel\u00e4\" href='https:\/\/www.roihuvuori.fi\/hanami\/wp-content\/uploads\/2012\/04\/02_hanami_ottovillemikkela.jpg'><img loading=\"lazy\" decoding=\"async\" width=\"150\" height=\"150\" src=\"https:\/\/www.roihuvuori.fi\/hanami\/wp-content\/uploads\/2012\/04\/02_hanami_ottovillemikkela-150x150.jpg\" class=\"attachment-thumbnail size-thumbnail\" alt=\"\" \/><\/a><\/dt>\n\t\t\t\t\t\t<dd class='gallery-caption'>Kirsikkapuiston is\u00e4 Norio Tomida. Kuva Otto-Ville Mikkel\u00e4<\/dd>\n\t\t\t\t\t<\/dl>\n\t\t\t\t\t<dl class='gallery-item col-3'>\n\t\t\t\t\t\t<dt class='gallery-icon'><a title=\"Kuva Otto-Ville Mikkel\u00e4 \" href='https:\/\/www.roihuvuori.fi\/hanami\/wp-content\/uploads\/2012\/04\/04_hanami_ottovillemikkela.jpg'><img loading=\"lazy\" decoding=\"async\" width=\"150\" height=\"150\" src=\"https:\/\/www.roihuvuori.fi\/hanami\/wp-content\/uploads\/2012\/04\/04_hanami_ottovillemikkela-150x150.jpg\" class=\"attachment-thumbnail size-thumbnail\" alt=\"\" \/><\/a><\/dt>\n\t\t\t\t\t\t<dd class='gallery-caption'>Kuva Otto-Ville Mikkel\u00e4 <\/dd>\n\t\t\t\t\t<\/dl>\n\t\t\t\t\t<dl class='gallery-item col-3'>\n\t\t\t\t\t\t<dt class='gallery-icon'><a title=\"Japanilaisen koulun oppilaat laulavat Sakura-laulua. Kuva Elina Aydemir\" href='https:\/\/www.roihuvuori.fi\/hanami\/wp-content\/uploads\/2012\/04\/hanami_1_johannaaydemir.jpg'><img loading=\"lazy\" decoding=\"async\" width=\"150\" height=\"150\" src=\"https:\/\/www.roihuvuori.fi\/hanami\/wp-content\/uploads\/2012\/04\/hanami_1_johannaaydemir-150x150.jpg\" class=\"attachment-thumbnail size-thumbnail\" alt=\"\" \/><\/a><\/dt>\n\t\t\t\t\t\t<dd class='gallery-caption'>Japanilaisen koulun oppilaat laulavat Sakura-laulua. Kuva Elina Aydemir<\/dd>\n\t\t\t\t\t<\/dl>\n\t\t\t\t<\/div>\n\t\t\t\t<div class='gallery-row gallery-clear'>\n\t\t\t\t\t<dl class='gallery-item col-3'>\n\t\t\t\t\t\t<dt class='gallery-icon'><a title=\"Japanilaista sweet lolita -katumuotia. Kuva Johanna Aydemir \" href='https:\/\/www.roihuvuori.fi\/hanami\/wp-content\/uploads\/2012\/04\/hanami_4_johannaaydemir.jpg'><img loading=\"lazy\" decoding=\"async\" width=\"150\" height=\"150\" src=\"https:\/\/www.roihuvuori.fi\/hanami\/wp-content\/uploads\/2012\/04\/hanami_4_johannaaydemir-150x150.jpg\" class=\"attachment-thumbnail size-thumbnail\" alt=\"\" \/><\/a><\/dt>\n\t\t\t\t\t\t<dd class='gallery-caption'>Japanilaista sweet lolita -katumuotia. Kuva Johanna Aydemir <\/dd>\n\t\t\t\t\t<\/dl>\n\t\t\t\t\t<dl class='gallery-item col-3'>\n\t\t\t\t\t\t<dt class='gallery-icon'><a title=\" Japanin suurl\u00e4hettil\u00e4spari Maruyama ja Tomida-san. Kuva Pirkko Heini\u00f6\" href='https:\/\/www.roihuvuori.fi\/hanami\/wp-content\/uploads\/2012\/04\/05_hanami_pirkkoheinio.jpg'><img loading=\"lazy\" decoding=\"async\" width=\"150\" height=\"150\" src=\"https:\/\/www.roihuvuori.fi\/hanami\/wp-content\/uploads\/2012\/04\/05_hanami_pirkkoheinio-150x150.jpg\" class=\"attachment-thumbnail size-thumbnail\" alt=\"\" \/><\/a><\/dt>\n\t\t\t\t\t\t<dd class='gallery-caption'> Japanin suurl\u00e4hettil\u00e4spari Maruyama ja Tomida-san. Kuva Pirkko Heini\u00f6<\/dd>\n\t\t\t\t\t<\/dl>\n\t\t\t\t\t<dl class='gallery-item col-3'>\n\t\t\t\t\t\t<dt class='gallery-icon'><a title=\"Kuva Johanna Aydemir\" href='https:\/\/www.roihuvuori.fi\/hanami\/wp-content\/uploads\/2012\/04\/hanami_2_johannaaydemir.jpg'><img loading=\"lazy\" decoding=\"async\" width=\"150\" height=\"150\" src=\"https:\/\/www.roihuvuori.fi\/hanami\/wp-content\/uploads\/2012\/04\/hanami_2_johannaaydemir-150x150.jpg\" class=\"attachment-thumbnail size-thumbnail\" alt=\"\" \/><\/a><\/dt>\n\t\t\t\t\t\t<dd class='gallery-caption'>Kuva Johanna Aydemir<\/dd>\n\t\t\t\t\t<\/dl>\n\t\t\t\t<\/div>\n\t\t\t\t<div class='gallery-row gallery-clear'>\n\t\t\t\t\t<dl class='gallery-item col-3'>\n\t\t\t\t\t\t<dt class='gallery-icon'><a title=\"Origamin tekoa Origami Finlandin Terttu Kiiskisen johdolla. Kuva Otto-Ville Mikkel\u00e4 \" href='https:\/\/www.roihuvuori.fi\/hanami\/wp-content\/uploads\/2012\/04\/05_hanami_ottovillemikkela.jpg'><img loading=\"lazy\" decoding=\"async\" width=\"150\" height=\"150\" src=\"https:\/\/www.roihuvuori.fi\/hanami\/wp-content\/uploads\/2012\/04\/05_hanami_ottovillemikkela-150x150.jpg\" class=\"attachment-thumbnail size-thumbnail\" alt=\"\" \/><\/a><\/dt>\n\t\t\t\t\t\t<dd class='gallery-caption'>Origamin tekoa Origami Finlandin Terttu Kiiskisen johdolla. Kuva Otto-Ville Mikkel\u00e4 <\/dd>\n\t\t\t\t\t<\/dl>\n\t\t\t\t\t<dl class='gallery-item col-3'>\n\t\t\t\t\t\t<dt class='gallery-icon'><a title=\"Kuva Otto-Ville Mikkel\u00e4\" href='https:\/\/www.roihuvuori.fi\/hanami\/wp-content\/uploads\/2012\/04\/01_hanami_ottovillemikkela.jpg'><img loading=\"lazy\" decoding=\"async\" width=\"150\" height=\"150\" src=\"https:\/\/www.roihuvuori.fi\/hanami\/wp-content\/uploads\/2012\/04\/01_hanami_ottovillemikkela-150x150.jpg\" class=\"attachment-thumbnail size-thumbnail\" alt=\"\" \/><\/a><\/dt>\n\t\t\t\t\t\t<dd class='gallery-caption'>Kuva Otto-Ville Mikkel\u00e4<\/dd>\n\t\t\t\t\t<\/dl>\n\t\t\t\t\t<dl class='gallery-item col-3'>\n\t\t\t\t\t\t<dt class='gallery-icon'><a title=\" Performanssiryhm\u00e4 Sysin\u00e4n buto-performanssi `Puu puhuu\u00b4, esiintyjin\u00e4 Saara Holmberg ja Reija Stenius. Kuva Mikko Keski-V\u00e4h\u00e4l\u00e4.\" href='https:\/\/www.roihuvuori.fi\/hanami\/wp-content\/uploads\/2012\/04\/buto_mikko_keski_vahala.jpg'><img loading=\"lazy\" decoding=\"async\" width=\"150\" height=\"150\" src=\"https:\/\/www.roihuvuori.fi\/hanami\/wp-content\/uploads\/2012\/04\/buto_mikko_keski_vahala-150x150.jpg\" class=\"attachment-thumbnail size-thumbnail\" alt=\"\" \/><\/a><\/dt>\n\t\t\t\t\t\t<dd class='gallery-caption'> Performanssiryhm\u00e4 Sysin\u00e4n buto-performanssi `Puu puhuu\u00b4, esiintyjin\u00e4 Saara Holmberg ja Reija Stenius. Kuva Mikko Keski-V\u00e4h\u00e4l\u00e4.<\/dd>\n\t\t\t\t\t<\/dl>\n\t\t\t\t<\/div>\n\t\t\t\t<div class='gallery-row gallery-clear'>\n\t\t\t\t\t<dl class='gallery-item col-3'>\n\t\t\t\t\t\t<dt class='gallery-icon'><a title=\" Kuva Otto-Ville Mikkel\u00e4\" href='https:\/\/www.roihuvuori.fi\/hanami\/wp-content\/uploads\/2012\/04\/09_hanami_ottovillemikkela.jpg'><img loading=\"lazy\" decoding=\"async\" width=\"150\" height=\"150\" src=\"https:\/\/www.roihuvuori.fi\/hanami\/wp-content\/uploads\/2012\/04\/09_hanami_ottovillemikkela-150x150.jpg\" class=\"attachment-thumbnail size-thumbnail\" alt=\"\" \/><\/a><\/dt>\n\t\t\t\t\t\t<dd class='gallery-caption'> Kuva Otto-Ville Mikkel\u00e4<\/dd>\n\t\t\t\t\t<\/dl>\n\t\t\t\t\t<dl class='gallery-item col-3'>\n\t\t\t\t\t\t<dt class='gallery-icon'><a title=\"Kuva Johanna Aydemir\" href='https:\/\/www.roihuvuori.fi\/hanami\/wp-content\/uploads\/2012\/04\/010_hanami_aydemir.jpg'><img loading=\"lazy\" decoding=\"async\" width=\"150\" height=\"150\" src=\"https:\/\/www.roihuvuori.fi\/hanami\/wp-content\/uploads\/2012\/04\/010_hanami_aydemir-150x150.jpg\" class=\"attachment-thumbnail size-thumbnail\" alt=\"\" \/><\/a><\/dt>\n\t\t\t\t\t\t<dd class='gallery-caption'>Kuva Johanna Aydemir<\/dd>\n\t\t\t\t\t<\/dl>\n\t\t\t\t\t<dl class='gallery-item col-3'>\n\t\t\t\t\t\t<dt class='gallery-icon'><a title=\"Kuva Roni Aydemir\" href='https:\/\/www.roihuvuori.fi\/hanami\/wp-content\/uploads\/2012\/04\/hanami_2010.jpg'><img loading=\"lazy\" decoding=\"async\" width=\"150\" height=\"150\" src=\"https:\/\/www.roihuvuori.fi\/hanami\/wp-content\/uploads\/2012\/04\/hanami_2010-150x150.jpg\" class=\"attachment-thumbnail size-thumbnail\" alt=\"\" \/><\/a><\/dt>\n\t\t\t\t\t\t<dd class='gallery-caption'>Kuva Roni Aydemir<\/dd>\n\t\t\t\t\t<\/dl>\n\t\t\t\t<\/div>\n\t\t\t\t<div class='gallery-row gallery-clear'>\n\t\t\t\t\t<dl class='gallery-item col-3'>\n\t\t\t\t\t\t<dt class='gallery-icon'><a title=\" Kuva Vesa M\u00e4kinen\" href='https:\/\/www.roihuvuori.fi\/hanami\/wp-content\/uploads\/2012\/04\/hanami_1_vesamakinen.jpg'><img loading=\"lazy\" decoding=\"async\" width=\"150\" height=\"150\" src=\"https:\/\/www.roihuvuori.fi\/hanami\/wp-content\/uploads\/2012\/04\/hanami_1_vesamakinen-150x150.jpg\" class=\"attachment-thumbnail size-thumbnail\" alt=\"\" \/><\/a><\/dt>\n\t\t\t\t\t\t<dd class='gallery-caption'> Kuva Vesa M\u00e4kinen<\/dd>\n\t\t\t\t\t<\/dl>\n\t\t\t\t\t<dl class='gallery-item col-3'>\n\t\t\t\t\t\t<dt class='gallery-icon'><a title=\"Kuva Otto-Ville Mikkel\u00e4 \" href='https:\/\/www.roihuvuori.fi\/hanami\/wp-content\/uploads\/2012\/04\/03_hanami_ottovillemikkela.jpg'><img loading=\"lazy\" decoding=\"async\" width=\"150\" height=\"150\" src=\"https:\/\/www.roihuvuori.fi\/hanami\/wp-content\/uploads\/2012\/04\/03_hanami_ottovillemikkela-150x150.jpg\" class=\"attachment-thumbnail size-thumbnail\" alt=\"\" \/><\/a><\/dt>\n\t\t\t\t\t\t<dd class='gallery-caption'>Kuva Otto-Ville Mikkel\u00e4 <\/dd>\n\t\t\t\t\t<\/dl>\n\t\t\t\t\t<dl class='gallery-item col-3'>\n\t\t\t\t\t\t<dt class='gallery-icon'><a title=\"Kuva Pirkko Heini\u00f6\" href='https:\/\/www.roihuvuori.fi\/hanami\/wp-content\/uploads\/2012\/04\/06_hanami_pirkkoheinio.jpg'><img loading=\"lazy\" decoding=\"async\" width=\"150\" height=\"150\" src=\"https:\/\/www.roihuvuori.fi\/hanami\/wp-content\/uploads\/2012\/04\/06_hanami_pirkkoheinio-150x150.jpg\" class=\"attachment-thumbnail size-thumbnail\" alt=\"\" \/><\/a><\/dt>\n\t\t\t\t\t\t<dd class='gallery-caption'>Kuva Pirkko Heini\u00f6<\/dd>\n\t\t\t\t\t<\/dl>\n\t\t\t\t<\/div>\n\t\t\t\t<div class='gallery-row gallery-clear'>\n\t\t\t\t\t<dl class='gallery-item col-3'>\n\t\t\t\t\t\t<dt class='gallery-icon'><a title=\" Kuva Vesa M\u00e4kinen\" href='https:\/\/www.roihuvuori.fi\/hanami\/wp-content\/uploads\/2012\/04\/hanami_4_vesamakinen.jpg'><img loading=\"lazy\" decoding=\"async\" width=\"150\" height=\"150\" src=\"https:\/\/www.roihuvuori.fi\/hanami\/wp-content\/uploads\/2012\/04\/hanami_4_vesamakinen-150x150.jpg\" class=\"attachment-thumbnail size-thumbnail\" alt=\"\" \/><\/a><\/dt>\n\t\t\t\t\t\t<dd class='gallery-caption'> Kuva Vesa M\u00e4kinen<\/dd>\n\t\t\t\t\t<\/dl>\n\t\t\t\t\t<dl class='gallery-item col-3'>\n\t\t\t\t\t\t<dt class='gallery-icon'><a title=\"  Kuva Vesa M\u00e4kinen\" href='https:\/\/www.roihuvuori.fi\/hanami\/wp-content\/uploads\/2012\/04\/hanami_2_vesamakinen.jpg'><img loading=\"lazy\" decoding=\"async\" width=\"150\" height=\"150\" src=\"https:\/\/www.roihuvuori.fi\/hanami\/wp-content\/uploads\/2012\/04\/hanami_2_vesamakinen-150x150.jpg\" class=\"attachment-thumbnail size-thumbnail\" alt=\"\" \/><\/a><\/dt>\n\t\t\t\t\t\t<dd class='gallery-caption'>  Kuva Vesa M\u00e4kinen<\/dd>\n\t\t\t\t\t<\/dl>\n\t\t\t\t\t<dl class='gallery-item col-3'>\n\t\t\t\t\t\t<dt class='gallery-icon'><a title=\"  Kuva Vesa M\u00e4kinen\" href='https:\/\/www.roihuvuori.fi\/hanami\/wp-content\/uploads\/2012\/04\/hanami_3_vesamakinen.jpg'><img loading=\"lazy\" decoding=\"async\" width=\"150\" height=\"150\" src=\"https:\/\/www.roihuvuori.fi\/hanami\/wp-content\/uploads\/2012\/04\/hanami_3_vesamakinen-150x150.jpg\" class=\"attachment-thumbnail size-thumbnail\" alt=\"\" \/><\/a><\/dt>\n\t\t\t\t\t\t<dd class='gallery-caption'>  Kuva Vesa M\u00e4kinen<\/dd>\n\t\t\t\t\t<\/dl>\n\t\t\t\t<\/div>\n\t\t\t\t<div class='gallery-row gallery-clear'>\n\t\t\t\t\t<dl class='gallery-item col-3'>\n\t\t\t\t\t\t<dt class='gallery-icon'><a title=\"Mirjan, Nooran ja Hennan  cosplayasut sarjasta Katekyo Hitman Reborn! Kuva Johanna Aydemir \" href='https:\/\/www.roihuvuori.fi\/hanami\/wp-content\/uploads\/2012\/04\/hanami_5_johannaaydemir.jpg'><img loading=\"lazy\" decoding=\"async\" width=\"150\" height=\"150\" src=\"https:\/\/www.roihuvuori.fi\/hanami\/wp-content\/uploads\/2012\/04\/hanami_5_johannaaydemir-150x150.jpg\" class=\"attachment-thumbnail size-thumbnail\" alt=\"\" \/><\/a><\/dt>\n\t\t\t\t\t\t<dd class='gallery-caption'>Mirjan, Nooran ja Hennan  cosplayasut sarjasta Katekyo Hitman Reborn! Kuva Johanna Aydemir <\/dd>\n\t\t\t\t\t<\/dl>\n\t\t\t\t\t<dl class='gallery-item col-3'>\n\t\t\t\t\t\t<dt class='gallery-icon'><a title=\"Kuva Otto-Ville Mikkel\u00e4\" href='https:\/\/www.roihuvuori.fi\/hanami\/wp-content\/uploads\/2012\/04\/08b_hanami_ottovillemikkela.jpg'><img loading=\"lazy\" decoding=\"async\" width=\"150\" height=\"150\" src=\"https:\/\/www.roihuvuori.fi\/hanami\/wp-content\/uploads\/2012\/04\/08b_hanami_ottovillemikkela-150x150.jpg\" class=\"attachment-thumbnail size-thumbnail\" alt=\"\" \/><\/a><\/dt>\n\t\t\t\t\t\t<dd class='gallery-caption'>Kuva Otto-Ville Mikkel\u00e4<\/dd>\n\t\t\t\t\t<\/dl>\n\t\t\t<\/div>\n\t\t\t<\/div><!-- .gallery -->\n<\/p>\n","protected":false},"excerpt":{"rendered":"<p>Vuoden 2010 hanami-juhlat j\u00e4rjestettiin lauantaina 22.5. klo 12-16 Roihuvuoren Kirsikkapuistossa. Ohjelmassa oli mm. parapara- ja buto-tanssiesityksi\u00e4, ikebanaa, haikurunoja, teetaidetta ja budo-esityksi\u00e4. Myynniss\u00e4 oli japanilaisia herkkuja.<\/p>\n","protected":false},"author":1,"featured_media":0,"parent":2717,"menu_order":0,"comment_status":"closed","ping_status":"closed","template":"","meta":{"footnotes":""},"class_list":["post-90","page","type-page","status-publish","hentry"],"_links":{"self":[{"href":"https:\/\/www.roihuvuori.fi\/hanami\/wp-json\/wp\/v2\/pages\/90","targetHints":{"allow":["GET"]}}],"collection":[{"href":"https:\/\/www.roihuvuori.fi\/hanami\/wp-json\/wp\/v2\/pages"}],"about":[{"href":"https:\/\/www.roihuvuori.fi\/hanami\/wp-json\/wp\/v2\/types\/page"}],"author":[{"embeddable":true,"href":"https:\/\/www.roihuvuori.fi\/hanami\/wp-json\/wp\/v2\/users\/1"}],"replies":[{"embeddable":true,"href":"https:\/\/www.roihuvuori.fi\/hanami\/wp-json\/wp\/v2\/comments?post=90"}],"version-history":[{"count":5,"href":"https:\/\/www.roihuvuori.fi\/hanami\/wp-json\/wp\/v2\/pages\/90\/revisions"}],"predecessor-version":[{"id":527,"href":"https:\/\/www.roihuvuori.fi\/hanami\/wp-json\/wp\/v2\/pages\/90\/revisions\/527"}],"up":[{"embeddable":true,"href":"https:\/\/www.roihuvuori.fi\/hanami\/wp-json\/wp\/v2\/pages\/2717"}],"wp:attachment":[{"href":"https:\/\/www.roihuvuori.fi\/hanami\/wp-json\/wp\/v2\/media?parent=90"}],"curies":[{"name":"wp","href":"https:\/\/api.w.org\/{rel}","templated":true}]}}