{"id":88,"date":"2012-04-16T14:51:28","date_gmt":"2012-04-16T14:51:28","guid":{"rendered":"http:\/\/roihuvuori.kapsi.fi\/hanami\/?page_id=88"},"modified":"2025-05-04T15:47:09","modified_gmt":"2025-05-04T13:47:09","slug":"hanami2009","status":"publish","type":"page","link":"https:\/\/www.roihuvuori.fi\/hanami\/hanamikuvia\/hanami2009\/","title":{"rendered":"Vuoden 2009 hanami-juhlat"},"content":{"rendered":"<p>Roihuvuoren Kirsikkapuiston toisia hanamijuhlia juhlittiin \u00e4itienp\u00e4iv\u00e4n\u00e4 10.5. aurinkoisissa merkeiss\u00e4. Arviolta kuutisensataa ihmist\u00e4 osallistui toiseen hanami-juhlaan Roihuvuoren Kirsikkapuistossa. M\u00e4\u00e4r\u00e4 oli kasvanut edellisest\u00e4 vuodesta. My\u00f6s Suomessa asuvien japanilaisten runsas osallistuminen ilahdutti. K\u00e4yt\u00f6ss\u00e4 olivat ensi kertaa my\u00f6s Roihuvuori-seuran uudet keltaiset teltat.<\/p>\n<p><a href=\"http:\/\/www.roihuvuori.fi\/hanami\/wp-content\/uploads\/2012\/04\/hanami-mainos.jpg\"><img loading=\"lazy\" decoding=\"async\" class=\"alignleft size-full wp-image-322\" title=\"hanami-mainos\" src=\"http:\/\/www.roihuvuori.fi\/hanami\/wp-content\/uploads\/2012\/04\/hanami-mainos.jpg\" alt=\"\" width=\"600\" height=\"427\" srcset=\"https:\/\/www.roihuvuori.fi\/hanami\/wp-content\/uploads\/2012\/04\/hanami-mainos.jpg 600w, https:\/\/www.roihuvuori.fi\/hanami\/wp-content\/uploads\/2012\/04\/hanami-mainos-300x213.jpg 300w\" sizes=\"auto, (max-width: 600px) 100vw, 600px\" \/><\/a><\/p>\n<h3><\/h3>\n<p>&nbsp;<\/p>\n<p>&nbsp;<\/p>\n<p>&nbsp;<br \/>\n\n\t\t\t<div id='gallery-88-1' class='gallery gallery-88'>\n\t\t\t\t<div class='gallery-row gallery-clear'>\n\t\t\t\t\t<dl class='gallery-item col-3'>\n\t\t\t\t\t\t<dt class='gallery-icon'><a title=\"\" href='https:\/\/www.roihuvuori.fi\/hanami\/wp-content\/uploads\/2012\/04\/hanami-mainos.jpg'><img loading=\"lazy\" decoding=\"async\" width=\"150\" height=\"150\" src=\"https:\/\/www.roihuvuori.fi\/hanami\/wp-content\/uploads\/2012\/04\/hanami-mainos-150x150.jpg\" class=\"attachment-thumbnail size-thumbnail\" alt=\"\" \/><\/a><\/dt>\n\t\t\t\t\t<\/dl>\n\t\t\t\t\t<dl class='gallery-item col-3'>\n\t\t\t\t\t\t<dt class='gallery-icon'><a title=\"Kuva: Otto-Ville Mikkel\u00e4\" href='https:\/\/www.roihuvuori.fi\/hanami\/wp-content\/uploads\/2012\/04\/2009Laaja.jpg'><img loading=\"lazy\" decoding=\"async\" width=\"150\" height=\"150\" src=\"https:\/\/www.roihuvuori.fi\/hanami\/wp-content\/uploads\/2012\/04\/2009Laaja-150x150.jpg\" class=\"attachment-thumbnail size-thumbnail\" alt=\"\" \/><\/a><\/dt>\n\t\t\t\t\t\t<dd class='gallery-caption'>Kuva: Otto-Ville Mikkel\u00e4<\/dd>\n\t\t\t\t\t<\/dl>\n\t\t\t\t\t<dl class='gallery-item col-3'>\n\t\t\t\t\t\t<dt class='gallery-icon'><a title=\"Kuva Otto-Ville Mikkel\u00e4\" href='https:\/\/www.roihuvuori.fi\/hanami\/wp-content\/uploads\/2012\/04\/parapara.jpg'><img loading=\"lazy\" decoding=\"async\" width=\"150\" height=\"150\" src=\"https:\/\/www.roihuvuori.fi\/hanami\/wp-content\/uploads\/2012\/04\/parapara-150x150.jpg\" class=\"attachment-thumbnail size-thumbnail\" alt=\"\" \/><\/a><\/dt>\n\t\t\t\t\t\t<dd class='gallery-caption'>Kuva Otto-Ville Mikkel\u00e4<\/dd>\n\t\t\t\t\t<\/dl>\n\t\t\t\t<\/div>\n\t\t\t\t<div class='gallery-row gallery-clear'>\n\t\t\t\t\t<dl class='gallery-item col-3'>\n\t\t\t\t\t\t<dt class='gallery-icon'><a title=\"\" href='https:\/\/www.roihuvuori.fi\/hanami\/wp-content\/uploads\/2012\/04\/ikebana.jpg'><img loading=\"lazy\" decoding=\"async\" width=\"150\" height=\"150\" src=\"https:\/\/www.roihuvuori.fi\/hanami\/wp-content\/uploads\/2012\/04\/ikebana-150x150.jpg\" class=\"attachment-thumbnail size-thumbnail\" alt=\"\" \/><\/a><\/dt>\n\t\t\t\t\t<\/dl>\n\t\t\t\t\t<dl class='gallery-item col-3'>\n\t\t\t\t\t\t<dt class='gallery-icon'><a title=\"\" href='https:\/\/www.roihuvuori.fi\/hanami\/wp-content\/uploads\/2012\/04\/00001.jpg'><img loading=\"lazy\" decoding=\"async\" width=\"150\" height=\"150\" src=\"https:\/\/www.roihuvuori.fi\/hanami\/wp-content\/uploads\/2012\/04\/00001-150x150.jpg\" class=\"attachment-thumbnail size-thumbnail\" alt=\"\" \/><\/a><\/dt>\n\t\t\t\t\t<\/dl>\n\t\t\t\t\t<dl class='gallery-item col-3'>\n\t\t\t\t\t\t<dt class='gallery-icon'><a title=\" Kuva: Vesa M\u00e4kinen\" href='https:\/\/www.roihuvuori.fi\/hanami\/wp-content\/uploads\/2012\/04\/hanami_vesa_makinen.jpg'><img loading=\"lazy\" decoding=\"async\" width=\"150\" height=\"150\" src=\"https:\/\/www.roihuvuori.fi\/hanami\/wp-content\/uploads\/2012\/04\/hanami_vesa_makinen-150x150.jpg\" class=\"attachment-thumbnail size-thumbnail\" alt=\"\" \/><\/a><\/dt>\n\t\t\t\t\t\t<dd class='gallery-caption'> Kuva: Vesa M\u00e4kinen<\/dd>\n\t\t\t\t\t<\/dl>\n\t\t\t\t<\/div>\n\t\t\t\t<div class='gallery-row gallery-clear'>\n\t\t\t\t\t<dl class='gallery-item col-3'>\n\t\t\t\t\t\t<dt class='gallery-icon'><a title=\"\" href='https:\/\/www.roihuvuori.fi\/hanami\/wp-content\/uploads\/2012\/04\/yhdistykset.jpg'><img loading=\"lazy\" decoding=\"async\" width=\"150\" height=\"150\" src=\"https:\/\/www.roihuvuori.fi\/hanami\/wp-content\/uploads\/2012\/04\/yhdistykset-150x150.jpg\" class=\"attachment-thumbnail size-thumbnail\" alt=\"\" \/><\/a><\/dt>\n\t\t\t\t\t<\/dl>\n\t\t\t<\/div>\n\t\t\t<\/div><!-- .gallery -->\n<\/p>\n","protected":false},"excerpt":{"rendered":"<p>Roihuvuoren Kirsikkapuiston toisia hanamijuhlia juhlittiin \u00e4itienp\u00e4iv\u00e4n\u00e4 10.5. aurinkoisissa merkeiss\u00e4. Arviolta kuutisensataa ihmist\u00e4 osallistui toiseen hanami-juhlaan Roihuvuoren Kirsikkapuistossa. M\u00e4\u00e4r\u00e4 oli kasvanut edellisest\u00e4 vuodesta. My\u00f6s Suomessa asuvien japanilaisten runsas osallistuminen ilahdutti. K\u00e4yt\u00f6ss\u00e4 olivat ensi kertaa my\u00f6s Roihuvuori-seuran uudet keltaiset teltat. &nbsp; &nbsp;&#8230;<\/p>\n","protected":false},"author":1,"featured_media":0,"parent":2717,"menu_order":0,"comment_status":"closed","ping_status":"closed","template":"","meta":{"footnotes":""},"class_list":["post-88","page","type-page","status-publish","hentry"],"_links":{"self":[{"href":"https:\/\/www.roihuvuori.fi\/hanami\/wp-json\/wp\/v2\/pages\/88","targetHints":{"allow":["GET"]}}],"collection":[{"href":"https:\/\/www.roihuvuori.fi\/hanami\/wp-json\/wp\/v2\/pages"}],"about":[{"href":"https:\/\/www.roihuvuori.fi\/hanami\/wp-json\/wp\/v2\/types\/page"}],"author":[{"embeddable":true,"href":"https:\/\/www.roihuvuori.fi\/hanami\/wp-json\/wp\/v2\/users\/1"}],"replies":[{"embeddable":true,"href":"https:\/\/www.roihuvuori.fi\/hanami\/wp-json\/wp\/v2\/comments?post=88"}],"version-history":[{"count":5,"href":"https:\/\/www.roihuvuori.fi\/hanami\/wp-json\/wp\/v2\/pages\/88\/revisions"}],"predecessor-version":[{"id":321,"href":"https:\/\/www.roihuvuori.fi\/hanami\/wp-json\/wp\/v2\/pages\/88\/revisions\/321"}],"up":[{"embeddable":true,"href":"https:\/\/www.roihuvuori.fi\/hanami\/wp-json\/wp\/v2\/pages\/2717"}],"wp:attachment":[{"href":"https:\/\/www.roihuvuori.fi\/hanami\/wp-json\/wp\/v2\/media?parent=88"}],"curies":[{"name":"wp","href":"https:\/\/api.w.org\/{rel}","templated":true}]}}