{"id":494,"date":"2012-05-06T09:20:02","date_gmt":"2012-05-06T09:20:02","guid":{"rendered":"http:\/\/roihuvuori.kapsi.fi\/hanami\/?page_id=494"},"modified":"2025-05-04T16:25:36","modified_gmt":"2025-05-04T14:25:36","slug":"pukukilpailu","status":"publish","type":"page","link":"https:\/\/www.roihuvuori.fi\/hanami\/artikkelit\/pukukilpailu\/","title":{"rendered":"Pukukilpailu"},"content":{"rendered":"<h3>Osallistu hanamin pukukilpailuun<br \/>\n\u685c\u796d\u308a\u8863\u88c5\u30b3\u30f3\u30c6\u30b9\u30c8\u306b\u53c2\u52a0\u3057\u3066\u304f\u3060\u3055\u3044<\/h3>\n<div id=\"attachment_355\" style=\"width: 310px\" class=\"wp-caption alignright\"><a href=\"http:\/\/www.roihuvuori.fi\/hanami\/wp-content\/uploads\/2012\/04\/img_9509.jpg\"><img loading=\"lazy\" decoding=\"async\" aria-describedby=\"caption-attachment-355\" class=\"size-medium wp-image-355 \" title=\"Kuva: Reza Jafari \" src=\"http:\/\/www.roihuvuori.fi\/hanami\/wp-content\/uploads\/2012\/04\/img_9509-300x200.jpg\" alt=\"\" width=\"300\" height=\"200\" srcset=\"https:\/\/www.roihuvuori.fi\/hanami\/wp-content\/uploads\/2012\/04\/img_9509-300x200.jpg 300w, https:\/\/www.roihuvuori.fi\/hanami\/wp-content\/uploads\/2012\/04\/img_9509.jpg 550w\" sizes=\"auto, (max-width: 300px) 100vw, 300px\" \/><\/a><p id=\"caption-attachment-355\" class=\"wp-caption-text\">Kuva: Reza Jafari<\/p><\/div>\n<p>Vuosittain hanamissa kiertelee \u201dpukuagentteja\u201d etsim\u00e4ss\u00e4 osallistujia pukukilpailuun. Kannattaa siis tulla paikalle ja panostaa pukeutumiseen toden teolla. Osallistujilla voi olla perinteinen japanilaistyylinen asu, katumuotivaatetusta (lolitat, gyarut, decorat, gangurot), cosplay asu, kigurumi tai jotain muuta erikoista. Agentit selitt\u00e4v\u00e4t osallistujille kilpailun kulun ja antavat heille kilpailunumeron. Kilpailuun valitut pukeutuja esitt\u00e4ytyv\u00e4t hanamin ohjelmalavalla ohjelmassa ilmoitettuna aikana. Jokainen osallistuja voi halutessaan esitell\u00e4 itsens\u00e4 ja kertoa jotain asustaan sek\u00e4 poseerata hetken ajan kuvattavana.<\/p>\n<h3>Palkinnot ja kunniamaininnat<\/h3>\n<p>Kilpailussa valitaan viisi kunniamaininnan saajaa. He kaikki saavat ainutlaatuisen kunniakirjan sek\u00e4 tuotepalkinnon.<br \/>\n1. S\u00f6p\u00f6in asu\/ Kawairasii ishou \/\u53ef\u611b\u3044\u3089\u3057\u3044\u8863\u88c5<br \/>\n2. Erikoisin asu\/ Dokusoutekina ishou\/ \u72ec\u5275\u7684\u306a\u8863\u88c5<br \/>\n3. Coolein asu\/ Kakkoii ishou\/\u30ab\u30c3\u30b3\u3044\u3044\u8863\u88c5<br \/>\n4. Yksityiskohtaisin asu\/ Saibumade hairyosareta ishou \/ \u7d30\u90e8\u307e\u3067\u914d\u616e\u3055\u308c\u305f\u8863\u88c5<br \/>\n5. Harmoninen kokonaisuus\/ Sougoutekini chouwanotoreta ishou \/\u7dcf\u5408\u7684\u306b\u8abf\u548c\u306e\u3068\u308c\u305f\u8863\u88c5<\/p>\n<p>Palkintokategoriat voivat hieman vaihdella vuosittain<\/p>\n<div id=\"attachment_305\" style=\"width: 310px\" class=\"wp-caption alignleft\"><a href=\"http:\/\/www.roihuvuori.fi\/hanami\/wp-content\/uploads\/2012\/05\/ElinaPerttula1.jpg\"><img loading=\"lazy\" decoding=\"async\" aria-describedby=\"caption-attachment-305\" class=\"size-medium wp-image-305 \" title=\"Vuoden 2012 pukukilpailun kilpailijoita. Kuva Elina Perttula\" src=\"http:\/\/www.roihuvuori.fi\/hanami\/wp-content\/uploads\/2012\/05\/ElinaPerttula1.jpg\" alt=\"\" width=\"300\" height=\"225\" \/><\/a><p id=\"caption-attachment-305\" class=\"wp-caption-text\">Vuoden 2012 pukukilpailijoita. Kuva: Elina Perttula<\/p><\/div>\n<p>Kaikki agenttien bongaamat pukeutujat saavat japanilaista makeaa kiitokseksi osallistumisesta.<\/p>\n","protected":false},"excerpt":{"rendered":"<p>Osallistu hanamin pukukilpailuun \u685c\u796d\u308a\u8863\u88c5\u30b3\u30f3\u30c6\u30b9\u30c8\u306b\u53c2\u52a0\u3057\u3066\u304f\u3060\u3055\u3044 Vuosittain hanamissa kiertelee \u201dpukuagentteja\u201d etsim\u00e4ss\u00e4 osallistujia pukukilpailuun. Kannattaa siis tulla paikalle ja panostaa pukeutumiseen toden teolla. Osallistujilla voi olla perinteinen japanilaistyylinen asu, katumuotivaatetusta (lolitat, gyarut, decorat, gangurot), cosplay asu, kigurumi tai jotain muuta erikoista. Agentit selitt\u00e4v\u00e4t&#8230;<\/p>\n","protected":false},"author":1,"featured_media":0,"parent":1141,"menu_order":0,"comment_status":"closed","ping_status":"closed","template":"","meta":{"_acf_changed":false,"footnotes":""},"class_list":["post-494","page","type-page","status-publish","hentry"],"acf":[],"_links":{"self":[{"href":"https:\/\/www.roihuvuori.fi\/hanami\/wp-json\/wp\/v2\/pages\/494","targetHints":{"allow":["GET"]}}],"collection":[{"href":"https:\/\/www.roihuvuori.fi\/hanami\/wp-json\/wp\/v2\/pages"}],"about":[{"href":"https:\/\/www.roihuvuori.fi\/hanami\/wp-json\/wp\/v2\/types\/page"}],"author":[{"embeddable":true,"href":"https:\/\/www.roihuvuori.fi\/hanami\/wp-json\/wp\/v2\/users\/1"}],"replies":[{"embeddable":true,"href":"https:\/\/www.roihuvuori.fi\/hanami\/wp-json\/wp\/v2\/comments?post=494"}],"version-history":[{"count":5,"href":"https:\/\/www.roihuvuori.fi\/hanami\/wp-json\/wp\/v2\/pages\/494\/revisions"}],"predecessor-version":[{"id":5421,"href":"https:\/\/www.roihuvuori.fi\/hanami\/wp-json\/wp\/v2\/pages\/494\/revisions\/5421"}],"up":[{"embeddable":true,"href":"https:\/\/www.roihuvuori.fi\/hanami\/wp-json\/wp\/v2\/pages\/1141"}],"wp:attachment":[{"href":"https:\/\/www.roihuvuori.fi\/hanami\/wp-json\/wp\/v2\/media?parent=494"}],"curies":[{"name":"wp","href":"https:\/\/api.w.org\/{rel}","templated":true}]}}