{"id":34,"date":"2012-04-15T10:26:36","date_gmt":"2012-04-15T08:26:36","guid":{"rendered":"http:\/\/roihuvuori.kapsi.fi\/hanami\/?page_id=34"},"modified":"2024-04-14T17:47:06","modified_gmt":"2024-04-14T15:47:06","slug":"kirsikankukinta-2009","status":"publish","type":"page","link":"https:\/\/www.roihuvuori.fi\/hanami\/kirsikankukinta\/kirsikankukinta-2009\/","title":{"rendered":"Kirsikankukinta 2009"},"content":{"rendered":"<p>Vuoden 2009 kirsikankukinnan kuvasi Otto-Ville Mikkel\u00e4<\/p>\n<p>Kukinta alkoi 11.5. ja p\u00e4\u00e4ttyi 25.5.<\/p>\n\n\t\t\t<div id='gallery-34-1' class='gallery gallery-34'>\n\t\t\t\t<div class='gallery-row gallery-clear'>\n\t\t\t\t\t<dl class='gallery-item col-3'>\n\t\t\t\t\t\t<dt class='gallery-icon'><a title=\"Silmut Japanilaistyylisess\u00e4 puutarhassa 30.4.2009\" href='https:\/\/www.roihuvuori.fi\/hanami\/wp-content\/uploads\/2012\/04\/tulevat_kirsikankukat_i.jpg'><img loading=\"lazy\" decoding=\"async\" width=\"150\" height=\"150\" src=\"https:\/\/www.roihuvuori.fi\/hanami\/wp-content\/uploads\/2012\/04\/tulevat_kirsikankukat_i-150x150.jpg\" class=\"attachment-thumbnail size-thumbnail\" alt=\"\" \/><\/a><\/dt>\n\t\t\t\t\t\t<dd class='gallery-caption'>Silmut Japanilaistyylisess\u00e4 puutarhassa 30.4.2009<\/dd>\n\t\t\t\t\t<\/dl>\n\t\t\t\t\t<dl class='gallery-item col-3'>\n\t\t\t\t\t\t<dt class='gallery-icon'><a title=\"Japanilaistyylisen puutarhan silmuja 3.5.2009. Kahdeksan p\u00e4iv\u00e4\u00e4 my\u00f6hemmin alkaa kukinta. \" href='https:\/\/www.roihuvuori.fi\/hanami\/wp-content\/uploads\/2012\/04\/tulevat_kirsikankuka_ii.jpg'><img loading=\"lazy\" decoding=\"async\" width=\"150\" height=\"150\" src=\"https:\/\/www.roihuvuori.fi\/hanami\/wp-content\/uploads\/2012\/04\/tulevat_kirsikankuka_ii-150x150.jpg\" class=\"attachment-thumbnail size-thumbnail\" alt=\"\" \/><\/a><\/dt>\n\t\t\t\t\t\t<dd class='gallery-caption'>Japanilaistyylisen puutarhan silmuja 3.5.2009. Kahdeksan p\u00e4iv\u00e4\u00e4 my\u00f6hemmin alkaa kukinta. <\/dd>\n\t\t\t\t\t<\/dl>\n\t\t\t\t\t<dl class='gallery-item col-3'>\n\t\t\t\t\t\t<dt class='gallery-icon'><a title=\"Aukeavia kukintoja 11.5. Kaikki Roihuvuoren istutetut kirsikkapuut ovat t\u00e4h\u00e4n menness\u00e4 lajiltaan rusokirsikoita, eli Prunus sargentii- lajiketta. Tavoitteena on ett\u00e4 my\u00f6hemmin istutettaisiin my\u00f6s muita kirsikkalajikkeita.\" href='https:\/\/www.roihuvuori.fi\/hanami\/wp-content\/uploads\/2012\/04\/silmut_aukeavat.jpg'><img loading=\"lazy\" decoding=\"async\" width=\"150\" height=\"150\" src=\"https:\/\/www.roihuvuori.fi\/hanami\/wp-content\/uploads\/2012\/04\/silmut_aukeavat-150x150.jpg\" class=\"attachment-thumbnail size-thumbnail\" alt=\"\" \/><\/a><\/dt>\n\t\t\t\t\t\t<dd class='gallery-caption'>Aukeavia kukintoja 11.5. Kaikki Roihuvuoren istutetut kirsikkapuut ovat t\u00e4h\u00e4n menness\u00e4 lajiltaan rusokirsikoita, eli Prunus sargentii- lajiketta. Tavoitteena on ett\u00e4 my\u00f6hemmin istutettaisiin my\u00f6s muita kirsikkalajikkeita.<\/dd>\n\t\t\t\t\t<\/dl>\n\t\t\t\t<\/div>\n\t\t\t\t<div class='gallery-row gallery-clear'>\n\t\t\t\t\t<dl class='gallery-item col-3'>\n\t\t\t\t\t\t<dt class='gallery-icon'><a title=\"Roihuvuoren kolme ensimm\u00e4ist\u00e4 kirsikankukkaa 11.5.09.  Ensim\u00e4iset kukat olivat n\u00e4ht\u00e4vill\u00e4 yhdess\u00e4 Roihuvuorentien viereisess\u00e4 puussa. Kukat olivat jo aukeamassa edellisen\u00e4 p\u00e4iv\u00e4n\u00e4 kun Roihuvuoressa vietettiin kirsikankukankatselujuhlaa eli hanamia. Hanami on japanilaisten vuoden t\u00e4rkein juhla.\" href='https:\/\/www.roihuvuori.fi\/hanami\/wp-content\/uploads\/2012\/04\/ensimmainen_kirsikka_2009.jpg'><img loading=\"lazy\" decoding=\"async\" width=\"150\" height=\"150\" src=\"https:\/\/www.roihuvuori.fi\/hanami\/wp-content\/uploads\/2012\/04\/ensimmainen_kirsikka_2009-150x150.jpg\" class=\"attachment-thumbnail size-thumbnail\" alt=\"\" \/><\/a><\/dt>\n\t\t\t\t\t\t<dd class='gallery-caption'>Roihuvuoren kolme ensimm\u00e4ist\u00e4 kirsikankukkaa 11.5.09.  Ensim\u00e4iset kukat olivat n\u00e4ht\u00e4vill\u00e4 yhdess\u00e4 Roihuvuorentien viereisess\u00e4 puussa. Kukat olivat jo aukeamassa edellisen\u00e4 p\u00e4iv\u00e4n\u00e4 kun Roihuvuoressa vietettiin kirsikankukankatselujuhlaa eli hanamia. Hanami on japanilaisten vuoden t\u00e4rkein juhla.<\/dd>\n\t\t\t\t\t<\/dl>\n\t\t\t\t\t<dl class='gallery-item col-3'>\n\t\t\t\t\t\t<dt class='gallery-icon'><a title=\"Kukintaa japanilaistyylisess\u00e4 puutarhassa 14.5. Japanilaistyylisess\u00e4 puutarhassa on noin 40 kirsikkapuuta.\" href='https:\/\/www.roihuvuori.fi\/hanami\/wp-content\/uploads\/2012\/04\/japanilaistyylinen_iii.jpg'><img loading=\"lazy\" decoding=\"async\" width=\"150\" height=\"150\" src=\"https:\/\/www.roihuvuori.fi\/hanami\/wp-content\/uploads\/2012\/04\/japanilaistyylinen_iii-150x150.jpg\" class=\"attachment-thumbnail size-thumbnail\" alt=\"\" \/><\/a><\/dt>\n\t\t\t\t\t\t<dd class='gallery-caption'>Kukintaa japanilaistyylisess\u00e4 puutarhassa 14.5. Japanilaistyylisess\u00e4 puutarhassa on noin 40 kirsikkapuuta.<\/dd>\n\t\t\t\t\t<\/dl>\n\t\t\t\t\t<dl class='gallery-item col-3'>\n\t\t\t\t\t\t<dt class='gallery-icon'><a title=\"Kukintaa japanilaistyylisess\u00e4 14.5. Viel\u00e4 on avautumattomia kukkia. \" href='https:\/\/www.roihuvuori.fi\/hanami\/wp-content\/uploads\/2012\/04\/kukintaa_i.jpg'><img loading=\"lazy\" decoding=\"async\" width=\"150\" height=\"150\" src=\"https:\/\/www.roihuvuori.fi\/hanami\/wp-content\/uploads\/2012\/04\/kukintaa_i-150x150.jpg\" class=\"attachment-thumbnail size-thumbnail\" alt=\"\" \/><\/a><\/dt>\n\t\t\t\t\t\t<dd class='gallery-caption'>Kukintaa japanilaistyylisess\u00e4 14.5. Viel\u00e4 on avautumattomia kukkia. <\/dd>\n\t\t\t\t\t<\/dl>\n\t\t\t\t<\/div>\n\t\t\t\t<div class='gallery-row gallery-clear'>\n\t\t\t\t\t<dl class='gallery-item col-3'>\n\t\t\t\t\t\t<dt class='gallery-icon'><a title=\"Kirsikankukkia Kirsikkapuistossa 16.5.09. \" href='https:\/\/www.roihuvuori.fi\/hanami\/wp-content\/uploads\/2012\/04\/kirsikankukat.jpg'><img loading=\"lazy\" decoding=\"async\" width=\"150\" height=\"150\" src=\"https:\/\/www.roihuvuori.fi\/hanami\/wp-content\/uploads\/2012\/04\/kirsikankukat-150x150.jpg\" class=\"attachment-thumbnail size-thumbnail\" alt=\"\" \/><\/a><\/dt>\n\t\t\t\t\t\t<dd class='gallery-caption'>Kirsikankukkia Kirsikkapuistossa 16.5.09. <\/dd>\n\t\t\t\t\t<\/dl>\n\t\t\t\t\t<dl class='gallery-item col-3'>\n\t\t\t\t\t\t<dt class='gallery-icon'><a title=\"Kirsikankukintaa Kirsikkapuistossa 16.5.09. Kirsikkapuistoon on istutettu t\u00e4h\u00e4n menness\u00e4 119 kirsikkapuuta. M\u00e4\u00e4r\u00e4 kasvaa 150:een vuoden loppuun menness\u00e4.\" href='https:\/\/www.roihuvuori.fi\/hanami\/wp-content\/uploads\/2012\/04\/kirsikkapuisto_ii.jpg'><img loading=\"lazy\" decoding=\"async\" width=\"150\" height=\"150\" src=\"https:\/\/www.roihuvuori.fi\/hanami\/wp-content\/uploads\/2012\/04\/kirsikkapuisto_ii-150x150.jpg\" class=\"attachment-thumbnail size-thumbnail\" alt=\"\" \/><\/a><\/dt>\n\t\t\t\t\t\t<dd class='gallery-caption'>Kirsikankukintaa Kirsikkapuistossa 16.5.09. Kirsikkapuistoon on istutettu t\u00e4h\u00e4n menness\u00e4 119 kirsikkapuuta. M\u00e4\u00e4r\u00e4 kasvaa 150:een vuoden loppuun menness\u00e4.<\/dd>\n\t\t\t\t\t<\/dl>\n\t\t\t\t\t<dl class='gallery-item col-3'>\n\t\t\t\t\t\t<dt class='gallery-icon'><a title=\"Kirsikankukintaa Kirsikkapuistossa II 16.5.09. Kirsikkapuiston kirsikkapuut ovat Suomessa asuvien japanilaisten ja Suomessa  toimivien japanilaisten yritysten lahjoittamia. Puisto syntyi Norio Tomidan aloitteesta.\" href='https:\/\/www.roihuvuori.fi\/hanami\/wp-content\/uploads\/2012\/04\/kirsikkapuisto_iii.jpg'><img loading=\"lazy\" decoding=\"async\" width=\"150\" height=\"150\" src=\"https:\/\/www.roihuvuori.fi\/hanami\/wp-content\/uploads\/2012\/04\/kirsikkapuisto_iii-150x150.jpg\" class=\"attachment-thumbnail size-thumbnail\" alt=\"\" \/><\/a><\/dt>\n\t\t\t\t\t\t<dd class='gallery-caption'>Kirsikankukintaa Kirsikkapuistossa II 16.5.09. Kirsikkapuiston kirsikkapuut ovat Suomessa asuvien japanilaisten ja Suomessa  toimivien japanilaisten yritysten lahjoittamia. Puisto syntyi Norio Tomidan aloitteesta.<\/dd>\n\t\t\t\t\t<\/dl>\n\t\t\t\t<\/div>\n\t\t\t\t<div class='gallery-row gallery-clear'>\n\t\t\t\t\t<dl class='gallery-item col-3'>\n\t\t\t\t\t\t<dt class='gallery-icon'><a title=\"Kirsikankukintaa Kirsikkapuistossa III 16.5.09.\" href='https:\/\/www.roihuvuori.fi\/hanami\/wp-content\/uploads\/2012\/04\/kirsikkapuisto_i.jpg'><img loading=\"lazy\" decoding=\"async\" width=\"150\" height=\"150\" src=\"https:\/\/www.roihuvuori.fi\/hanami\/wp-content\/uploads\/2012\/04\/kirsikkapuisto_i-150x150.jpg\" class=\"attachment-thumbnail size-thumbnail\" alt=\"\" \/><\/a><\/dt>\n\t\t\t\t\t\t<dd class='gallery-caption'>Kirsikankukintaa Kirsikkapuistossa III 16.5.09.<\/dd>\n\t\t\t\t\t<\/dl>\n\t\t\t\t\t<dl class='gallery-item col-3'>\n\t\t\t\t\t\t<dt class='gallery-icon'><a title=\"Kirsikankukintaa Roihuvuoren japanilaistyylisess\u00e4 puutarhassa 16.5.09\" href='https:\/\/www.roihuvuori.fi\/hanami\/wp-content\/uploads\/2012\/04\/japanilaistyylinen_puutarha.jpg'><img loading=\"lazy\" decoding=\"async\" width=\"150\" height=\"150\" src=\"https:\/\/www.roihuvuori.fi\/hanami\/wp-content\/uploads\/2012\/04\/japanilaistyylinen_puutarha-150x150.jpg\" class=\"attachment-thumbnail size-thumbnail\" alt=\"\" \/><\/a><\/dt>\n\t\t\t\t\t\t<dd class='gallery-caption'>Kirsikankukintaa Roihuvuoren japanilaistyylisess\u00e4 puutarhassa 16.5.09<\/dd>\n\t\t\t\t\t<\/dl>\n\t\t\t\t\t<dl class='gallery-item col-3'>\n\t\t\t\t\t\t<dt class='gallery-icon'><a title=\" Ihmisi\u00e4 Japanilaistyylisess\u00e4 puutarhassa &quot;viett\u00e4m\u00e4ss\u00e4&quot; hanamia 17.5.\" href='https:\/\/www.roihuvuori.fi\/hanami\/wp-content\/uploads\/2012\/04\/ihmisi_japanilaisessa.jpg'><img loading=\"lazy\" decoding=\"async\" width=\"150\" height=\"150\" src=\"https:\/\/www.roihuvuori.fi\/hanami\/wp-content\/uploads\/2012\/04\/ihmisi_japanilaisessa-150x150.jpg\" class=\"attachment-thumbnail size-thumbnail\" alt=\"\" \/><\/a><\/dt>\n\t\t\t\t\t\t<dd class='gallery-caption'> Ihmisi\u00e4 Japanilaistyylisess\u00e4 puutarhassa &quot;viett\u00e4m\u00e4ss\u00e4&quot; hanamia 17.5.<\/dd>\n\t\t\t\t\t<\/dl>\n\t\t\t\t<\/div>\n\t\t\t\t<div class='gallery-row gallery-clear'>\n\t\t\t\t\t<dl class='gallery-item col-3'>\n\t\t\t\t\t\t<dt class='gallery-icon'><a title=\"Leikkipuisto Tuhkimon yksin\u00e4nen kirsikkapuu 17.5. Leikkipuisto Tuhkimo sijaitsee Japanilaistyylisen puutarhan ja Kirsikkapuiston v\u00e4liss\u00e4. Syksyll\u00e4 2008 leikkipuiston toiminta jouduttiin homevaurioiden takia siirt\u00e4m\u00e4\u00e4n muualle. Roihuvuori-seura on esitt\u00e4nyt, ett\u00e4 kun Leikkipuisto rakennetaan uudellee se toteutettaisiin japanilaistyylisesti.\" href='https:\/\/www.roihuvuori.fi\/hanami\/wp-content\/uploads\/2012\/04\/leikkipuisto_tuhkimon_kirsikkapuu.jpg'><img loading=\"lazy\" decoding=\"async\" width=\"150\" height=\"150\" src=\"https:\/\/www.roihuvuori.fi\/hanami\/wp-content\/uploads\/2012\/04\/leikkipuisto_tuhkimon_kirsikkapuu-150x150.jpg\" class=\"attachment-thumbnail size-thumbnail\" alt=\"\" \/><\/a><\/dt>\n\t\t\t\t\t\t<dd class='gallery-caption'>Leikkipuisto Tuhkimon yksin\u00e4nen kirsikkapuu 17.5. Leikkipuisto Tuhkimo sijaitsee Japanilaistyylisen puutarhan ja Kirsikkapuiston v\u00e4liss\u00e4. Syksyll\u00e4 2008 leikkipuiston toiminta jouduttiin homevaurioiden takia siirt\u00e4m\u00e4\u00e4n muualle. Roihuvuori-seura on esitt\u00e4nyt, ett\u00e4 kun Leikkipuisto rakennetaan uudellee se toteutettaisiin japanilaistyylisesti.<\/dd>\n\t\t\t\t\t<\/dl>\n\t\t\t\t\t<dl class='gallery-item col-3'>\n\t\t\t\t\t\t<dt class='gallery-icon'><a title=\" 17.5.\" href='https:\/\/www.roihuvuori.fi\/hanami\/wp-content\/uploads\/2012\/04\/kirsikankukkia_3.jpg'><img loading=\"lazy\" decoding=\"async\" width=\"150\" height=\"150\" src=\"https:\/\/www.roihuvuori.fi\/hanami\/wp-content\/uploads\/2012\/04\/kirsikankukkia_3-150x150.jpg\" class=\"attachment-thumbnail size-thumbnail\" alt=\"\" \/><\/a><\/dt>\n\t\t\t\t\t\t<dd class='gallery-caption'> 17.5.<\/dd>\n\t\t\t\t\t<\/dl>\n\t\t\t\t\t<dl class='gallery-item col-3'>\n\t\t\t\t\t\t<dt class='gallery-icon'><a title=\"Kirsikankukat 17.5.\" href='https:\/\/www.roihuvuori.fi\/hanami\/wp-content\/uploads\/2012\/04\/kirsikankukkia_2.jpg'><img loading=\"lazy\" decoding=\"async\" width=\"150\" height=\"150\" src=\"https:\/\/www.roihuvuori.fi\/hanami\/wp-content\/uploads\/2012\/04\/kirsikankukkia_2-150x150.jpg\" class=\"attachment-thumbnail size-thumbnail\" alt=\"\" \/><\/a><\/dt>\n\t\t\t\t\t\t<dd class='gallery-caption'>Kirsikankukat 17.5.<\/dd>\n\t\t\t\t\t<\/dl>\n\t\t\t\t<\/div>\n\t\t\t\t<div class='gallery-row gallery-clear'>\n\t\t\t\t\t<dl class='gallery-item col-3'>\n\t\t\t\t\t\t<dt class='gallery-icon'><a title=\"Toukokuussa istutettu jo kukkinut kirsikkapuu Kirsikkapuistossa 17.5. \" href='https:\/\/www.roihuvuori.fi\/hanami\/wp-content\/uploads\/2012\/04\/kirsikkapuiston_uusi_puu.jpg'><img loading=\"lazy\" decoding=\"async\" width=\"150\" height=\"150\" src=\"https:\/\/www.roihuvuori.fi\/hanami\/wp-content\/uploads\/2012\/04\/kirsikkapuiston_uusi_puu-150x150.jpg\" class=\"attachment-thumbnail size-thumbnail\" alt=\"\" \/><\/a><\/dt>\n\t\t\t\t\t\t<dd class='gallery-caption'>Toukokuussa istutettu jo kukkinut kirsikkapuu Kirsikkapuistossa 17.5. <\/dd>\n\t\t\t\t\t<\/dl>\n\t\t\t\t\t<dl class='gallery-item col-3'>\n\t\t\t\t\t\t<dt class='gallery-icon'><a title=\"Japanilaistyylisen puutarhan kirsikkapuut sijaitsevat Pienen sinisen lohik\u00e4\u00e4rmeen puutarhassa. Kaikkiaan puutarhassa on nelj\u00e4 erillist\u00e4 nimetty\u00e4 osaa. 18.5.\" href='https:\/\/www.roihuvuori.fi\/hanami\/wp-content\/uploads\/2012\/04\/sinisen_lohikrmeen_puutarha.jpg'><img loading=\"lazy\" decoding=\"async\" width=\"150\" height=\"150\" src=\"https:\/\/www.roihuvuori.fi\/hanami\/wp-content\/uploads\/2012\/04\/sinisen_lohikrmeen_puutarha-150x150.jpg\" class=\"attachment-thumbnail size-thumbnail\" alt=\"\" \/><\/a><\/dt>\n\t\t\t\t\t\t<dd class='gallery-caption'>Japanilaistyylisen puutarhan kirsikkapuut sijaitsevat Pienen sinisen lohik\u00e4\u00e4rmeen puutarhassa. Kaikkiaan puutarhassa on nelj\u00e4 erillist\u00e4 nimetty\u00e4 osaa. 18.5.<\/dd>\n\t\t\t\t\t<\/dl>\n\t\t\t\t\t<dl class='gallery-item col-3'>\n\t\t\t\t\t\t<dt class='gallery-icon'><a title=\"Kirsikankukkien katsojia puoliltap\u00e4ivin 18.5.\" href='https:\/\/www.roihuvuori.fi\/hanami\/wp-content\/uploads\/2012\/04\/sinisen_lohikrmeen_puutarha_2.jpg'><img loading=\"lazy\" decoding=\"async\" width=\"150\" height=\"150\" src=\"https:\/\/www.roihuvuori.fi\/hanami\/wp-content\/uploads\/2012\/04\/sinisen_lohikrmeen_puutarha_2-150x150.jpg\" class=\"attachment-thumbnail size-thumbnail\" alt=\"\" \/><\/a><\/dt>\n\t\t\t\t\t\t<dd class='gallery-caption'>Kirsikankukkien katsojia puoliltap\u00e4ivin 18.5.<\/dd>\n\t\t\t\t\t<\/dl>\n\t\t\t\t<\/div>\n\t\t\t\t<div class='gallery-row gallery-clear'>\n\t\t\t\t\t<dl class='gallery-item col-3'>\n\t\t\t\t\t\t<dt class='gallery-icon'><a title=\"24.5. Osa kukkien ter\u00e4lehdist\u00e4 jo tipahtanut.\" href='https:\/\/www.roihuvuori.fi\/hanami\/wp-content\/uploads\/2012\/04\/kukka.jpg'><img loading=\"lazy\" decoding=\"async\" width=\"150\" height=\"150\" src=\"https:\/\/www.roihuvuori.fi\/hanami\/wp-content\/uploads\/2012\/04\/kukka-150x150.jpg\" class=\"attachment-thumbnail size-thumbnail\" alt=\"\" \/><\/a><\/dt>\n\t\t\t\t\t\t<dd class='gallery-caption'>24.5. Osa kukkien ter\u00e4lehdist\u00e4 jo tipahtanut.<\/dd>\n\t\t\t\t\t<\/dl>\n\t\t\t\t\t<dl class='gallery-item col-3'>\n\t\t\t\t\t\t<dt class='gallery-icon'><a title=\"Japanilaisilla on oma sana kuvaamaan kirsikkakukkien sadetta hanafubuki. (24.5.09)\" href='https:\/\/www.roihuvuori.fi\/hanami\/wp-content\/uploads\/2012\/04\/putoavat_kukat.jpg'><img loading=\"lazy\" decoding=\"async\" width=\"150\" height=\"150\" src=\"https:\/\/www.roihuvuori.fi\/hanami\/wp-content\/uploads\/2012\/04\/putoavat_kukat-150x150.jpg\" class=\"attachment-thumbnail size-thumbnail\" alt=\"\" \/><\/a><\/dt>\n\t\t\t\t\t\t<dd class='gallery-caption'>Japanilaisilla on oma sana kuvaamaan kirsikkakukkien sadetta hanafubuki. (24.5.09)<\/dd>\n\t\t\t\t\t<\/dl>\n\t\t\t\t\t<dl class='gallery-item col-3'>\n\t\t\t\t\t\t<dt class='gallery-icon'><a title=\"Maa t\u00e4ynn\u00e4 kirsikankukkien ter\u00e4lehti\u00e4. Hanami alkaa olla ohi t\u00e4lt\u00e4 vuodelta. (24.5.09) \" href='https:\/\/www.roihuvuori.fi\/hanami\/wp-content\/uploads\/2012\/04\/pudonneet_kukat_ii.jpg'><img loading=\"lazy\" decoding=\"async\" width=\"150\" height=\"150\" src=\"https:\/\/www.roihuvuori.fi\/hanami\/wp-content\/uploads\/2012\/04\/pudonneet_kukat_ii-150x150.jpg\" class=\"attachment-thumbnail size-thumbnail\" alt=\"\" \/><\/a><\/dt>\n\t\t\t\t\t\t<dd class='gallery-caption'>Maa t\u00e4ynn\u00e4 kirsikankukkien ter\u00e4lehti\u00e4. Hanami alkaa olla ohi t\u00e4lt\u00e4 vuodelta. (24.5.09) <\/dd>\n\t\t\t\t\t<\/dl>\n\t\t\t\t<\/div>\n\t\t\t\t<div class='gallery-row gallery-clear'>\n\t\t\t\t\t<dl class='gallery-item col-3'>\n\t\t\t\t\t\t<dt class='gallery-icon'><a title=\"My\u00f6s ter\u00e4lehtien v\u00e4rj\u00e4\u00e4m\u00e4 maa on vakuuttava n\u00e4ky Japanilaistyylisess\u00e4 puutarhassa. (25.5.09)\" href='https:\/\/www.roihuvuori.fi\/hanami\/wp-content\/uploads\/2012\/04\/pudonneet_kukat.jpg'><img loading=\"lazy\" decoding=\"async\" width=\"150\" height=\"150\" src=\"https:\/\/www.roihuvuori.fi\/hanami\/wp-content\/uploads\/2012\/04\/pudonneet_kukat-150x150.jpg\" class=\"attachment-thumbnail size-thumbnail\" alt=\"\" \/><\/a><\/dt>\n\t\t\t\t\t\t<dd class='gallery-caption'>My\u00f6s ter\u00e4lehtien v\u00e4rj\u00e4\u00e4m\u00e4 maa on vakuuttava n\u00e4ky Japanilaistyylisess\u00e4 puutarhassa. (25.5.09)<\/dd>\n\t\t\t\t\t<\/dl>\n\t\t\t<\/div>\n\t\t\t<\/div><!-- .gallery -->\n\n","protected":false},"excerpt":{"rendered":"<p>Vuoden 2009 kirsikankukinnan kuvasi Otto-Ville Mikkel\u00e4 Kukinta alkoi 11.5. ja p\u00e4\u00e4ttyi 25.5.<\/p>\n","protected":false},"author":1,"featured_media":0,"parent":4896,"menu_order":0,"comment_status":"open","ping_status":"closed","template":"page-kukinta.php","meta":{"_acf_changed":false,"footnotes":""},"class_list":["post-34","page","type-page","status-publish","hentry"],"acf":[],"_links":{"self":[{"href":"https:\/\/www.roihuvuori.fi\/hanami\/wp-json\/wp\/v2\/pages\/34","targetHints":{"allow":["GET"]}}],"collection":[{"href":"https:\/\/www.roihuvuori.fi\/hanami\/wp-json\/wp\/v2\/pages"}],"about":[{"href":"https:\/\/www.roihuvuori.fi\/hanami\/wp-json\/wp\/v2\/types\/page"}],"author":[{"embeddable":true,"href":"https:\/\/www.roihuvuori.fi\/hanami\/wp-json\/wp\/v2\/users\/1"}],"replies":[{"embeddable":true,"href":"https:\/\/www.roihuvuori.fi\/hanami\/wp-json\/wp\/v2\/comments?post=34"}],"version-history":[{"count":5,"href":"https:\/\/www.roihuvuori.fi\/hanami\/wp-json\/wp\/v2\/pages\/34\/revisions"}],"predecessor-version":[{"id":393,"href":"https:\/\/www.roihuvuori.fi\/hanami\/wp-json\/wp\/v2\/pages\/34\/revisions\/393"}],"up":[{"embeddable":true,"href":"https:\/\/www.roihuvuori.fi\/hanami\/wp-json\/wp\/v2\/pages\/4896"}],"wp:attachment":[{"href":"https:\/\/www.roihuvuori.fi\/hanami\/wp-json\/wp\/v2\/media?parent=34"}],"curies":[{"name":"wp","href":"https:\/\/api.w.org\/{rel}","templated":true}]}}