{"id":2742,"date":"2017-06-05T18:40:30","date_gmt":"2017-06-05T16:40:30","guid":{"rendered":"http:\/\/www.roihuvuori.fi\/hanami\/?page_id=2742"},"modified":"2026-02-27T11:28:42","modified_gmt":"2026-02-27T09:28:42","slug":"suomen-kirsikankukkaprinsessa-haku","status":"publish","type":"page","link":"https:\/\/www.roihuvuori.fi\/hanami\/suomen-kirsikankukkakuninkaalliset\/suomen-kirsikankukkaprinsessa-haku\/","title":{"rendered":"Sinustako Suomen kirsikankukkakuninkaallinen?"},"content":{"rendered":"<p><a href=\"http:\/\/www.roihuvuori.fi\/hanami\/paasivu\/hanami-logo_pieni-2\/\" rel=\"attachment wp-att-1824\"><img loading=\"lazy\" decoding=\"async\" class=\"alignright wp-image-1824 size-thumbnail\" src=\"http:\/\/www.roihuvuori.fi\/hanami\/wp-content\/uploads\/2014\/05\/Hanami-logo_pieni1-150x150.png\" alt=\"Hanami-logo\" width=\"150\" height=\"150\" srcset=\"https:\/\/www.roihuvuori.fi\/hanami\/wp-content\/uploads\/2014\/05\/Hanami-logo_pieni1-150x150.png 150w, https:\/\/www.roihuvuori.fi\/hanami\/wp-content\/uploads\/2014\/05\/Hanami-logo_pieni1-300x300.png 300w, https:\/\/www.roihuvuori.fi\/hanami\/wp-content\/uploads\/2014\/05\/Hanami-logo_pieni1-550x550.png 550w, https:\/\/www.roihuvuori.fi\/hanami\/wp-content\/uploads\/2014\/05\/Hanami-logo_pieni1.png 1024w\" sizes=\"auto, (max-width: 150px) 100vw, 150px\" \/><\/a><\/p>\n<h2>Seuraava haku Suomen kirsikankukkaprinsessaksi vuodeksi 2026 ja -kuningattareksi vuodelle 2027.<\/h2>\n<p>Oletko kiinnostunut toimimaan kulttuuril\u00e4hettil\u00e4\u00e4n\u00e4 Suomen ja Japanin v\u00e4lill\u00e4 ja edustamaan erilaisissa japanilaisen kulttuurin tapahtumissa Suomessa, sek\u00e4 Suomea mahdollisesti maailmalla? Jos vastasit kyll\u00e4, sinussa on ainesta kirsikankukkakuningattareksi!<\/p>\n<p>Suomessa <a href=\"https:\/\/www.roihuvuori.fi\/hanami\/suomen-kirsikankukkakuninkaalliset\/\">kirsikankukkaprinsessa<\/a> nimitet\u00e4\u00e4n vuosittain kev\u00e4\u00e4ll\u00e4 Roihuvuoren hanami-juhlassa. Valitusta prinsessasta tulee seuraavan vuoden kuningatar h\u00e4nen ensin harjoiteltuaan teht\u00e4v\u00e4\u00e4ns\u00e4 varten edelt\u00e4v\u00e4n kuningattaren kanssa.<\/p>\n<table>\n<tbody>\n<tr>\n<td width=\"321\"><img loading=\"lazy\" decoding=\"async\" class=\"alignnone size-thumbnail wp-image-4740\" src=\"https:\/\/www.roihuvuori.fi\/hanami\/wp-content\/uploads\/2023\/05\/Elina_ja_Julia-250x250.jpg\" alt=\"\" width=\"250\" height=\"250\" \/><\/td>\n<td width=\"321\"><img loading=\"lazy\" decoding=\"async\" class=\"alignnone size-thumbnail wp-image-4748\" src=\"https:\/\/www.roihuvuori.fi\/hanami\/wp-content\/uploads\/2023\/05\/kirsikankukkakuninkaalliset2023_www-250x250.jpg\" alt=\"Suomen Kirsikankukkakuninkaalliset\" width=\"250\" height=\"250\" \/><\/td>\n<\/tr>\n<\/tbody>\n<\/table>\n<p>&nbsp;<\/p>\n<p>Suomen kirsikankukkakuningatar (Finland Cherry Blossom Queen) ja Suomen kirsikankukkaprinsessa (Finland Cherry Blossom Princess) edustavat kahden vuoden ajan. Yksi vuosi prinsessana ja toinen vuosi kuningattarena.<\/p>\n<p>&nbsp;<\/p>\n<p>&nbsp;<\/p>\n<div id=\"attachment_3403\" style=\"width: 246px\" class=\"wp-caption alignright\"><img loading=\"lazy\" decoding=\"async\" aria-describedby=\"caption-attachment-3403\" class=\"size-medium wp-image-3403\" src=\"https:\/\/www.roihuvuori.fi\/hanami\/wp-content\/uploads\/2020\/02\/EllaVenlaRisako-236x300.jpg\" alt=\"\" width=\"236\" height=\"300\" srcset=\"https:\/\/www.roihuvuori.fi\/hanami\/wp-content\/uploads\/2020\/02\/EllaVenlaRisako-236x300.jpg 236w, https:\/\/www.roihuvuori.fi\/hanami\/wp-content\/uploads\/2020\/02\/EllaVenlaRisako-621x790.jpg 621w, https:\/\/www.roihuvuori.fi\/hanami\/wp-content\/uploads\/2020\/02\/EllaVenlaRisako-768x977.jpg 768w, https:\/\/www.roihuvuori.fi\/hanami\/wp-content\/uploads\/2020\/02\/EllaVenlaRisako.jpg 806w\" sizes=\"auto, (max-width: 236px) 100vw, 236px\" \/><p id=\"caption-attachment-3403\" class=\"wp-caption-text\">Suomen kirsikankukkakuninkaalliset Japanin kirsikankukkaprinsessa Risako Takenakan kanssa.<\/p><\/div>\n<p>Kuningattaren valitsee raati, jossa on edustajina mm. Roihuvuoren kirsikkapuiston is\u00e4 kauppias Norio Tomida, Roihuvuori-Seura ry:n puheenjohtaja Mikko Huhdanm\u00e4ki, ensimm\u00e4inen kirsikankukkakuningatar Venla Ailasm\u00e4ki sek\u00e4 edustajat Japan Airlinesilt\u00e4, Japanese Chamber of Commerce in Finlandista, Japanilaisen kulttuurin yst\u00e4v\u00e4t ry:st\u00e4, Suomen Japanilaisten Yhdistys ry:st\u00e4,\u00a0Suomalais-Japanilainen Kauppakamariyhdistys ry:st\u00e4, Suomalais-Japanilainen Yhdistys ry:st\u00e4 \u00a0sek\u00e4<\/p>\n<p>&nbsp;<\/p>\n<h3>Hakukriteerit:<\/h3>\n<div class=\"mceTemp\"><\/div>\n<ul>\n<li><span style=\"font-size: 16px;\">Suomessa asuva nainen, joka edustaa suomalaisuutta positiivisella tavalla<\/span><\/li>\n<li>18\u201327-vuotias<\/li>\n<li>Kiinnostunut toimimaan kulttuuril\u00e4hettil\u00e4\u00e4n\u00e4 Japanin ja Suomen v\u00e4lill\u00e4<\/li>\n<li>On kiinnostunut japanilaisesta kulttuurista<\/li>\n<li>Edustusteht\u00e4v\u00e4\u00e4n riitt\u00e4v\u00e4 englannin kielen taito, japanin kielen taito luetaan eduksi<\/li>\n<li>Valmius edustaa Suomea kahden seuraavan vuoden ajan (ei esim. aikeita muuttaa pois Suomesta)\n<p><div id=\"attachment_3355\" style=\"width: 210px\" class=\"wp-caption alignright\"><img loading=\"lazy\" decoding=\"async\" aria-describedby=\"caption-attachment-3355\" class=\"wp-image-3355 size-medium\" src=\"https:\/\/www.roihuvuori.fi\/hanami\/wp-content\/uploads\/2019\/06\/kirsikankukkaprinsessa-200x300.jpg\" alt=\"\" width=\"200\" height=\"300\" srcset=\"https:\/\/www.roihuvuori.fi\/hanami\/wp-content\/uploads\/2019\/06\/kirsikankukkaprinsessa-200x300.jpg 200w, https:\/\/www.roihuvuori.fi\/hanami\/wp-content\/uploads\/2019\/06\/kirsikankukkaprinsessa-621x932.jpg 621w, https:\/\/www.roihuvuori.fi\/hanami\/wp-content\/uploads\/2019\/06\/kirsikankukkaprinsessa.jpg 683w\" sizes=\"auto, (max-width: 200px) 100vw, 200px\" \/><p id=\"caption-attachment-3355\" class=\"wp-caption-text\">Suomen ensimm\u00e4inen kirsikankukkakuningatar Venla Ailasm\u00e4ki ja kirsikankukkaprinsessa Ella Saarenko hanamissa kev\u00e4\u00e4ll\u00e4 2019.<\/p><\/div><\/li>\n<li>Valmius matkustaa<\/li>\n<\/ul>\n<p><strong>Vuoden 2026 hakuohjeet.<\/strong><\/p>\n<p>Haku 1.3.- 22.3.2026:<br \/>\nKirsikankuningattaren pestist\u00e4 kiinnostuneita ehdokkaita pyydet\u00e4\u00e4n l\u00e4hett\u00e4m\u00e4\u00e4n vapaamuotoinen hakemus, johon liitet\u00e4\u00e4n linkki 2-5 minuutin pituiseen esittelyvideoon (esim. youtube, vimeo) 22.3.2024 menness\u00e4 s\u00e4hk\u00f6postilla osoitteeseen puheenjohtaja(at)roihuvuori.fi.<\/p>\n<p>&nbsp;<\/p>\n<p>Lis\u00e4tietoja antavat Otto-Ville Mikkel\u00e4 (045 209 02 01) ja Troy Korjuslommi (040 570 9900) tai instagramissa @finnishsakuraqueens, mist\u00e4 tavoittaa helposti Suomen nykyiset kirsikankukkakuninkaalliset.<\/p>\n<p>&nbsp;<\/p>\n<p>&nbsp;<\/p>\n<h3><\/h3>\n<div class=\"mceTemp\"><\/div>\n<p>Lue lis\u00e4\u00e4 Suomen kirsikankukkakuninkaallisista<\/p>\n<p style=\"padding-left: 40px;\">\n","protected":false},"excerpt":{"rendered":"<p>Seuraava haku Suomen kirsikankukkaprinsessaksi vuodeksi 2026 ja -kuningattareksi vuodelle 2027. Oletko kiinnostunut toimimaan kulttuuril\u00e4hettil\u00e4\u00e4n\u00e4 Suomen ja Japanin v\u00e4lill\u00e4 ja edustamaan erilaisissa japanilaisen kulttuurin tapahtumissa Suomessa, sek\u00e4 Suomea mahdollisesti maailmalla? Jos vastasit kyll\u00e4, sinussa on ainesta kirsikankukkakuningattareksi! Suomessa kirsikankukkaprinsessa nimitet\u00e4\u00e4n vuosittain&#8230;<\/p>\n","protected":false},"author":1,"featured_media":0,"parent":3590,"menu_order":1,"comment_status":"closed","ping_status":"closed","template":"","meta":{"_acf_changed":false,"footnotes":""},"class_list":["post-2742","page","type-page","status-publish","hentry"],"acf":[],"_links":{"self":[{"href":"https:\/\/www.roihuvuori.fi\/hanami\/wp-json\/wp\/v2\/pages\/2742","targetHints":{"allow":["GET"]}}],"collection":[{"href":"https:\/\/www.roihuvuori.fi\/hanami\/wp-json\/wp\/v2\/pages"}],"about":[{"href":"https:\/\/www.roihuvuori.fi\/hanami\/wp-json\/wp\/v2\/types\/page"}],"author":[{"embeddable":true,"href":"https:\/\/www.roihuvuori.fi\/hanami\/wp-json\/wp\/v2\/users\/1"}],"replies":[{"embeddable":true,"href":"https:\/\/www.roihuvuori.fi\/hanami\/wp-json\/wp\/v2\/comments?post=2742"}],"version-history":[{"count":6,"href":"https:\/\/www.roihuvuori.fi\/hanami\/wp-json\/wp\/v2\/pages\/2742\/revisions"}],"predecessor-version":[{"id":5585,"href":"https:\/\/www.roihuvuori.fi\/hanami\/wp-json\/wp\/v2\/pages\/2742\/revisions\/5585"}],"up":[{"embeddable":true,"href":"https:\/\/www.roihuvuori.fi\/hanami\/wp-json\/wp\/v2\/pages\/3590"}],"wp:attachment":[{"href":"https:\/\/www.roihuvuori.fi\/hanami\/wp-json\/wp\/v2\/media?parent=2742"}],"curies":[{"name":"wp","href":"https:\/\/api.w.org\/{rel}","templated":true}]}}