{"id":2717,"date":"2017-05-31T20:49:25","date_gmt":"2017-05-31T18:49:25","guid":{"rendered":"http:\/\/www.roihuvuori.fi\/hanami\/?page_id=2717"},"modified":"2025-05-04T15:51:47","modified_gmt":"2025-05-04T13:51:47","slug":"hanamikuvia","status":"publish","type":"page","link":"https:\/\/www.roihuvuori.fi\/hanami\/hanamikuvia\/","title":{"rendered":"Juhlakuvia hanamista"},"content":{"rendered":"\n\t\t\t<div id='gallery-2717-1' class='gallery gallery-2717'>\n\t\t\t\t<div class='gallery-row gallery-clear'>\n\t\t\t\t\t<dl class='gallery-item col-3'>\n\t\t\t\t\t\t<dt class='gallery-icon'><a title=\"Kirsikankukkakuninkaalliset tervehtiv\u00e4t suurl\u00e4hettil\u00e4s TakashiMurataa, kuva Emilia Pippola.\" href='https:\/\/www.roihuvuori.fi\/hanami\/wp-content\/uploads\/2022\/04\/kuninkaalliset-ja-lahettilas-2019_kuvaEmilia-Pippola..jpg'><img loading=\"lazy\" decoding=\"async\" width=\"150\" height=\"150\" src=\"https:\/\/www.roihuvuori.fi\/hanami\/wp-content\/uploads\/2022\/04\/kuninkaalliset-ja-lahettilas-2019_kuvaEmilia-Pippola.-150x150.jpg\" class=\"attachment-thumbnail size-thumbnail\" alt=\"Kirsikankukkakuninkaalliset tervehtiv\u00e4t suurl\u00e4hettil\u00e4s TakashiMurataa, kuva Emilia Pippola.\" \/><\/a><\/dt>\n\t\t\t\t\t\t<dd class='gallery-caption'>Kirsikankukkakuninkaalliset tervehtiv\u00e4t suurl\u00e4hettil\u00e4s TakashiMurataa, kuva Emilia Pippola.<\/dd>\n\t\t\t\t\t<\/dl>\n\t\t\t\t\t<dl class='gallery-item col-3'>\n\t\t\t\t\t\t<dt class='gallery-icon'><a title=\"Daidekagu tanssiryhm\u00e4 Japanista vierailulla 2019, kuva Emilia Pippola.\" href='https:\/\/www.roihuvuori.fi\/hanami\/wp-content\/uploads\/2022\/04\/Daidekagut_kuvaEmiliaPippola.jpg'><img loading=\"lazy\" decoding=\"async\" width=\"150\" height=\"150\" src=\"https:\/\/www.roihuvuori.fi\/hanami\/wp-content\/uploads\/2022\/04\/Daidekagut_kuvaEmiliaPippola-150x150.jpg\" class=\"attachment-thumbnail size-thumbnail\" alt=\"\" \/><\/a><\/dt>\n\t\t\t\t\t\t<dd class='gallery-caption'>Daidekagu tanssiryhm\u00e4 Japanista vierailulla 2019, kuva Emilia Pippola.<\/dd>\n\t\t\t\t\t<\/dl>\n\t\t\t\t\t<dl class='gallery-item col-3'>\n\t\t\t\t\t\t<dt class='gallery-icon'><a title=\"Daidekagu tanssiryhm\u00e4 Japanista vierailulla 2019, kuva Emilia Pippola.\" href='https:\/\/www.roihuvuori.fi\/hanami\/wp-content\/uploads\/2022\/04\/Daidenkagut2019_kuvaEmiliaPippola.jpg'><img loading=\"lazy\" decoding=\"async\" width=\"150\" height=\"150\" src=\"https:\/\/www.roihuvuori.fi\/hanami\/wp-content\/uploads\/2022\/04\/Daidenkagut2019_kuvaEmiliaPippola-150x150.jpg\" class=\"attachment-thumbnail size-thumbnail\" alt=\"\" \/><\/a><\/dt>\n\t\t\t\t\t\t<dd class='gallery-caption'>Daidekagu tanssiryhm\u00e4 Japanista vierailulla 2019, kuva Emilia Pippola.<\/dd>\n\t\t\t\t\t<\/dl>\n\t\t\t\t<\/div>\n\t\t\t\t<div class='gallery-row gallery-clear'>\n\t\t\t\t\t<dl class='gallery-item col-3'>\n\t\t\t\t\t\t<dt class='gallery-icon'><a title=\"Daidekagu tanssiryhm\u00e4 Japanista vierailulla 2019, kuva Emilia Pippola.\" href='https:\/\/www.roihuvuori.fi\/hanami\/wp-content\/uploads\/2022\/04\/Daidenkagut2019-ryhma_kuvaEmiliaPippola.jpg'><img loading=\"lazy\" decoding=\"async\" width=\"150\" height=\"150\" src=\"https:\/\/www.roihuvuori.fi\/hanami\/wp-content\/uploads\/2022\/04\/Daidenkagut2019-ryhma_kuvaEmiliaPippola-150x150.jpg\" class=\"attachment-thumbnail size-thumbnail\" alt=\"\" \/><\/a><\/dt>\n\t\t\t\t\t\t<dd class='gallery-caption'>Daidekagu tanssiryhm\u00e4 Japanista vierailulla 2019, kuva Emilia Pippola.<\/dd>\n\t\t\t\t\t<\/dl>\n\t\t\t\t\t<dl class='gallery-item col-3'>\n\t\t\t\t\t\t<dt class='gallery-icon'><a title=\"Pukukilpailun palkintojen jako, kuva Emilia Pippola.\" href='https:\/\/www.roihuvuori.fi\/hanami\/wp-content\/uploads\/2022\/04\/palkintojenjako2019_kuvaEmiliaPippola.jpg'><img loading=\"lazy\" decoding=\"async\" width=\"150\" height=\"150\" src=\"https:\/\/www.roihuvuori.fi\/hanami\/wp-content\/uploads\/2022\/04\/palkintojenjako2019_kuvaEmiliaPippola-150x150.jpg\" class=\"attachment-thumbnail size-thumbnail\" alt=\"\" \/><\/a><\/dt>\n\t\t\t\t\t\t<dd class='gallery-caption'>Pukukilpailun palkintojen jako, kuva Emilia Pippola.<\/dd>\n\t\t\t\t\t<\/dl>\n\t\t\t\t\t<dl class='gallery-item col-3'>\n\t\t\t\t\t\t<dt class='gallery-icon'><a title=\"Kirsikankukkakunfatar Venla Ailasm\u00e4ki 2019, kuva Emilia Pippola.\" href='https:\/\/www.roihuvuori.fi\/hanami\/wp-content\/uploads\/2022\/04\/KuningatarVenla_kuvaEmiliaPippola..jpg'><img loading=\"lazy\" decoding=\"async\" width=\"150\" height=\"150\" src=\"https:\/\/www.roihuvuori.fi\/hanami\/wp-content\/uploads\/2022\/04\/KuningatarVenla_kuvaEmiliaPippola.-150x150.jpg\" class=\"attachment-thumbnail size-thumbnail\" alt=\"\" \/><\/a><\/dt>\n\t\t\t\t\t\t<dd class='gallery-caption'>Kirsikankukkakunfatar Venla Ailasm\u00e4ki 2019, kuva Emilia Pippola.<\/dd>\n\t\t\t\t\t<\/dl>\n\t\t\t\t<\/div>\n\t\t\t\t<div class='gallery-row gallery-clear'>\n\t\t\t\t\t<dl class='gallery-item col-3'>\n\t\t\t\t\t\t<dt class='gallery-icon'><a title=\"Apulaispormestari Anni Sinnem\u00e4ki, kuva Emilia Pippola.\" href='https:\/\/www.roihuvuori.fi\/hanami\/wp-content\/uploads\/2022\/04\/Apulaispormestari-Anni-Sinnemaki-kuva-Emilia-Pippola..jpg'><img loading=\"lazy\" decoding=\"async\" width=\"150\" height=\"150\" src=\"https:\/\/www.roihuvuori.fi\/hanami\/wp-content\/uploads\/2022\/04\/Apulaispormestari-Anni-Sinnemaki-kuva-Emilia-Pippola.-150x150.jpg\" class=\"attachment-thumbnail size-thumbnail\" alt=\"\" \/><\/a><\/dt>\n\t\t\t\t\t\t<dd class='gallery-caption'>Apulaispormestari Anni Sinnem\u00e4ki, kuva Emilia Pippola.<\/dd>\n\t\t\t\t\t<\/dl>\n\t\t\t\t\t<dl class='gallery-item col-3'>\n\t\t\t\t\t\t<dt class='gallery-icon'><a title=\"Juhlayleis\u00f6\u00e4 2019, kuva Emilia Pippola.\" href='https:\/\/www.roihuvuori.fi\/hanami\/wp-content\/uploads\/2022\/04\/piknikyleisoa2019_kuvaEmiliaPippola.jpg'><img loading=\"lazy\" decoding=\"async\" width=\"150\" height=\"150\" src=\"https:\/\/www.roihuvuori.fi\/hanami\/wp-content\/uploads\/2022\/04\/piknikyleisoa2019_kuvaEmiliaPippola-150x150.jpg\" class=\"attachment-thumbnail size-thumbnail\" alt=\"\" \/><\/a><\/dt>\n\t\t\t\t\t\t<dd class='gallery-caption'>Juhlayleis\u00f6\u00e4 2019, kuva Emilia Pippola.<\/dd>\n\t\t\t\t\t<\/dl>\n\t\t\t\t\t<dl class='gallery-item col-3'>\n\t\t\t\t\t\t<dt class='gallery-icon'><a title=\"Ruokateltan tunnelmaa, kuva Emilia Pippola.\" href='https:\/\/www.roihuvuori.fi\/hanami\/wp-content\/uploads\/2022\/04\/ruokakoju_kuvaEmiliaPippola.jpg'><img loading=\"lazy\" decoding=\"async\" width=\"150\" height=\"150\" src=\"https:\/\/www.roihuvuori.fi\/hanami\/wp-content\/uploads\/2022\/04\/ruokakoju_kuvaEmiliaPippola-150x150.jpg\" class=\"attachment-thumbnail size-thumbnail\" alt=\"\" \/><\/a><\/dt>\n\t\t\t\t\t\t<dd class='gallery-caption'>Ruokateltan tunnelmaa, kuva Emilia Pippola.<\/dd>\n\t\t\t\t\t<\/dl>\n\t\t\t\t<\/div>\n\t\t\t<\/div><!-- .gallery -->\n\n","protected":false},"excerpt":{"rendered":"","protected":false},"author":1,"featured_media":0,"parent":0,"menu_order":7,"comment_status":"closed","ping_status":"closed","template":"","meta":{"_acf_changed":false,"footnotes":""},"class_list":["post-2717","page","type-page","status-publish","hentry"],"acf":[],"_links":{"self":[{"href":"https:\/\/www.roihuvuori.fi\/hanami\/wp-json\/wp\/v2\/pages\/2717","targetHints":{"allow":["GET"]}}],"collection":[{"href":"https:\/\/www.roihuvuori.fi\/hanami\/wp-json\/wp\/v2\/pages"}],"about":[{"href":"https:\/\/www.roihuvuori.fi\/hanami\/wp-json\/wp\/v2\/types\/page"}],"author":[{"embeddable":true,"href":"https:\/\/www.roihuvuori.fi\/hanami\/wp-json\/wp\/v2\/users\/1"}],"replies":[{"embeddable":true,"href":"https:\/\/www.roihuvuori.fi\/hanami\/wp-json\/wp\/v2\/comments?post=2717"}],"version-history":[{"count":5,"href":"https:\/\/www.roihuvuori.fi\/hanami\/wp-json\/wp\/v2\/pages\/2717\/revisions"}],"predecessor-version":[{"id":3983,"href":"https:\/\/www.roihuvuori.fi\/hanami\/wp-json\/wp\/v2\/pages\/2717\/revisions\/3983"}],"wp:attachment":[{"href":"https:\/\/www.roihuvuori.fi\/hanami\/wp-json\/wp\/v2\/media?parent=2717"}],"curies":[{"name":"wp","href":"https:\/\/api.w.org\/{rel}","templated":true}]}}