{"id":23,"date":"2012-04-15T10:09:44","date_gmt":"2012-04-15T08:09:44","guid":{"rendered":"http:\/\/roihuvuori.kapsi.fi\/hanami\/?page_id=23"},"modified":"2024-04-14T17:47:56","modified_gmt":"2024-04-14T15:47:56","slug":"kirsikankukinta-2012","status":"publish","type":"page","link":"https:\/\/www.roihuvuori.fi\/hanami\/kirsikankukinta\/kirsikankukinta-2012\/","title":{"rendered":"Kirsikankukinta 2012"},"content":{"rendered":"<p>Vuoden 2012 kukinnan kuvaajana on valokuvaaja <a href=\"http:\/\/www.roihuvuori.fi\/hanami\/reza-jafari\/\">Reza Jafari<\/a>.<\/p>\n<p>Kukinta alkoi 12.5. ja p\u00e4\u00e4ttyi 22.5.2012.<\/p>\n\n\t\t\t<div id='gallery-23-1' class='gallery gallery-23'>\n\t\t\t\t<div class='gallery-row gallery-clear'>\n\t\t\t\t\t<dl class='gallery-item col-3'>\n\t\t\t\t\t\t<dt class='gallery-icon'><a title=\"2.4.2012 sataa viel\u00e4 lunta\" href='https:\/\/www.roihuvuori.fi\/hanami\/wp-content\/uploads\/2012\/04\/4_2Reza.jpg'><img loading=\"lazy\" decoding=\"async\" width=\"150\" height=\"150\" src=\"https:\/\/www.roihuvuori.fi\/hanami\/wp-content\/uploads\/2012\/04\/4_2Reza-150x150.jpg\" class=\"attachment-thumbnail size-thumbnail\" alt=\"\" \/><\/a><\/dt>\n\t\t\t\t\t\t<dd class='gallery-caption'>2.4.2012 sataa viel\u00e4 lunta<\/dd>\n\t\t\t\t\t<\/dl>\n\t\t\t\t\t<dl class='gallery-item col-3'>\n\t\t\t\t\t\t<dt class='gallery-icon'><a title=\"27.4.2012, silmuja\" href='https:\/\/www.roihuvuori.fi\/hanami\/wp-content\/uploads\/2012\/04\/IMG_2866-RuihuV.jpg'><img loading=\"lazy\" decoding=\"async\" width=\"150\" height=\"150\" src=\"https:\/\/www.roihuvuori.fi\/hanami\/wp-content\/uploads\/2012\/04\/IMG_2866-RuihuV-150x150.jpg\" class=\"attachment-thumbnail size-thumbnail\" alt=\"\" \/><\/a><\/dt>\n\t\t\t\t\t\t<dd class='gallery-caption'>27.4.2012, silmuja<\/dd>\n\t\t\t\t\t<\/dl>\n\t\t\t\t\t<dl class='gallery-item col-3'>\n\t\t\t\t\t\t<dt class='gallery-icon'><a title=\"3.5.2012, silmut rupeavat aukeamaan\" href='https:\/\/www.roihuvuori.fi\/hanami\/wp-content\/uploads\/2012\/04\/3-5-2012b.jpg'><img loading=\"lazy\" decoding=\"async\" width=\"150\" height=\"150\" src=\"https:\/\/www.roihuvuori.fi\/hanami\/wp-content\/uploads\/2012\/04\/3-5-2012b-150x150.jpg\" class=\"attachment-thumbnail size-thumbnail\" alt=\"\" \/><\/a><\/dt>\n\t\t\t\t\t\t<dd class='gallery-caption'>3.5.2012, silmut rupeavat aukeamaan<\/dd>\n\t\t\t\t\t<\/dl>\n\t\t\t\t<\/div>\n\t\t\t\t<div class='gallery-row gallery-clear'>\n\t\t\t\t\t<dl class='gallery-item col-3'>\n\t\t\t\t\t\t<dt class='gallery-icon'><a title=\"3.5.2012\" href='https:\/\/www.roihuvuori.fi\/hanami\/wp-content\/uploads\/2012\/04\/3-5-2012a.jpg'><img loading=\"lazy\" decoding=\"async\" width=\"150\" height=\"150\" src=\"https:\/\/www.roihuvuori.fi\/hanami\/wp-content\/uploads\/2012\/04\/3-5-2012a-150x150.jpg\" class=\"attachment-thumbnail size-thumbnail\" alt=\"\" \/><\/a><\/dt>\n\t\t\t\t\t\t<dd class='gallery-caption'>3.5.2012<\/dd>\n\t\t\t\t\t<\/dl>\n\t\t\t\t\t<dl class='gallery-item col-3'>\n\t\t\t\t\t\t<dt class='gallery-icon'><a title=\"3.5.2012\" href='https:\/\/www.roihuvuori.fi\/hanami\/wp-content\/uploads\/2012\/04\/reza.jpg'><img loading=\"lazy\" decoding=\"async\" width=\"150\" height=\"150\" src=\"https:\/\/www.roihuvuori.fi\/hanami\/wp-content\/uploads\/2012\/04\/reza-150x150.jpg\" class=\"attachment-thumbnail size-thumbnail\" alt=\"\" \/><\/a><\/dt>\n\t\t\t\t\t\t<dd class='gallery-caption'>3.5.2012<\/dd>\n\t\t\t\t\t<\/dl>\n\t\t\t\t\t<dl class='gallery-item col-3'>\n\t\t\t\t\t\t<dt class='gallery-icon'><a title=\"8.5.2012\" href='https:\/\/www.roihuvuori.fi\/hanami\/wp-content\/uploads\/2012\/04\/2012_8_5Reza1.jpg'><img loading=\"lazy\" decoding=\"async\" width=\"150\" height=\"150\" src=\"https:\/\/www.roihuvuori.fi\/hanami\/wp-content\/uploads\/2012\/04\/2012_8_5Reza1-150x150.jpg\" class=\"attachment-thumbnail size-thumbnail\" alt=\"\" \/><\/a><\/dt>\n\t\t\t\t\t\t<dd class='gallery-caption'>8.5.2012<\/dd>\n\t\t\t\t\t<\/dl>\n\t\t\t\t<\/div>\n\t\t\t\t<div class='gallery-row gallery-clear'>\n\t\t\t\t\t<dl class='gallery-item col-3'>\n\t\t\t\t\t\t<dt class='gallery-icon'><a title=\"8.5.2012\" href='https:\/\/www.roihuvuori.fi\/hanami\/wp-content\/uploads\/2012\/04\/2012_8_5Reza2.jpg'><img loading=\"lazy\" decoding=\"async\" width=\"150\" height=\"150\" src=\"https:\/\/www.roihuvuori.fi\/hanami\/wp-content\/uploads\/2012\/04\/2012_8_5Reza2-150x150.jpg\" class=\"attachment-thumbnail size-thumbnail\" alt=\"\" \/><\/a><\/dt>\n\t\t\t\t\t\t<dd class='gallery-caption'>8.5.2012<\/dd>\n\t\t\t\t\t<\/dl>\n\t\t\t\t\t<dl class='gallery-item col-3'>\n\t\t\t\t\t\t<dt class='gallery-icon'><a title=\"8.5.2012\" href='https:\/\/www.roihuvuori.fi\/hanami\/wp-content\/uploads\/2012\/04\/2012_8_5Reza4.jpg'><img loading=\"lazy\" decoding=\"async\" width=\"150\" height=\"150\" src=\"https:\/\/www.roihuvuori.fi\/hanami\/wp-content\/uploads\/2012\/04\/2012_8_5Reza4-150x150.jpg\" class=\"attachment-thumbnail size-thumbnail\" alt=\"8.5.2012\" \/><\/a><\/dt>\n\t\t\t\t\t\t<dd class='gallery-caption'>8.5.2012<\/dd>\n\t\t\t\t\t<\/dl>\n\t\t\t\t\t<dl class='gallery-item col-3'>\n\t\t\t\t\t\t<dt class='gallery-icon'><a title=\"8.5.2012 kukinta alkaa olla l\u00e4hell\u00e4\" href='https:\/\/www.roihuvuori.fi\/hanami\/wp-content\/uploads\/2012\/04\/2012_8_5Reza3.jpg'><img loading=\"lazy\" decoding=\"async\" width=\"150\" height=\"150\" src=\"https:\/\/www.roihuvuori.fi\/hanami\/wp-content\/uploads\/2012\/04\/2012_8_5Reza3-150x150.jpg\" class=\"attachment-thumbnail size-thumbnail\" alt=\"\" \/><\/a><\/dt>\n\t\t\t\t\t\t<dd class='gallery-caption'>8.5.2012 kukinta alkaa olla l\u00e4hell\u00e4<\/dd>\n\t\t\t\t\t<\/dl>\n\t\t\t\t<\/div>\n\t\t\t\t<div class='gallery-row gallery-clear'>\n\t\t\t\t\t<dl class='gallery-item col-3'>\n\t\t\t\t\t\t<dt class='gallery-icon'><a title=\"8.5.2012 kukannuput\" href='https:\/\/www.roihuvuori.fi\/hanami\/wp-content\/uploads\/2012\/04\/2012_5_8Reza2.jpg'><img loading=\"lazy\" decoding=\"async\" width=\"150\" height=\"150\" src=\"https:\/\/www.roihuvuori.fi\/hanami\/wp-content\/uploads\/2012\/04\/2012_5_8Reza2-150x150.jpg\" class=\"attachment-thumbnail size-thumbnail\" alt=\"\" \/><\/a><\/dt>\n\t\t\t\t\t\t<dd class='gallery-caption'>8.5.2012 kukannuput<\/dd>\n\t\t\t\t\t<\/dl>\n\t\t\t\t\t<dl class='gallery-item col-3'>\n\t\t\t\t\t\t<dt class='gallery-icon'><a title=\"10.5.2012 Kukinta en\u00e4\u00e4 p\u00e4ivist\u00e4 kiinni\" href='https:\/\/www.roihuvuori.fi\/hanami\/wp-content\/uploads\/2012\/04\/2012_5_10.jpg'><img loading=\"lazy\" decoding=\"async\" width=\"150\" height=\"150\" src=\"https:\/\/www.roihuvuori.fi\/hanami\/wp-content\/uploads\/2012\/04\/2012_5_10-150x150.jpg\" class=\"attachment-thumbnail size-thumbnail\" alt=\"\" \/><\/a><\/dt>\n\t\t\t\t\t\t<dd class='gallery-caption'>10.5.2012 Kukinta en\u00e4\u00e4 p\u00e4ivist\u00e4 kiinni<\/dd>\n\t\t\t\t\t<\/dl>\n\t\t\t\t\t<dl class='gallery-item col-3'>\n\t\t\t\t\t\t<dt class='gallery-icon'><a title=\"11.5.2012 p\u00e4iv\u00e4 ennen kukinnan alkua\" href='https:\/\/www.roihuvuori.fi\/hanami\/wp-content\/uploads\/2012\/04\/2012_5_11Reza1.jpg'><img loading=\"lazy\" decoding=\"async\" width=\"150\" height=\"150\" src=\"https:\/\/www.roihuvuori.fi\/hanami\/wp-content\/uploads\/2012\/04\/2012_5_11Reza1-150x150.jpg\" class=\"attachment-thumbnail size-thumbnail\" alt=\"\" \/><\/a><\/dt>\n\t\t\t\t\t\t<dd class='gallery-caption'>11.5.2012 p\u00e4iv\u00e4 ennen kukinnan alkua<\/dd>\n\t\t\t\t\t<\/dl>\n\t\t\t\t<\/div>\n\t\t\t\t<div class='gallery-row gallery-clear'>\n\t\t\t\t\t<dl class='gallery-item col-3'>\n\t\t\t\t\t\t<dt class='gallery-icon'><a title=\"12.5.2012 Kukinta alkaa.\" href='https:\/\/www.roihuvuori.fi\/hanami\/wp-content\/uploads\/2012\/04\/2012_5_12Reza1.jpg'><img loading=\"lazy\" decoding=\"async\" width=\"150\" height=\"150\" src=\"https:\/\/www.roihuvuori.fi\/hanami\/wp-content\/uploads\/2012\/04\/2012_5_12Reza1-150x150.jpg\" class=\"attachment-thumbnail size-thumbnail\" alt=\"\" \/><\/a><\/dt>\n\t\t\t\t\t\t<dd class='gallery-caption'>12.5.2012 Kukinta alkaa.<\/dd>\n\t\t\t\t\t<\/dl>\n\t\t\t\t\t<dl class='gallery-item col-3'>\n\t\t\t\t\t\t<dt class='gallery-icon'><a title=\"12.5.2012\" href='https:\/\/www.roihuvuori.fi\/hanami\/wp-content\/uploads\/2012\/04\/2012_5_12Reza4.jpg'><img loading=\"lazy\" decoding=\"async\" width=\"150\" height=\"150\" src=\"https:\/\/www.roihuvuori.fi\/hanami\/wp-content\/uploads\/2012\/04\/2012_5_12Reza4-150x150.jpg\" class=\"attachment-thumbnail size-thumbnail\" alt=\"\" \/><\/a><\/dt>\n\t\t\t\t\t\t<dd class='gallery-caption'>12.5.2012<\/dd>\n\t\t\t\t\t<\/dl>\n\t\t\t\t\t<dl class='gallery-item col-3'>\n\t\t\t\t\t\t<dt class='gallery-icon'><a title=\"12.5.2012\" href='https:\/\/www.roihuvuori.fi\/hanami\/wp-content\/uploads\/2012\/04\/2012_5_12Reza3.jpg'><img loading=\"lazy\" decoding=\"async\" width=\"150\" height=\"150\" src=\"https:\/\/www.roihuvuori.fi\/hanami\/wp-content\/uploads\/2012\/04\/2012_5_12Reza3-150x150.jpg\" class=\"attachment-thumbnail size-thumbnail\" alt=\"\" \/><\/a><\/dt>\n\t\t\t\t\t\t<dd class='gallery-caption'>12.5.2012<\/dd>\n\t\t\t\t\t<\/dl>\n\t\t\t\t<\/div>\n\t\t\t\t<div class='gallery-row gallery-clear'>\n\t\t\t\t\t<dl class='gallery-item col-3'>\n\t\t\t\t\t\t<dt class='gallery-icon'><a title=\"12.5.2012\" href='https:\/\/www.roihuvuori.fi\/hanami\/wp-content\/uploads\/2012\/04\/2012_5_12Reza2.jpg'><img loading=\"lazy\" decoding=\"async\" width=\"150\" height=\"150\" src=\"https:\/\/www.roihuvuori.fi\/hanami\/wp-content\/uploads\/2012\/04\/2012_5_12Reza2-150x150.jpg\" class=\"attachment-thumbnail size-thumbnail\" alt=\"\" \/><\/a><\/dt>\n\t\t\t\t\t\t<dd class='gallery-caption'>12.5.2012<\/dd>\n\t\t\t\t\t<\/dl>\n\t\t\t\t\t<dl class='gallery-item col-3'>\n\t\t\t\t\t\t<dt class='gallery-icon'><a title=\"12.5.2012\" href='https:\/\/www.roihuvuori.fi\/hanami\/wp-content\/uploads\/2012\/04\/2012_5_8Reza5.jpg'><img loading=\"lazy\" decoding=\"async\" width=\"150\" height=\"150\" src=\"https:\/\/www.roihuvuori.fi\/hanami\/wp-content\/uploads\/2012\/04\/2012_5_8Reza5-150x150.jpg\" class=\"attachment-thumbnail size-thumbnail\" alt=\"\" \/><\/a><\/dt>\n\t\t\t\t\t\t<dd class='gallery-caption'>12.5.2012<\/dd>\n\t\t\t\t\t<\/dl>\n\t\t\t\t\t<dl class='gallery-item col-3'>\n\t\t\t\t\t\t<dt class='gallery-icon'><a title=\"13.5.2012\" href='https:\/\/www.roihuvuori.fi\/hanami\/wp-content\/uploads\/2012\/04\/Reza9.jpg'><img loading=\"lazy\" decoding=\"async\" width=\"150\" height=\"150\" src=\"https:\/\/www.roihuvuori.fi\/hanami\/wp-content\/uploads\/2012\/04\/Reza9-150x150.jpg\" class=\"attachment-thumbnail size-thumbnail\" alt=\"\" \/><\/a><\/dt>\n\t\t\t\t\t\t<dd class='gallery-caption'>13.5.2012<\/dd>\n\t\t\t\t\t<\/dl>\n\t\t\t\t<\/div>\n\t\t\t\t<div class='gallery-row gallery-clear'>\n\t\t\t\t\t<dl class='gallery-item col-3'>\n\t\t\t\t\t\t<dt class='gallery-icon'><a title=\"13.5.2012\" href='https:\/\/www.roihuvuori.fi\/hanami\/wp-content\/uploads\/2012\/04\/IMG_4455-copy.jpg'><img loading=\"lazy\" decoding=\"async\" width=\"150\" height=\"150\" src=\"https:\/\/www.roihuvuori.fi\/hanami\/wp-content\/uploads\/2012\/04\/IMG_4455-copy-150x150.jpg\" class=\"attachment-thumbnail size-thumbnail\" alt=\"\" \/><\/a><\/dt>\n\t\t\t\t\t\t<dd class='gallery-caption'>13.5.2012<\/dd>\n\t\t\t\t\t<\/dl>\n\t\t\t\t\t<dl class='gallery-item col-3'>\n\t\t\t\t\t\t<dt class='gallery-icon'><a title=\"13.5.2012\" href='https:\/\/www.roihuvuori.fi\/hanami\/wp-content\/uploads\/2012\/04\/IMG_4459-copy.jpg'><img loading=\"lazy\" decoding=\"async\" width=\"150\" height=\"150\" src=\"https:\/\/www.roihuvuori.fi\/hanami\/wp-content\/uploads\/2012\/04\/IMG_4459-copy-150x150.jpg\" class=\"attachment-thumbnail size-thumbnail\" alt=\"\" \/><\/a><\/dt>\n\t\t\t\t\t\t<dd class='gallery-caption'>13.5.2012<\/dd>\n\t\t\t\t\t<\/dl>\n\t\t\t\t\t<dl class='gallery-item col-3'>\n\t\t\t\t\t\t<dt class='gallery-icon'><a title=\"13.5.2012\" href='https:\/\/www.roihuvuori.fi\/hanami\/wp-content\/uploads\/2012\/04\/IMG_4460-copy.jpg'><img loading=\"lazy\" decoding=\"async\" width=\"150\" height=\"150\" src=\"https:\/\/www.roihuvuori.fi\/hanami\/wp-content\/uploads\/2012\/04\/IMG_4460-copy-150x150.jpg\" class=\"attachment-thumbnail size-thumbnail\" alt=\"\" \/><\/a><\/dt>\n\t\t\t\t\t\t<dd class='gallery-caption'>13.5.2012<\/dd>\n\t\t\t\t\t<\/dl>\n\t\t\t\t<\/div>\n\t\t\t\t<div class='gallery-row gallery-clear'>\n\t\t\t\t\t<dl class='gallery-item col-3'>\n\t\t\t\t\t\t<dt class='gallery-icon'><a title=\"13.5.2012\" href='https:\/\/www.roihuvuori.fi\/hanami\/wp-content\/uploads\/2012\/04\/IMG_4461-copy.jpg'><img loading=\"lazy\" decoding=\"async\" width=\"150\" height=\"150\" src=\"https:\/\/www.roihuvuori.fi\/hanami\/wp-content\/uploads\/2012\/04\/IMG_4461-copy-150x150.jpg\" class=\"attachment-thumbnail size-thumbnail\" alt=\"\" \/><\/a><\/dt>\n\t\t\t\t\t\t<dd class='gallery-caption'>13.5.2012<\/dd>\n\t\t\t\t\t<\/dl>\n\t\t\t\t\t<dl class='gallery-item col-3'>\n\t\t\t\t\t\t<dt class='gallery-icon'><a title=\"13.5.2012\" href='https:\/\/www.roihuvuori.fi\/hanami\/wp-content\/uploads\/2012\/04\/IMG_4463-copy.jpg'><img loading=\"lazy\" decoding=\"async\" width=\"150\" height=\"150\" src=\"https:\/\/www.roihuvuori.fi\/hanami\/wp-content\/uploads\/2012\/04\/IMG_4463-copy-150x150.jpg\" class=\"attachment-thumbnail size-thumbnail\" alt=\"\" \/><\/a><\/dt>\n\t\t\t\t\t\t<dd class='gallery-caption'>13.5.2012<\/dd>\n\t\t\t\t\t<\/dl>\n\t\t\t\t\t<dl class='gallery-item col-3'>\n\t\t\t\t\t\t<dt class='gallery-icon'><a title=\"16.5.2012 Japanilaistyylisen puutarhan kirsikkapuut\" href='https:\/\/www.roihuvuori.fi\/hanami\/wp-content\/uploads\/2012\/04\/2012_5_16Reza4.jpg'><img loading=\"lazy\" decoding=\"async\" width=\"150\" height=\"150\" src=\"https:\/\/www.roihuvuori.fi\/hanami\/wp-content\/uploads\/2012\/04\/2012_5_16Reza4-150x150.jpg\" class=\"attachment-thumbnail size-thumbnail\" alt=\"\" \/><\/a><\/dt>\n\t\t\t\t\t\t<dd class='gallery-caption'>16.5.2012 Japanilaistyylisen puutarhan kirsikkapuut<\/dd>\n\t\t\t\t\t<\/dl>\n\t\t\t\t<\/div>\n\t\t\t\t<div class='gallery-row gallery-clear'>\n\t\t\t\t\t<dl class='gallery-item col-3'>\n\t\t\t\t\t\t<dt class='gallery-icon'><a title=\"16.3.2012\" href='https:\/\/www.roihuvuori.fi\/hanami\/wp-content\/uploads\/2012\/04\/2012_5_16Reza3.jpg'><img loading=\"lazy\" decoding=\"async\" width=\"150\" height=\"150\" src=\"https:\/\/www.roihuvuori.fi\/hanami\/wp-content\/uploads\/2012\/04\/2012_5_16Reza3-150x150.jpg\" class=\"attachment-thumbnail size-thumbnail\" alt=\"\" \/><\/a><\/dt>\n\t\t\t\t\t\t<dd class='gallery-caption'>16.3.2012<\/dd>\n\t\t\t\t\t<\/dl>\n\t\t\t\t\t<dl class='gallery-item col-3'>\n\t\t\t\t\t\t<dt class='gallery-icon'><a title=\"16.3.2012\" href='https:\/\/www.roihuvuori.fi\/hanami\/wp-content\/uploads\/2012\/04\/2012_5_16Reza2.jpg'><img loading=\"lazy\" decoding=\"async\" width=\"150\" height=\"150\" src=\"https:\/\/www.roihuvuori.fi\/hanami\/wp-content\/uploads\/2012\/04\/2012_5_16Reza2-150x150.jpg\" class=\"attachment-thumbnail size-thumbnail\" alt=\"\" \/><\/a><\/dt>\n\t\t\t\t\t\t<dd class='gallery-caption'>16.3.2012<\/dd>\n\t\t\t\t\t<\/dl>\n\t\t\t\t\t<dl class='gallery-item col-3'>\n\t\t\t\t\t\t<dt class='gallery-icon'><a title=\"16.5.2012\" href='https:\/\/www.roihuvuori.fi\/hanami\/wp-content\/uploads\/2012\/04\/IMG_2946.jpg'><img loading=\"lazy\" decoding=\"async\" width=\"150\" height=\"150\" src=\"https:\/\/www.roihuvuori.fi\/hanami\/wp-content\/uploads\/2012\/04\/IMG_2946-150x150.jpg\" class=\"attachment-thumbnail size-thumbnail\" alt=\"\" \/><\/a><\/dt>\n\t\t\t\t\t\t<dd class='gallery-caption'>16.5.2012<\/dd>\n\t\t\t\t\t<\/dl>\n\t\t\t\t<\/div>\n\t\t\t\t<div class='gallery-row gallery-clear'>\n\t\t\t\t\t<dl class='gallery-item col-3'>\n\t\t\t\t\t\t<dt class='gallery-icon'><a title=\"\" href='https:\/\/www.roihuvuori.fi\/hanami\/wp-content\/uploads\/2012\/04\/IMG_4724.jpg'><img loading=\"lazy\" decoding=\"async\" width=\"150\" height=\"150\" src=\"https:\/\/www.roihuvuori.fi\/hanami\/wp-content\/uploads\/2012\/04\/IMG_4724-150x150.jpg\" class=\"attachment-thumbnail size-thumbnail\" alt=\"\" \/><\/a><\/dt>\n\t\t\t\t\t<\/dl>\n\t\t\t\t\t<dl class='gallery-item col-3'>\n\t\t\t\t\t\t<dt class='gallery-icon'><a title=\"Viimeiset p\u00e4iv\u00e4t k\u00e4sill\u00e4\" href='https:\/\/www.roihuvuori.fi\/hanami\/wp-content\/uploads\/2012\/04\/IMG_8822.jpg'><img loading=\"lazy\" decoding=\"async\" width=\"150\" height=\"150\" src=\"https:\/\/www.roihuvuori.fi\/hanami\/wp-content\/uploads\/2012\/04\/IMG_8822-150x150.jpg\" class=\"attachment-thumbnail size-thumbnail\" alt=\"\" \/><\/a><\/dt>\n\t\t\t\t\t\t<dd class='gallery-caption'>Viimeiset p\u00e4iv\u00e4t k\u00e4sill\u00e4<\/dd>\n\t\t\t\t\t<\/dl>\n\t\t\t<\/div>\n\t\t\t<\/div><!-- .gallery -->\n\n","protected":false},"excerpt":{"rendered":"<p>Vuoden 2012 kukinnan kuvaajana on valokuvaaja Reza Jafari. Kukinta alkoi 12.5. ja p\u00e4\u00e4ttyi 22.5.2012.<\/p>\n","protected":false},"author":1,"featured_media":0,"parent":4896,"menu_order":0,"comment_status":"open","ping_status":"closed","template":"page-kukinta.php","meta":{"_acf_changed":false,"footnotes":""},"class_list":["post-23","page","type-page","status-publish","hentry"],"acf":[],"_links":{"self":[{"href":"https:\/\/www.roihuvuori.fi\/hanami\/wp-json\/wp\/v2\/pages\/23","targetHints":{"allow":["GET"]}}],"collection":[{"href":"https:\/\/www.roihuvuori.fi\/hanami\/wp-json\/wp\/v2\/pages"}],"about":[{"href":"https:\/\/www.roihuvuori.fi\/hanami\/wp-json\/wp\/v2\/types\/page"}],"author":[{"embeddable":true,"href":"https:\/\/www.roihuvuori.fi\/hanami\/wp-json\/wp\/v2\/users\/1"}],"replies":[{"embeddable":true,"href":"https:\/\/www.roihuvuori.fi\/hanami\/wp-json\/wp\/v2\/comments?post=23"}],"version-history":[{"count":5,"href":"https:\/\/www.roihuvuori.fi\/hanami\/wp-json\/wp\/v2\/pages\/23\/revisions"}],"predecessor-version":[{"id":1432,"href":"https:\/\/www.roihuvuori.fi\/hanami\/wp-json\/wp\/v2\/pages\/23\/revisions\/1432"}],"up":[{"embeddable":true,"href":"https:\/\/www.roihuvuori.fi\/hanami\/wp-json\/wp\/v2\/pages\/4896"}],"wp:attachment":[{"href":"https:\/\/www.roihuvuori.fi\/hanami\/wp-json\/wp\/v2\/media?parent=23"}],"curies":[{"name":"wp","href":"https:\/\/api.w.org\/{rel}","templated":true}]}}