{"id":2,"date":"2012-04-13T12:47:32","date_gmt":"2012-04-13T12:47:32","guid":{"rendered":"http:\/\/roihuvuori.kapsi.fi\/hanami\/?page_id=2"},"modified":"2025-05-04T15:54:02","modified_gmt":"2025-05-04T13:54:02","slug":"ohjelma-2015","status":"publish","type":"page","link":"https:\/\/www.roihuvuori.fi\/hanami\/hanamikuvia\/ohjelma-2015\/","title":{"rendered":"ROIHUVUOREN HANAMI-JUHLA 2015 OHJELMA"},"content":{"rendered":"<h3>ROIHUVUOREN HANAMI-JUHLA 2015 OHJELMA<\/h3>\n<h3><b>\uff12\uff10\uff11\uff15\u5e74\u30ed\u30a4\u30d5\u30d6\u30aa\u30ea\u82b1\u898b\u5927\u4f1a \u00a0<\/b><\/h3>\n<p><b>Klo 12.00 &#8211; 18.00 <\/b><\/p>\n<p>Aloitus 12.00 Otto-Ville Mikkel\u00e4, Roihuvuoriseuran puheenjohtaja Kawaguchi Shuichiro, Japanin Suurl\u00e4hetyst\u00f6n L\u00e4hetyst\u00f6neuvos Norio Tomida, Hanamijuhlan is\u00e4 \u30ed\u30a4\u30d5\u30f4\u30aa\u30ea\u5354\u4f1a\u4f1a\u9577\u30aa\u30c3\u30c8\u30fb\u30d3\u30c3\u30ec\u30fb\u4e09\u30b1\u30e9\u3055\u3093\u3001\u65e5\u672c\u56fd\u5927\u4f7f\u9928\u306e \u53c2\u4e8b\u5b98\u3001\u5ddd\u53e3\u5468\u4e00\u90ce\u6c0f\u3001\u685c\u516c\u5712\u8a2d\u7acb\u306e\u767a\u8d77\u4eba\u5bcc\u7530\u61b2\u7537\u3055\u3093\u306e\u3054\u6328\u62f6\u3002<\/p>\n<p>12.15 Japanilaisen koulun lapset esitt\u00e4v\u00e4t japanilaisia lauluja \u30d8\u30eb\u30b7\u30f3\u30ad\u65e5\u672c\u8a9e\u88dc\u7fd2\u5b66\u6821\u306e\u5b50\u4f9b\u305f\u3061\u306e\u6b4c\u3002<\/p>\n<p>12.35 Yatagarasu ry., Aikido \u516b\u54ab\u70cf\u5354\u4f1a\u3002\u5408\u6c17\u9053\u3002<\/p>\n<p>13.20 Parapara, FinnPARAnoids tanssiryhm\u00e4 \u30d1\u30e9\u30d1\u30e9\u30fb\u30c0\u30f3\u30b9\u30b7\u30e7\u30fc\u3002\u30d5\u30a3\u30f3\u30d1\u30e9\u30ce\u30a4\u30ba\u30fb\u30c0\u30f3\u30b9\u30b0\u30eb\u30fc\u30d7\u3002<\/p>\n<p>13.40 Buto esitys, Santeri Vikstr\u00f6m \u821e\u8e0f\u30d1\u30d5\u30a9\u30fc\u30de\u30f3\u30b9\u3002\u30b5\u30f3\u30c6\u30ea\u30fb\u30d3\u30af\u30b9\u30c8\u30ed\u30e0\u3055\u3093\u3002<\/p>\n<p>14.00 Sakura Budo Club, Kobudo, Esitys I \u65e5\u672c\u53e4\u6b66\u9053\u6f14\u6b66\u3002\u6afb\u6b66\u9053\u4f1a\u3002<\/p>\n<p>14.20 Espoon Musiikkiopiston oppilaiden Taiko rumpu esitys \u592a\u9f13\u306e\u6f14\u594f\u3002\u30a8\u30b9\u30dd\u30fc\u5e02\u97f3\u697d\u5b66\u9662\u306e\u30b0\u30eb\u30fc\u30d7\u3002<\/p>\n<p>14.40 Sakura Budo Club, Kobudo, Esitys II \u65e5\u672c\u53e4\u6b66\u9053\u6f14\u6b66\u3002\u6afb\u6b66\u9053\u4f1a\u3002<\/p>\n<p>15.00 Pukukilpailu \u8863\u88c5\u30b3\u30f3\u30c6\u30b9\u30c8\u306e\u51fa\u5834\u8005\u306e\u7d39\u4ecb\u3002<\/p>\n<p>15.30 Another Castle &#8211; Helsingin n\u00f6rtein naiskuoro \u30a2\u30ca\u30b6\u30fc\u30fb\u30ad\u30e3\u30c3\u30b9\u30eb\u3001\u30d8\u30eb\u30b7\u30f3\u30ad\u306e\u4e00\u756a\u304a\u305f\u304f\u3063\u307d\u3044\u5973\u58f0\u5408\u5531\u56e3\u3002<\/p>\n<p>15.40 Buto esitys, Buto Hutera \u821e\u8e0f\u30d1\u30d5\u30a9\u30fc\u30de\u30f3\u30b9\u3002\u30d6\u30c8\u30fb\u30d5\u30c6\u30e9\u3002<\/p>\n<p>16.00 Helsingin Kendoseura &#8211; Ki Ken Tai Icchi Ry., Esitys I Naginata, ZNKR Iaido n\u00e4yt\u00f6kset. \u9577\u5200\u3001\u5c45\u5408\u9053\u5b9f\u6f14:\u3002\u30d8\u30eb\u30b7\u30f3\u30ad\u5263\u9053\u4f1a\u6c17\u5263\u4f53\u4e00\u81f4\u3002<\/p>\n<p>16.20 Pukukilpailun palkintojenjako \u8863\u88c5\u30b3\u30f3\u30c6\u30b9\u30c8\u306e\u6388\u8cde\u5f0f\u3002<\/p>\n<p>16.30 Chotto!Chocolate JPOP tanssiryhm\u00e4 \u3061\u3087\u3063\u3068\uff01\u30c1\u30e7\u30b3\u30ec\u30fc\u30c8\u30fbJ-POP\u30c0\u30f3\u30b9\u30b0\u30eb\u30fc\u30d7\u3002<\/p>\n<p>17.00 Helsingin Kendoseura &#8211; Ki Ken Tai Icchi Ry., Esitys II Kendo n\u00e4yt\u00f6s. \u5263\u9053\u5b9f\u6f14:\u3002\u30d8\u30eb\u30b7\u30f3\u30ad\u5263\u9053\u4f1a\u6c17\u5263\u4f53\u4e00\u81f4\u3002<b> <\/b><\/p>\n<p><b>Ohjelma saattaa viel\u00e4 muuttua. Tarkista ohjelma <a href=\"http:\/\/www.roihuvuori.fi\/hanami\">www.roihuvuori.fi\/hanami<\/a> sivustoltaMuu ohjelma<\/b> \u2022 Japanilaisen koulun vapaaehtoiset kirjoittavat Japaniksi nimi\u00e4 ym. \u2022 Pukukilpailu \u2022 Yhdistysten teltoissa yhdistysten ja Japaniin liittyvien asioiden esittelyj\u00e4 ja japani aiheisten tavaroiden myynti\u00e4. \u2022 Chado Urasenke esittelee Teen Tiet\u00e4. \u2022 Akita yhdistys esittelee japanilaista Akita koirarotua \u2022 Ruokateltassa on myynniss\u00e4 yakitoria, yakisobaa, riisi\u00e4 curry-kastikkeella\u00a0 (kareeraisu) ja Len&#8217;s Keishoku Bar:in sushia. \u2022 Miken ruokavaunussa japanilaisia obanyaki-pannukakkuja. \u2022 Piknik-korit mukaan, puiston kent\u00e4ll\u00e4 mukava katsella ohjelmaa ja sy\u00f6d\u00e4 pikniklounasta! \u2022 Opastetut kierrokset Japanilaistyyliseen puistoon, l\u00e4hd\u00f6t: Kirsikkapuiston merkkipaalulta\u00a0 13.00 14.00, 15.00, 16.00<b>.<\/b><\/p>\n<p><b>Tapahtumaa ovat tukeneet:<\/b> Kirsikkapuut lahjoittaneet japanilaiset, Helsingin rakennusviraston Hyv\u00e4\u00e4 kasvaa Helsingiss\u00e4 -liike, Helsingin kulttuuriasiainkeskus, Brother Finland Oy, TS-Works Oy, Voima kustannus Oy, yhteisty\u00f6 kumppanit: Akita yhdistys ry, Helsingin Japanilainen Kouluyhdistys, INTO-kustannus, Japanilaisen kulttuurin yst\u00e4v\u00e4t ry, Suomalais-Japanilainen Yhdistys ry, Japania ry, Oranssi ry, Suomen Chado Urasenke Tankokai yhdistys,\u00a0Yagarasu ry., Roihuvuori-Seura ry, Roihuvuoren seurakunta<\/p>\n<p>Ladattava <a href=\"http:\/\/www.roihuvuori.fi\/hanami\/wp-content\/uploads\/2012\/04\/Hanami-2015-Ohjelma-PDF.pdf\">Hanami 2015 Ohjelma PDF<\/a><\/p>\n","protected":false},"excerpt":{"rendered":"<p>ROIHUVUOREN HANAMI-JUHLA 2015 OHJELMA \uff12\uff10\uff11\uff15\u5e74\u30ed\u30a4\u30d5\u30d6\u30aa\u30ea\u82b1\u898b\u5927\u4f1a \u00a0 Klo 12.00 &#8211; 18.00 Aloitus 12.00 Otto-Ville Mikkel\u00e4, Roihuvuoriseuran puheenjohtaja Kawaguchi Shuichiro, Japanin Suurl\u00e4hetyst\u00f6n L\u00e4hetyst\u00f6neuvos Norio Tomida, Hanamijuhlan is\u00e4 \u30ed\u30a4\u30d5\u30f4\u30aa\u30ea\u5354\u4f1a\u4f1a\u9577\u30aa\u30c3\u30c8\u30fb\u30d3\u30c3\u30ec\u30fb\u4e09\u30b1\u30e9\u3055\u3093\u3001\u65e5\u672c\u56fd\u5927\u4f7f\u9928\u306e \u53c2\u4e8b\u5b98\u3001\u5ddd\u53e3\u5468\u4e00\u90ce\u6c0f\u3001\u685c\u516c\u5712\u8a2d\u7acb\u306e\u767a\u8d77\u4eba\u5bcc\u7530\u61b2\u7537\u3055\u3093\u306e\u3054\u6328\u62f6\u3002 12.15 Japanilaisen koulun lapset esitt\u00e4v\u00e4t japanilaisia lauluja \u30d8\u30eb\u30b7\u30f3\u30ad\u65e5\u672c\u8a9e\u88dc\u7fd2\u5b66\u6821\u306e\u5b50\u4f9b\u305f\u3061\u306e\u6b4c\u3002 12.35 Yatagarasu ry., Aikido \u516b\u54ab\u70cf\u5354\u4f1a\u3002\u5408\u6c17\u9053\u3002&#8230;<\/p>\n","protected":false},"author":1,"featured_media":0,"parent":2717,"menu_order":0,"comment_status":"open","ping_status":"closed","template":"","meta":{"footnotes":""},"class_list":["post-2","page","type-page","status-publish","hentry"],"_links":{"self":[{"href":"https:\/\/www.roihuvuori.fi\/hanami\/wp-json\/wp\/v2\/pages\/2","targetHints":{"allow":["GET"]}}],"collection":[{"href":"https:\/\/www.roihuvuori.fi\/hanami\/wp-json\/wp\/v2\/pages"}],"about":[{"href":"https:\/\/www.roihuvuori.fi\/hanami\/wp-json\/wp\/v2\/types\/page"}],"author":[{"embeddable":true,"href":"https:\/\/www.roihuvuori.fi\/hanami\/wp-json\/wp\/v2\/users\/1"}],"replies":[{"embeddable":true,"href":"https:\/\/www.roihuvuori.fi\/hanami\/wp-json\/wp\/v2\/comments?post=2"}],"version-history":[{"count":5,"href":"https:\/\/www.roihuvuori.fi\/hanami\/wp-json\/wp\/v2\/pages\/2\/revisions"}],"predecessor-version":[{"id":2369,"href":"https:\/\/www.roihuvuori.fi\/hanami\/wp-json\/wp\/v2\/pages\/2\/revisions\/2369"}],"up":[{"embeddable":true,"href":"https:\/\/www.roihuvuori.fi\/hanami\/wp-json\/wp\/v2\/pages\/2717"}],"wp:attachment":[{"href":"https:\/\/www.roihuvuori.fi\/hanami\/wp-json\/wp\/v2\/media?parent=2"}],"curies":[{"name":"wp","href":"https:\/\/api.w.org\/{rel}","templated":true}]}}