{"id":175,"date":"2012-04-26T19:09:57","date_gmt":"2012-04-26T19:09:57","guid":{"rendered":"http:\/\/roihuvuori.kapsi.fi\/hanami\/?page_id=175"},"modified":"2025-05-04T15:41:50","modified_gmt":"2025-05-04T13:41:50","slug":"kirsikkapuistojen-historia","status":"publish","type":"page","link":"https:\/\/www.roihuvuori.fi\/hanami\/artikkelit\/kirsikkapuistojen-historia\/","title":{"rendered":"Kirsikkapuistojen historia"},"content":{"rendered":"<h3>Japanilaistyylinen puutarha Roihuvuoressa<\/h3>\n<p>Roihuvuorentie 12-16<\/p>\n<div id=\"attachment_541\" style=\"width: 197px\" class=\"wp-caption alignleft\"><a href=\"http:\/\/www.roihuvuori.fi\/hanami\/wp-content\/uploads\/2012\/04\/japanilaistyylinen_puutarha1.jpg\"><img loading=\"lazy\" decoding=\"async\" aria-describedby=\"caption-attachment-541\" class=\" wp-image-541     \" title=\"japanilaistyylinen_puutarha1\" src=\"http:\/\/www.roihuvuori.fi\/hanami\/wp-content\/uploads\/2012\/04\/japanilaistyylinen_puutarha1-225x300.jpg\" alt=\"\" width=\"187\" height=\"250\" srcset=\"https:\/\/www.roihuvuori.fi\/hanami\/wp-content\/uploads\/2012\/04\/japanilaistyylinen_puutarha1-225x300.jpg 225w, https:\/\/www.roihuvuori.fi\/hanami\/wp-content\/uploads\/2012\/04\/japanilaistyylinen_puutarha1-550x733.jpg 550w, https:\/\/www.roihuvuori.fi\/hanami\/wp-content\/uploads\/2012\/04\/japanilaistyylinen_puutarha1.jpg 768w\" sizes=\"auto, (max-width: 187px) 100vw, 187px\" \/><\/a><p id=\"caption-attachment-541\" class=\"wp-caption-text\">Pienen sinisen lohik\u00e4\u00e4rmeen puutarhan vesiaihe. Kuva Otto-Ville Mikkel\u00e4<\/p><\/div>\n<p>Japanilaistyylisen puutarhan paikalla oli aikaisemmin liuskekivilouhos. T\u00e4lt\u00e4 ajalta ovat per\u00e4isin puiston jyrk\u00e4t kalliosein\u00e4m\u00e4t. Puisto suunniteltiin ja rakennettiin 1990-luvun laman aikana ty\u00f6llist\u00e4misvaroin palkatun v\u00e4en voimin. Puiston rakentaminen aloitettiin 1992 ja se avattiin yleis\u00f6lle kuusi vuotta my\u00f6hemmin 1998.<\/p>\n<p>Alun perin tarkoitus oli rakentaa Neuvostoliiton johtajalle Mihail Gorbat\u0161oville omistettu puisto, vastaavaan tapaan kuin Lenininpuisto Alppilassa. Koska puiston rakentamisessa oli periaatteena niukkuus ja alueen ominaispiirteiden kunnioittaminen, puisto alkoi projektin edetess\u00e4 muistuttaa yh\u00e4 enemm\u00e4n japanilaistyylist\u00e4 puistoa. Kun Neuvostoliitto lis\u00e4ksi projektin aikana hajosi ja Gorbat\u0161ov syrj\u00e4ytettiin, puistosta tulikin lopulta japanilaistyylinen ja nimelt\u00e4\u00e4n Japanilaistyylinen puutarha.<\/p>\n<p>Puistoa oli suunnittelemassa puistoty\u00f6n johtaja Jukka Toivanen, maisema-arkkitehti Virve Veister\u00e4 ja puistosuunnittelija Kaisu Ilonen. He vastaanottivat kolmistaan vuonna 1998 puutarhalle my\u00f6nnetyn Vuoden ymp\u00e4rist\u00f6rakenne -palkinnon.<\/p>\n<div id=\"attachment_542\" style=\"width: 310px\" class=\"wp-caption alignright\"><a href=\"http:\/\/www.roihuvuori.fi\/hanami\/wp-content\/uploads\/2012\/04\/Japanilainen-puutarha2.jpg\"><img loading=\"lazy\" decoding=\"async\" aria-describedby=\"caption-attachment-542\" class=\"size-medium wp-image-542   \" title=\"Punaisen feenikslinnun puutarha Roihuvuoren kyl\u00e4juhlien aikana elokuussa 2010. Kuva Johanna Aydemir\" src=\"http:\/\/www.roihuvuori.fi\/hanami\/wp-content\/uploads\/2012\/04\/Japanilainen-puutarha2-300x225.jpg\" alt=\"\" width=\"300\" height=\"225\" srcset=\"https:\/\/www.roihuvuori.fi\/hanami\/wp-content\/uploads\/2012\/04\/Japanilainen-puutarha2-300x225.jpg 300w, https:\/\/www.roihuvuori.fi\/hanami\/wp-content\/uploads\/2012\/04\/Japanilainen-puutarha2.jpg 550w\" sizes=\"auto, (max-width: 300px) 100vw, 300px\" \/><\/a><p id=\"caption-attachment-542\" class=\"wp-caption-text\">Punaisen feenikslinnun puutarha Roihuvuoren kyl\u00e4juhlien aikana elokuussa 2010. Kuva Johanna Aydemir<\/p><\/div>\n<p>Puisto on kooltaan n. 5000 m<sup>2<\/sup>. Se on it\u00e4maisen puutarhasuunnittelutradition mukaan jaettu nelj\u00e4\u00e4n erilliseen osaan ilmansuuntien mukaan. Ilmansuuntia hallitsee tietty perinteinen taruel\u00e4in. Id\u00e4ss\u00e4 on vesi- ja kirsikkapuuaiheinen <em>Pienen sinisen lohik\u00e4\u00e4rmeen puutarha<\/em>, etel\u00e4inen keskusalue on <em>Punaisen feeniks-linnun puutarha<\/em> hiekkavirtoineen,\u00a0 l\u00e4ntisen kalliopuutarhan suojelija taas <em><\/em>on <em>valkoinen\u00a0 tiikeri<\/em> ja pohjoista sammalmets\u00e4\u00e4 suojelee <em>musta kilpikonna<\/em>. Japanilaistyylinen puutarha on yksi merkitt\u00e4vimmist\u00e4 n\u00e4ht\u00e4vyyksist\u00e4 It\u00e4-Helsingiss\u00e4, varsinkin toukokuussa kirsikkapuiden kukkiessa. <a href=\"http:\/\/www.roihuvuori.fi\/hanami\/japanilaisten-puutarhojen-symboliikka\/\">Lis\u00e4tietoa japanilaisten puutarhojen symboliikasta.<\/a><\/p>\n<p>Puisto toimii vuosittain elokuussa Roihuvuoren kyl\u00e4juhlien p\u00e4\u00e4n\u00e4ytt\u00e4m\u00f6n\u00e4. T\u00e4ll\u00f6in puutarha on valaistu v\u00e4rillisin valoin ja ulkoroihuin.<\/p>\n<div id=\"attachment_543\" style=\"width: 1819px\" class=\"wp-caption aligncenter\"><a href=\"http:\/\/www.roihuvuori.fi\/hanami\/wp-content\/uploads\/2012\/04\/Japanilaistyylinenpuutarha_3.jpg\"><img loading=\"lazy\" decoding=\"async\" aria-describedby=\"caption-attachment-543\" class=\"size-full wp-image-543  \" title=\"Mustan kilpikonnan sammalmetsikk\u00f6. Kuva Otto-Ville Mikkel\u00e4\" src=\"http:\/\/www.roihuvuori.fi\/hanami\/wp-content\/uploads\/2012\/04\/Japanilaistyylinenpuutarha_3.jpg\" alt=\"\" width=\"1809\" height=\"347\" srcset=\"https:\/\/www.roihuvuori.fi\/hanami\/wp-content\/uploads\/2012\/04\/Japanilaistyylinenpuutarha_3.jpg 1024w, https:\/\/www.roihuvuori.fi\/hanami\/wp-content\/uploads\/2012\/04\/Japanilaistyylinenpuutarha_3-300x57.jpg 300w, https:\/\/www.roihuvuori.fi\/hanami\/wp-content\/uploads\/2012\/04\/Japanilaistyylinenpuutarha_3-550x105.jpg 550w\" sizes=\"auto, (max-width: 1809px) 100vw, 1809px\" \/><\/a><p id=\"caption-attachment-543\" class=\"wp-caption-text\">Mustan kilpikonnan sammalmetsikk\u00f6. Kuva Otto-Ville Mikkel\u00e4<\/p><\/div>\n<h3>Roihuvuoren kirsikkapuisto<\/h3>\n<p>Abraham Wetterintien ja Sahaajankadun kulmassa<\/p>\n<div style=\"width: 340px\" class=\"wp-caption alignleft\"><a href=\"http:\/\/www.roihuvuori.fi\/hanami\/wp-content\/uploads\/2012\/04\/12_5_201106.jpg\"><img loading=\"lazy\" decoding=\"async\" class=\" \" src=\"http:\/\/www.roihuvuori.fi\/hanami\/wp-content\/uploads\/2012\/04\/12_5_201106.jpg\" alt=\"\" width=\"330\" height=\"248\" \/><\/a><p class=\"wp-caption-text\">Kirsikkapuisto toukokuussa 2011. Kuva Kai Lindqvist.<\/p><\/div>\n<p>Roihuvuoren kirsikkapuisto sai alkunsa, kun Suomessa asuva japanilainen kauppias <a href=\"http:\/\/www.roihuvuori.fi\/hanami\/norio-tomida\/\">Norio Tomida<\/a> sai idean, ett\u00e4 Helsingiss\u00e4 asuvat japanilaiset, heid\u00e4n perheenj\u00e4senens\u00e4 ja t\u00e4\u00e4ll\u00e4 toimivat japanilaiset yritykset voisivat lahjoittaa helsinkil\u00e4isille kirsikkapuita hanami-juhlan pit\u00e4mist\u00e4 varten. J\u00e4rjestetyss\u00e4 ker\u00e4yksess\u00e4 saatiin kokoon 152 <em>Prunus sargentii<\/em> kirsikkapuuta. Koska Roihuvuoressa oli jo Japanilaistyylinen puutarha, paikaksi valikoitui puistosuunnittelija Kaisu Ilosen ja arkkitehti Keiko Yoshizakin ehdotuksesta Sahaajankadun ja Abraham Wetterintien kulmassa oleva kentt\u00e4. Kirsikkapuut istutettiin kolmen vuoden aikana vuosina 200<strong>7\u2013<\/strong>2009. Ensimm\u00e4iset 50 puuta istutettiin alkukes\u00e4st\u00e4 2007, vuonna 2008 \u00a0seuraavat 50 ja viimeinen 52 puun er\u00e4 istutettiin vuonna 2009. Vuodesta 2012 Roihuvuori-Seura on istuttanut puistoon muutamia aitoja japanilaisia Sato- Zakura lajikkeita <em>Vuoden roihuvuorelainen <\/em>arvonimen saajille. Palkintopuut ovat olleet <em>Prunus serrulata P. \u2019amanogawa\u2019<\/em> ja <em>Prunus serrulata P. \u2019kanzan\u2019<\/em> lajikkeita. Ensimm\u00e4isi\u00e4 hanami-juhlia puistossa p\u00e4\u00e4stiin viett\u00e4m\u00e4\u00e4n vuonna 2008. Vuonna 2009 valmistui Japanilaistyylisen puutarhan ja Roihuvuoren kirsikkapuiston yhdist\u00e4v\u00e4 noin 400 metri\u00e4 pitk\u00e4 kevyenliikenteenv\u00e4yl\u00e4. Kirsikkapuistoa on tarkoitus kehitt\u00e4\u00e4 edelleen yhdess\u00e4 Japanilaistyylisen puutarhan kanssa.<\/p>\n<h4><\/h4>\n<h4>Kirsikkapuita lahjoittaneet<\/h4>\n<table>\n<tbody>\n<tr>\n<td>Brother Finland Oy<\/td>\n<td>Furuno Finland Oy<\/td>\n<\/tr>\n<tr>\n<td>Simetron Group Oy<\/td>\n<td>Toyota Motor Finland Oy<\/td>\n<\/tr>\n<tr>\n<td height=\"18\"><\/td>\n<td><\/td>\n<\/tr>\n<tr>\n<td>OGATA Takashi<\/td>\n<td>IWAI Masayuki<\/td>\n<\/tr>\n<tr>\n<td>HORIUCHI Shoichi<\/td>\n<td>RIKITAKE Kohei, Kazushi<\/td>\n<\/tr>\n<tr>\n<td>HORIUCHI Mieko<\/td>\n<td>HATA Yuto<\/td>\n<\/tr>\n<tr>\n<td>ABE Akio, Masumi<\/td>\n<td>GOMI Hidehiro<\/td>\n<\/tr>\n<tr>\n<td>LOUHISUO Kai<\/td>\n<td>SUGII Koichi, Akiko<\/td>\n<\/tr>\n<tr>\n<td>ISHIHARA Honoka<\/td>\n<td>TAKEDA Hitomi<\/td>\n<\/tr>\n<tr>\n<td>MOTOE Wakana<\/td>\n<td>TSUNODA Tatsuo, Noriko<\/td>\n<\/tr>\n<tr>\n<td>SHIMOYAMA Tamaki, Mizuho<\/td>\n<td>KURISU Yoshiyuki, Hiromi<\/td>\n<\/tr>\n<tr>\n<td>YOSHMURA Miuko<\/td>\n<td>WATANABE Kohei<\/td>\n<\/tr>\n<tr>\n<td>TOMATSURI Keita, Sara<\/td>\n<td>WATANABE Miki<\/td>\n<\/tr>\n<tr>\n<td>SHIMMI Akari<\/td>\n<td>YOSHIZAKI Keiko<\/td>\n<\/tr>\n<tr>\n<td>HASE Yukio, Kiriko<\/td>\n<td>ARITA Yujin<\/td>\n<\/tr>\n<tr>\n<td>SAITO Taiki<\/td>\n<td>MATSUNO Shinay, Naoko<\/td>\n<\/tr>\n<tr>\n<td>MORITA Taketoshi<\/td>\n<td>MARUMOTO Toshimasu, Seiko<\/td>\n<\/tr>\n<tr>\n<td>MORITA Yuko<\/td>\n<td>TAKEUCHI Taku<\/td>\n<\/tr>\n<tr>\n<td>TSUKAMOTO Masami, Noriko<\/td>\n<td>TOMIDA Takashi, Kimie<\/td>\n<\/tr>\n<tr>\n<td>SHIMOMURA Aimi<\/td>\n<td>IKEDA Masato<\/td>\n<\/tr>\n<tr>\n<td>SHIMOMURA Eimi<\/td>\n<td>IKEDA Arisa<\/td>\n<\/tr>\n<tr>\n<td>OURA Riki<\/td>\n<td>RINNO Kenzi, Marika, Lassi<\/td>\n<\/tr>\n<tr>\n<td>OURA Kio<\/td>\n<td>SALO Max, Mai<\/td>\n<\/tr>\n<tr>\n<td>OURA Aki<\/td>\n<td>TOMIDA Norio, Aila<\/td>\n<\/tr>\n<tr>\n<td>NOUSIAINEN Jasu, Mari<\/td>\n<td>KOJIMA Yoji<\/td>\n<\/tr>\n<tr>\n<td>OKAMOTO Masataka<\/td>\n<td>MEGURO Akiko<\/td>\n<\/tr>\n<tr>\n<td>OGAWA Hideki<\/td>\n<td>TOMIDA Kenzo, Lumi-Marja<\/td>\n<\/tr>\n<tr>\n<td>ISHIBASHI Iwao<\/td>\n<td>HONDA Hitoshi, Keiko<\/td>\n<\/tr>\n<tr>\n<td>SUMI Keisuke, Keiko<\/td>\n<td>OKUMURA Shinya<\/td>\n<\/tr>\n<tr>\n<td>SAITO Hidehisa<\/td>\n<td>KAKINO Coko<\/td>\n<\/tr>\n<tr>\n<td>DEGUCHI Yodai , miina<\/td>\n<td>URATA Yukinori<\/td>\n<\/tr>\n<tr>\n<td>DEGUCHI Maria<\/td>\n<td>SUMI Kotaro, Rihoko<\/td>\n<\/tr>\n<tr>\n<td>ASHIDA Kiamu, Asaka<\/td>\n<td>JAAKKOLA Matti, Toshiko<\/td>\n<\/tr>\n<tr>\n<td>HORIUCHI Hideki<\/td>\n<td>ROININEN Petri<\/td>\n<\/tr>\n<tr>\n<td>HORIUCHI Sakura<\/td>\n<td>ROININEN Tuomo<\/td>\n<\/tr>\n<tr>\n<td>MIYAMOTO Satoshi, Harumi<\/td>\n<td>TSUNO Shozo<\/td>\n<\/tr>\n<tr>\n<td>YONEDA Hiroshi, Hiromi<\/td>\n<td>MASAOKA Makoto<\/td>\n<\/tr>\n<tr>\n<td>SUZUKI-K\u00c4RN\u00c4 Kiyoko<\/td>\n<td>NAKATA Susumu<\/td>\n<\/tr>\n<tr>\n<td>K\u00c4RN\u00c4 Matti<\/td>\n<td>MORI Tamiyoshi, Ayako<\/td>\n<\/tr>\n<tr>\n<td>KONO Yukio<\/td>\n<td>RIKITAKE Naoya, Chifuyu<\/td>\n<\/tr>\n<tr>\n<td>KONO Sumiko<\/td>\n<td>LUOHISUO Aino<\/td>\n<\/tr>\n<tr>\n<td>ENJU Yoritomo, Misayo<\/td>\n<td>SAWAMURA Taichi<\/td>\n<\/tr>\n<tr>\n<td>ORPO Karoliina, Topias<\/td>\n<td>SUNTIO Aili<\/td>\n<\/tr>\n<tr>\n<td>MARUYAMA Hiroshi<\/td>\n<td>DOYU Hiroshi, Mina<\/td>\n<\/tr>\n<tr>\n<td>MARUYAMA Michiko<\/td>\n<td>LOMMI Makiko<\/td>\n<\/tr>\n<tr>\n<td>KAKINO Yoshinori<\/td>\n<td>NAGATA Eiichi, etsuko<\/td>\n<\/tr>\n<tr>\n<td>URATA Yukinori<\/td>\n<td>HONDA Hitoshi, Keiko<\/td>\n<\/tr>\n<tr>\n<td>KIMANEN Seppo<\/td>\n<td>NAGASAKI Risa<\/td>\n<\/tr>\n<tr>\n<td>ARAI-KIMANEN Yoshiko<\/td>\n<td>SHIRAISHI Mai, Yuta<\/td>\n<\/tr>\n<tr>\n<td>HATA Yudai<\/td>\n<td>TAKEUCHI Toru, Masako<\/td>\n<\/tr>\n<tr>\n<td>ANTTONEN Sara, Akira<\/td>\n<td>TAKEUCHI Taku, Shu<\/td>\n<\/tr>\n<tr>\n<td>TOMIYAMA Akira, Naoki<\/td>\n<td>TAKEUCHI Ryo, Toshi<\/td>\n<\/tr>\n<tr>\n<td>ITO Daisuke<\/td>\n<td>TOMIDA Kenji, Mutsuko<\/td>\n<\/tr>\n<\/tbody>\n<\/table>\n<p>&nbsp;<\/p>\n","protected":false},"excerpt":{"rendered":"<p>Japanilaistyylinen puutarha Roihuvuoressa Roihuvuorentie 12-16 Japanilaistyylisen puutarhan paikalla oli aikaisemmin liuskekivilouhos. T\u00e4lt\u00e4 ajalta ovat per\u00e4isin puiston jyrk\u00e4t kalliosein\u00e4m\u00e4t. Puisto suunniteltiin ja rakennettiin 1990-luvun laman aikana ty\u00f6llist\u00e4misvaroin palkatun v\u00e4en voimin. Puiston rakentaminen aloitettiin 1992 ja se avattiin yleis\u00f6lle kuusi vuotta my\u00f6hemmin&#8230;<\/p>\n","protected":false},"author":1,"featured_media":0,"parent":1141,"menu_order":0,"comment_status":"closed","ping_status":"closed","template":"","meta":{"_acf_changed":false,"footnotes":""},"class_list":["post-175","page","type-page","status-publish","hentry"],"acf":[],"_links":{"self":[{"href":"https:\/\/www.roihuvuori.fi\/hanami\/wp-json\/wp\/v2\/pages\/175","targetHints":{"allow":["GET"]}}],"collection":[{"href":"https:\/\/www.roihuvuori.fi\/hanami\/wp-json\/wp\/v2\/pages"}],"about":[{"href":"https:\/\/www.roihuvuori.fi\/hanami\/wp-json\/wp\/v2\/types\/page"}],"author":[{"embeddable":true,"href":"https:\/\/www.roihuvuori.fi\/hanami\/wp-json\/wp\/v2\/users\/1"}],"replies":[{"embeddable":true,"href":"https:\/\/www.roihuvuori.fi\/hanami\/wp-json\/wp\/v2\/comments?post=175"}],"version-history":[{"count":5,"href":"https:\/\/www.roihuvuori.fi\/hanami\/wp-json\/wp\/v2\/pages\/175\/revisions"}],"predecessor-version":[{"id":2130,"href":"https:\/\/www.roihuvuori.fi\/hanami\/wp-json\/wp\/v2\/pages\/175\/revisions\/2130"}],"up":[{"embeddable":true,"href":"https:\/\/www.roihuvuori.fi\/hanami\/wp-json\/wp\/v2\/pages\/1141"}],"wp:attachment":[{"href":"https:\/\/www.roihuvuori.fi\/hanami\/wp-json\/wp\/v2\/media?parent=175"}],"curies":[{"name":"wp","href":"https:\/\/api.w.org\/{rel}","templated":true}]}}