{"id":1400,"date":"2013-04-21T17:48:23","date_gmt":"2013-04-21T15:48:23","guid":{"rendered":"http:\/\/www.roihuvuori.fi\/hanami\/?page_id=1400"},"modified":"2024-04-14T17:47:57","modified_gmt":"2024-04-14T15:47:57","slug":"kirsikankukinta-2013","status":"publish","type":"page","link":"https:\/\/www.roihuvuori.fi\/hanami\/kirsikankukinta\/kirsikankukinta-2013\/","title":{"rendered":"Kirsikankukinta 2013"},"content":{"rendered":"<p>Vuoden 2013 kukinnan kuvaajana on 14-vuotias roihuvuorelainen <a href=\"http:\/\/www.roihuvuori.fi\/hanami\/2013-kirsikankukinnan-kuvaaja-elina-aydemir\/\">Elina Aydemir<\/a><a href=\"http:\/\/www.roihuvuori.fi\/hanami\/reza-jafari\/\"><br \/>\n<\/a><\/p>\n\n\t\t\t<div id='gallery-1400-1' class='gallery gallery-1400'>\n\t\t\t\t<div class='gallery-row gallery-clear'>\n\t\t\t\t\t<dl class='gallery-item col-3'>\n\t\t\t\t\t\t<dt class='gallery-icon'><a title=\"27.5.2013 Kukinta on valtaosin p\u00e4\u00e4ttynyt, vain muutamissa uuden amanogawa lajikkeen puissa on en\u00e4\u00e4 kukkia.\" href='https:\/\/www.roihuvuori.fi\/hanami\/wp-content\/uploads\/2013\/05\/27052013.jpg'><img loading=\"lazy\" decoding=\"async\" width=\"150\" height=\"150\" src=\"https:\/\/www.roihuvuori.fi\/hanami\/wp-content\/uploads\/2013\/05\/27052013-150x150.jpg\" class=\"attachment-thumbnail size-thumbnail\" alt=\"\" \/><\/a><\/dt>\n\t\t\t\t\t\t<dd class='gallery-caption'>27.5.2013 Kukinta on valtaosin p\u00e4\u00e4ttynyt, vain muutamissa uuden amanogawa lajikkeen puissa on en\u00e4\u00e4 kukkia.<\/dd>\n\t\t\t\t\t<\/dl>\n\t\t\t\t\t<dl class='gallery-item col-3'>\n\t\t\t\t\t\t<dt class='gallery-icon'><a title=\"27.5.2013 vuosi sitten istutettujen pensasmaisten puiden kukat aukesivat noin viikon my\u00f6hemmin kuin vanhojen puiden.\" href='https:\/\/www.roihuvuori.fi\/hanami\/wp-content\/uploads\/2013\/05\/P5270961.jpg'><img loading=\"lazy\" decoding=\"async\" width=\"150\" height=\"150\" src=\"https:\/\/www.roihuvuori.fi\/hanami\/wp-content\/uploads\/2013\/05\/P5270961-150x150.jpg\" class=\"attachment-thumbnail size-thumbnail\" alt=\"\" \/><\/a><\/dt>\n\t\t\t\t\t\t<dd class='gallery-caption'>27.5.2013 vuosi sitten istutettujen pensasmaisten puiden kukat aukesivat noin viikon my\u00f6hemmin kuin vanhojen puiden.<\/dd>\n\t\t\t\t\t<\/dl>\n\t\t\t\t\t<dl class='gallery-item col-3'>\n\t\t\t\t\t\t<dt class='gallery-icon'><a title=\"17.5.2013\" href='https:\/\/www.roihuvuori.fi\/hanami\/wp-content\/uploads\/2013\/05\/kuva2.jpg'><img loading=\"lazy\" decoding=\"async\" width=\"150\" height=\"150\" src=\"https:\/\/www.roihuvuori.fi\/hanami\/wp-content\/uploads\/2013\/05\/kuva2-150x150.jpg\" class=\"attachment-thumbnail size-thumbnail\" alt=\"\" \/><\/a><\/dt>\n\t\t\t\t\t\t<dd class='gallery-caption'>17.5.2013<\/dd>\n\t\t\t\t\t<\/dl>\n\t\t\t\t<\/div>\n\t\t\t\t<div class='gallery-row gallery-clear'>\n\t\t\t\t\t<dl class='gallery-item col-3'>\n\t\t\t\t\t\t<dt class='gallery-icon'><a title=\"17.5.2013\" href='https:\/\/www.roihuvuori.fi\/hanami\/wp-content\/uploads\/2013\/05\/kuva3.jpg'><img loading=\"lazy\" decoding=\"async\" width=\"150\" height=\"150\" src=\"https:\/\/www.roihuvuori.fi\/hanami\/wp-content\/uploads\/2013\/05\/kuva3-150x150.jpg\" class=\"attachment-thumbnail size-thumbnail\" alt=\"\" \/><\/a><\/dt>\n\t\t\t\t\t\t<dd class='gallery-caption'>17.5.2013<\/dd>\n\t\t\t\t\t<\/dl>\n\t\t\t\t\t<dl class='gallery-item col-3'>\n\t\t\t\t\t\t<dt class='gallery-icon'><a title=\"17.5.2013\" href='https:\/\/www.roihuvuori.fi\/hanami\/wp-content\/uploads\/2013\/05\/kuva5.jpg'><img loading=\"lazy\" decoding=\"async\" width=\"150\" height=\"150\" src=\"https:\/\/www.roihuvuori.fi\/hanami\/wp-content\/uploads\/2013\/05\/kuva5-150x150.jpg\" class=\"attachment-thumbnail size-thumbnail\" alt=\"\" \/><\/a><\/dt>\n\t\t\t\t\t\t<dd class='gallery-caption'>17.5.2013<\/dd>\n\t\t\t\t\t<\/dl>\n\t\t\t\t\t<dl class='gallery-item col-3'>\n\t\t\t\t\t\t<dt class='gallery-icon'><a title=\"17.5.2013 koko puisto kukkii\" href='https:\/\/www.roihuvuori.fi\/hanami\/wp-content\/uploads\/2013\/05\/kuva8.jpg'><img loading=\"lazy\" decoding=\"async\" width=\"150\" height=\"150\" src=\"https:\/\/www.roihuvuori.fi\/hanami\/wp-content\/uploads\/2013\/05\/kuva8-150x150.jpg\" class=\"attachment-thumbnail size-thumbnail\" alt=\"\" \/><\/a><\/dt>\n\t\t\t\t\t\t<dd class='gallery-caption'>17.5.2013 koko puisto kukkii<\/dd>\n\t\t\t\t\t<\/dl>\n\t\t\t\t<\/div>\n\t\t\t\t<div class='gallery-row gallery-clear'>\n\t\t\t\t\t<dl class='gallery-item col-3'>\n\t\t\t\t\t\t<dt class='gallery-icon'><a title=\"17.5.2013\" href='https:\/\/www.roihuvuori.fi\/hanami\/wp-content\/uploads\/2013\/05\/kuva6.jpg'><img loading=\"lazy\" decoding=\"async\" width=\"150\" height=\"150\" src=\"https:\/\/www.roihuvuori.fi\/hanami\/wp-content\/uploads\/2013\/05\/kuva6-150x150.jpg\" class=\"attachment-thumbnail size-thumbnail\" alt=\"\" \/><\/a><\/dt>\n\t\t\t\t\t\t<dd class='gallery-caption'>17.5.2013<\/dd>\n\t\t\t\t\t<\/dl>\n\t\t\t\t\t<dl class='gallery-item col-3'>\n\t\t\t\t\t\t<dt class='gallery-icon'><a title=\"17.5.2013\" href='https:\/\/www.roihuvuori.fi\/hanami\/wp-content\/uploads\/2013\/05\/kuva7.jpg'><img loading=\"lazy\" decoding=\"async\" width=\"150\" height=\"150\" src=\"https:\/\/www.roihuvuori.fi\/hanami\/wp-content\/uploads\/2013\/05\/kuva7-150x150.jpg\" class=\"attachment-thumbnail size-thumbnail\" alt=\"\" \/><\/a><\/dt>\n\t\t\t\t\t\t<dd class='gallery-caption'>17.5.2013<\/dd>\n\t\t\t\t\t<\/dl>\n\t\t\t\t\t<dl class='gallery-item col-3'>\n\t\t\t\t\t\t<dt class='gallery-icon'><a title=\"15.5.2013\" href='https:\/\/www.roihuvuori.fi\/hanami\/wp-content\/uploads\/2013\/05\/kukat.jpg'><img loading=\"lazy\" decoding=\"async\" width=\"150\" height=\"150\" src=\"https:\/\/www.roihuvuori.fi\/hanami\/wp-content\/uploads\/2013\/05\/kukat-150x150.jpg\" class=\"attachment-thumbnail size-thumbnail\" alt=\"\" \/><\/a><\/dt>\n\t\t\t\t\t\t<dd class='gallery-caption'>15.5.2013<\/dd>\n\t\t\t\t\t<\/dl>\n\t\t\t\t<\/div>\n\t\t\t\t<div class='gallery-row gallery-clear'>\n\t\t\t\t\t<dl class='gallery-item col-3'>\n\t\t\t\t\t\t<dt class='gallery-icon'><a title=\"15.5.2013\" href='https:\/\/www.roihuvuori.fi\/hanami\/wp-content\/uploads\/2013\/05\/nuput.jpg'><img loading=\"lazy\" decoding=\"async\" width=\"150\" height=\"150\" src=\"https:\/\/www.roihuvuori.fi\/hanami\/wp-content\/uploads\/2013\/05\/nuput-150x150.jpg\" class=\"attachment-thumbnail size-thumbnail\" alt=\"\" \/><\/a><\/dt>\n\t\t\t\t\t\t<dd class='gallery-caption'>15.5.2013<\/dd>\n\t\t\t\t\t<\/dl>\n\t\t\t\t\t<dl class='gallery-item col-3'>\n\t\t\t\t\t\t<dt class='gallery-icon'><a title=\"14.5.2013 ensimm\u00e4isi\u00e4 kukkia\" href='https:\/\/www.roihuvuori.fi\/hanami\/wp-content\/uploads\/2013\/05\/Kirsikankukka2_15_5_2013_kuvaElinaAydemir.jpg'><img loading=\"lazy\" decoding=\"async\" width=\"150\" height=\"150\" src=\"https:\/\/www.roihuvuori.fi\/hanami\/wp-content\/uploads\/2013\/05\/Kirsikankukka2_15_5_2013_kuvaElinaAydemir-150x150.jpg\" class=\"attachment-thumbnail size-thumbnail\" alt=\"\" \/><\/a><\/dt>\n\t\t\t\t\t\t<dd class='gallery-caption'>14.5.2013 ensimm\u00e4isi\u00e4 kukkia<\/dd>\n\t\t\t\t\t<\/dl>\n\t\t\t\t\t<dl class='gallery-item col-3'>\n\t\t\t\t\t\t<dt class='gallery-icon'><a title=\"14.5.2013 paljon nuppuja\" href='https:\/\/www.roihuvuori.fi\/hanami\/wp-content\/uploads\/2013\/05\/Kirsikankukkanuput_15_5_2013_kuvaElinaAydemir.jpg'><img loading=\"lazy\" decoding=\"async\" width=\"150\" height=\"150\" src=\"https:\/\/www.roihuvuori.fi\/hanami\/wp-content\/uploads\/2013\/05\/Kirsikankukkanuput_15_5_2013_kuvaElinaAydemir-150x150.jpg\" class=\"attachment-thumbnail size-thumbnail\" alt=\"\" \/><\/a><\/dt>\n\t\t\t\t\t\t<dd class='gallery-caption'>14.5.2013 paljon nuppuja<\/dd>\n\t\t\t\t\t<\/dl>\n\t\t\t\t<\/div>\n\t\t\t\t<div class='gallery-row gallery-clear'>\n\t\t\t\t\t<dl class='gallery-item col-3'>\n\t\t\t\t\t\t<dt class='gallery-icon'><a title=\"12.5.2013 nuput n\u00e4kyv\u00e4t jo\" href='https:\/\/www.roihuvuori.fi\/hanami\/wp-content\/uploads\/2013\/05\/P5110254.jpg'><img loading=\"lazy\" decoding=\"async\" width=\"150\" height=\"150\" src=\"https:\/\/www.roihuvuori.fi\/hanami\/wp-content\/uploads\/2013\/05\/P5110254-150x150.jpg\" class=\"attachment-thumbnail size-thumbnail\" alt=\"\" \/><\/a><\/dt>\n\t\t\t\t\t\t<dd class='gallery-caption'>12.5.2013 nuput n\u00e4kyv\u00e4t jo<\/dd>\n\t\t\t\t\t<\/dl>\n\t\t\t\t\t<dl class='gallery-item col-3'>\n\t\t\t\t\t\t<dt class='gallery-icon'><a title=\"9.5.2013 t\u00e4n\u00e4 kev\u00e4\u00e4n\u00e4 istutettu uusi puu avautunee ensimm\u00e4isen\u00e4\" href='https:\/\/www.roihuvuori.fi\/hanami\/wp-content\/uploads\/2013\/05\/09052013_Kuva2ElinaAydemir.jpg'><img loading=\"lazy\" decoding=\"async\" width=\"150\" height=\"150\" src=\"https:\/\/www.roihuvuori.fi\/hanami\/wp-content\/uploads\/2013\/05\/09052013_Kuva2ElinaAydemir-150x150.jpg\" class=\"attachment-thumbnail size-thumbnail\" alt=\"\" \/><\/a><\/dt>\n\t\t\t\t\t\t<dd class='gallery-caption'>9.5.2013 t\u00e4n\u00e4 kev\u00e4\u00e4n\u00e4 istutettu uusi puu avautunee ensimm\u00e4isen\u00e4<\/dd>\n\t\t\t\t\t<\/dl>\n\t\t\t\t\t<dl class='gallery-item col-3'>\n\t\t\t\t\t\t<dt class='gallery-icon'><a title=\"9.5.2013 \" href='https:\/\/www.roihuvuori.fi\/hanami\/wp-content\/uploads\/2013\/05\/09052013_Kuva3ElinaAydemir.jpg'><img loading=\"lazy\" decoding=\"async\" width=\"150\" height=\"150\" src=\"https:\/\/www.roihuvuori.fi\/hanami\/wp-content\/uploads\/2013\/05\/09052013_Kuva3ElinaAydemir-150x150.jpg\" class=\"attachment-thumbnail size-thumbnail\" alt=\"\" \/><\/a><\/dt>\n\t\t\t\t\t\t<dd class='gallery-caption'>9.5.2013 <\/dd>\n\t\t\t\t\t<\/dl>\n\t\t\t\t<\/div>\n\t\t\t\t<div class='gallery-row gallery-clear'>\n\t\t\t\t\t<dl class='gallery-item col-3'>\n\t\t\t\t\t\t<dt class='gallery-icon'><a title=\"6.5.2013 Kirsikkapuistossa\" href='https:\/\/www.roihuvuori.fi\/hanami\/wp-content\/uploads\/2013\/05\/kirsikankukka06052013_kuvaElinaAydemir-001.jpg'><img loading=\"lazy\" decoding=\"async\" width=\"150\" height=\"150\" src=\"https:\/\/www.roihuvuori.fi\/hanami\/wp-content\/uploads\/2013\/05\/kirsikankukka06052013_kuvaElinaAydemir-001-150x150.jpg\" class=\"attachment-thumbnail size-thumbnail\" alt=\"\" \/><\/a><\/dt>\n\t\t\t\t\t\t<dd class='gallery-caption'>6.5.2013 Kirsikkapuistossa<\/dd>\n\t\t\t\t\t<\/dl>\n\t\t\t\t\t<dl class='gallery-item col-3'>\n\t\t\t\t\t\t<dt class='gallery-icon'><a title=\"6.5.2013 silmut alkavat aueta\" href='https:\/\/www.roihuvuori.fi\/hanami\/wp-content\/uploads\/2013\/05\/kirsikankukka2_06052013_kuvaElinaAydemir-001.jpg'><img loading=\"lazy\" decoding=\"async\" width=\"150\" height=\"150\" src=\"https:\/\/www.roihuvuori.fi\/hanami\/wp-content\/uploads\/2013\/05\/kirsikankukka2_06052013_kuvaElinaAydemir-001-150x150.jpg\" class=\"attachment-thumbnail size-thumbnail\" alt=\"\" \/><\/a><\/dt>\n\t\t\t\t\t\t<dd class='gallery-caption'>6.5.2013 silmut alkavat aueta<\/dd>\n\t\t\t\t\t<\/dl>\n\t\t\t\t\t<dl class='gallery-item col-3'>\n\t\t\t\t\t\t<dt class='gallery-icon'><a title=\"1.5.2013 Japanilaistyylisess\u00e4 puutarhassa\" href='https:\/\/www.roihuvuori.fi\/hanami\/wp-content\/uploads\/2013\/05\/kirsikankukka01052013_kuvaElinaAydemir-004.jpg'><img loading=\"lazy\" decoding=\"async\" width=\"150\" height=\"150\" src=\"https:\/\/www.roihuvuori.fi\/hanami\/wp-content\/uploads\/2013\/05\/kirsikankukka01052013_kuvaElinaAydemir-004-150x150.jpg\" class=\"attachment-thumbnail size-thumbnail\" alt=\"\" \/><\/a><\/dt>\n\t\t\t\t\t\t<dd class='gallery-caption'>1.5.2013 Japanilaistyylisess\u00e4 puutarhassa<\/dd>\n\t\t\t\t\t<\/dl>\n\t\t\t\t<\/div>\n\t\t\t\t<div class='gallery-row gallery-clear'>\n\t\t\t\t\t<dl class='gallery-item col-3'>\n\t\t\t\t\t\t<dt class='gallery-icon'><a title=\"21.4.2013 lumi on sulanut puiden alta.\" href='https:\/\/www.roihuvuori.fi\/hanami\/wp-content\/uploads\/2013\/04\/210413.jpg'><img loading=\"lazy\" decoding=\"async\" width=\"150\" height=\"150\" src=\"https:\/\/www.roihuvuori.fi\/hanami\/wp-content\/uploads\/2013\/04\/210413-150x150.jpg\" class=\"attachment-thumbnail size-thumbnail\" alt=\"\" \/><\/a><\/dt>\n\t\t\t\t\t\t<dd class='gallery-caption'>21.4.2013 lumi on sulanut puiden alta.<\/dd>\n\t\t\t\t\t<\/dl>\n\t\t\t\t\t<dl class='gallery-item col-3'>\n\t\t\t\t\t\t<dt class='gallery-icon'><a title=\"16.4.2013  silmut ovat viel\u00e4 aivan kiinni.\" href='https:\/\/www.roihuvuori.fi\/hanami\/wp-content\/uploads\/2013\/04\/160413.jpg'><img loading=\"lazy\" decoding=\"async\" width=\"150\" height=\"150\" src=\"https:\/\/www.roihuvuori.fi\/hanami\/wp-content\/uploads\/2013\/04\/160413-150x150.jpg\" class=\"attachment-thumbnail size-thumbnail\" alt=\"\" \/><\/a><\/dt>\n\t\t\t\t\t\t<dd class='gallery-caption'>16.4.2013  silmut ovat viel\u00e4 aivan kiinni.<\/dd>\n\t\t\t\t\t<\/dl>\n\t\t\t\t\t<dl class='gallery-item col-3'>\n\t\t\t\t\t\t<dt class='gallery-icon'><a title=\"17.3.2013 Kirsikkapuisto viel\u00e4 talviunessa\" href='https:\/\/www.roihuvuori.fi\/hanami\/wp-content\/uploads\/2013\/04\/170413.jpg'><img loading=\"lazy\" decoding=\"async\" width=\"150\" height=\"150\" src=\"https:\/\/www.roihuvuori.fi\/hanami\/wp-content\/uploads\/2013\/04\/170413-150x150.jpg\" class=\"attachment-thumbnail size-thumbnail\" alt=\"\" \/><\/a><\/dt>\n\t\t\t\t\t\t<dd class='gallery-caption'>17.3.2013 Kirsikkapuisto viel\u00e4 talviunessa<\/dd>\n\t\t\t\t\t<\/dl>\n\t\t\t\t<\/div>\n\t\t\t<\/div><!-- .gallery -->\n\n<p>&nbsp;<\/p>\n","protected":false},"excerpt":{"rendered":"<p>Vuoden 2013 kukinnan kuvaajana on 14-vuotias roihuvuorelainen Elina Aydemir &nbsp;<\/p>\n","protected":false},"author":1,"featured_media":0,"parent":4896,"menu_order":0,"comment_status":"closed","ping_status":"closed","template":"","meta":{"_acf_changed":false,"footnotes":""},"class_list":["post-1400","page","type-page","status-publish","hentry"],"acf":[],"_links":{"self":[{"href":"https:\/\/www.roihuvuori.fi\/hanami\/wp-json\/wp\/v2\/pages\/1400","targetHints":{"allow":["GET"]}}],"collection":[{"href":"https:\/\/www.roihuvuori.fi\/hanami\/wp-json\/wp\/v2\/pages"}],"about":[{"href":"https:\/\/www.roihuvuori.fi\/hanami\/wp-json\/wp\/v2\/types\/page"}],"author":[{"embeddable":true,"href":"https:\/\/www.roihuvuori.fi\/hanami\/wp-json\/wp\/v2\/users\/1"}],"replies":[{"embeddable":true,"href":"https:\/\/www.roihuvuori.fi\/hanami\/wp-json\/wp\/v2\/comments?post=1400"}],"version-history":[{"count":5,"href":"https:\/\/www.roihuvuori.fi\/hanami\/wp-json\/wp\/v2\/pages\/1400\/revisions"}],"predecessor-version":[{"id":1697,"href":"https:\/\/www.roihuvuori.fi\/hanami\/wp-json\/wp\/v2\/pages\/1400\/revisions\/1697"}],"up":[{"embeddable":true,"href":"https:\/\/www.roihuvuori.fi\/hanami\/wp-json\/wp\/v2\/pages\/4896"}],"wp:attachment":[{"href":"https:\/\/www.roihuvuori.fi\/hanami\/wp-json\/wp\/v2\/media?parent=1400"}],"curies":[{"name":"wp","href":"https:\/\/api.w.org\/{rel}","templated":true}]}}