{"id":13,"date":"2012-04-14T14:59:01","date_gmt":"2012-04-14T14:59:01","guid":{"rendered":"http:\/\/roihuvuori.kapsi.fi\/hanami\/?page_id=13"},"modified":"2025-05-04T15:51:37","modified_gmt":"2025-05-04T13:51:37","slug":"hanami-info","status":"publish","type":"page","link":"https:\/\/www.roihuvuori.fi\/hanami\/hanami-info\/","title":{"rendered":"Juhlainfo"},"content":{"rendered":"<p>Juhlapaikka on Roihuvuoren kirsikkapuistossa, Sahaajankadun ja Abraham Wetterin tien kulmassa. Ei siis Roihuvuoren japanilaistyylisess\u00e4 puutarhassa Roihuvuorentie 12, joka on n. 400 m p\u00e4\u00e4ss\u00e4 varsinaisesta juhlapaikasta.<\/p>\n<h3>Kartta<\/h3>\n<p><iframe loading=\"lazy\" src=\"http:\/\/maps.google.fi\/maps?f=q&amp;source=s_q&amp;hl=fi&amp;geocode=&amp;q=60.195132,25.048764&amp;aq=&amp;sll=60.194812,25.04871&amp;sspn=0.003541,0.010782&amp;ie=UTF8&amp;t=m&amp;z=14&amp;ll=60.195132,25.048764&amp;output=embed\" width=\"425\" height=\"350\" frameborder=\"0\" marginwidth=\"0\" marginheight=\"0\" scrolling=\"no\"><\/iframe><br \/>\n<small><a href=\"http:\/\/maps.google.fi\/maps?f=q&amp;source=embed&amp;hl=fi&amp;geocode=&amp;q=60.195132,25.048764&amp;aq=&amp;sll=60.194812,25.04871&amp;sspn=0.003541,0.010782&amp;ie=UTF8&amp;t=m&amp;z=14&amp;ll=60.195132,25.048764\">N\u00e4yt\u00e4 suurempi kartta<\/a><\/small><\/p>\n<p>&nbsp;<\/p>\n<h3>Kuinka p\u00e4\u00e4sen perille?<\/h3>\n<p>Alueella on rajallisesti pys\u00e4k\u00f6intitilaa, joten kannattaa tulla julkisilla. Tapahtumap\u00e4iv\u00e4n\u00e4 koulun pys\u00e4k\u00f6intipaikka on varattu tapahtuman esiintyjien ja j\u00e4rjest\u00e4jien k\u00e4ytt\u00f6\u00f6n. T\u00e4m\u00e4n takia paikalle p\u00e4\u00e4set parhaiten joko Herttoniemen metroasemalta <a href=\"http:\/\/maps.google.fi\/maps\/ms?authuser=0&amp;vps=11&amp;ie=UTF8&amp;msa=19&amp;msid=212914371602841956663.0004bf6c3f1b0d30df359\" target=\"_blank\" rel=\"noopener noreferrer\">k\u00e4vellen<\/a> tai busseilla 80, 82 ja 83\u00a0 tai It\u00e4keskuksesta bussella 80 ja 82. <a href=\"http:\/\/www.reittiopas.fi\/?from_in=&amp;from=&amp;via_in=&amp;via=&amp;via_time=0&amp;to_in=Sahaajankatu+8%2C+Helsinki&amp;to=address*Sahaajankatu+8%2C+Helsinki*2558350.25*6676367.25&amp;hour=12&amp;minute=00&amp;timetype=arrival&amp;day=13&amp;month=05&amp;year=2012&amp;cmargin=3&amp;wspeed=70&amp;method=1&amp;stz=0&amp;mc1=0&amp;mc2=0&amp;mc3=0&amp;mc4=0&amp;mc5=0&amp;mc6=0&amp;mc0=0&amp;nroutes=3\" target=\"_blank\" rel=\"noopener noreferrer\">HSL:n reittiopas<\/a>. Jos kuitenkin tulet autolla j\u00e4t\u00e4 auto Sahaajankadun varteen eik\u00e4 kirsikkapuiston kent\u00e4lle!<\/p>\n<h3>Voinko tuoda koiran juhla-alueelle?<\/h3>\n<p>Koiran voi tuoda alueelle, mutta se on pidett\u00e4v\u00e4 kytkettyn\u00e4. Koira on my\u00f6skin omistajan vastuulla. Juhlassa on paljon ihmisi\u00e4 ja paikoin ahdasta, joten nelijalkaisia yst\u00e4vi\u00e4mme saattaa ahdistaa.<\/p>\n<h3>Saanko k\u00e4ytt\u00e4\u00e4 puistossa kertak\u00e4ytt\u00f6grilli\u00e4?<\/h3>\n<p>Kertak\u00e4ytt\u00f6grillit ovat kiellettyj\u00e4 kaupungin puistoissa ja j\u00e4rjestyksenvalvojat sammuttavat ne tavattaessa.<\/p>\n<h3>Pystyyk\u00f6 puistossa liikkumaan py\u00f6r\u00e4tuolilla?<\/h3>\n<p>Kirsikkapuiston k\u00e4yt\u00e4vill\u00e4 voi liikkua py\u00f6r\u00e4tuolilla, mutta osa nurmikent\u00e4st\u00e4 on ep\u00e4tasaista. Alueella on kukinnan ja juhlan aikana muutama inva-bajamaja.<\/p>\n<h3>Voinko tulla myym\u00e4\u00e4n ruokaa hanami-juhlaan?<\/h3>\n<p>Valitettavasti joudumme rahoittamaan juhlan j\u00e4rjestelyt pitk\u00e4lti myyntipaikkoja vuokraamalla, joten omatoiminen myynti ei juhla-alueella ole mahdollista. Olemme vuokranneet kaupungilta koko alueen Hanami-juhlan viikonlopuksi.<br \/>\n<a href=\"https:\/\/www.roihuvuori.fi\/hanami\/ohjeistus-roihuvuoren-hanami-tapahtuman-myyjille\/\" target=\"_blank\" rel=\"noopener\">Ohjeistus hanami-tapahtuman myyjille ja yhteisty\u00f6kumppaneille.<\/a><br \/>\n<a href=\"https:\/\/www.roihuvuori.fi\/hanami\/ohjeistus-roihuvuoren-hanami-tapahtuman-myyjille\/\" target=\"_blank\" rel=\"noopener\">Instructions for vendors at the Hanami event in Roihuvuori<\/a><\/p>\n<h3>Onko mahdollista saada hanamiin myyntipaikka ja tulla myym\u00e4\u00e4n esim. thaimaalaista tai kiinalaista ruokaa?<\/h3>\n<p>Vaikka thai ja kiinalainen ruoka on hyv\u00e4\u00e4, olemme halunneet rajata juhlan japanilaiseen kulttuuriin ja sen takia olemme vuokranneet myyntipaikkoja vain japanilaiseen ruokaan ja kirsikankukkateemaan erikoistuneille myyjille. T\u00e4m\u00e4n ansiosta olemme onnistuneet tekem\u00e4\u00e4n juhlasta ainutlaatuisen.<\/p>\n<h3>Onko alueella vessoja?<\/h3>\n<p>Kukinnan alkaessa alueelle tuodaan joitakin bajamajoja ja my\u00f6s juhlap\u00e4iv\u00e4n\u00e4 alueella on useita bajamajoja.<\/p>\n<h3>Kerro terveisesi tai esit\u00e4 kysymys<\/h3>\n\n<div class=\"wpcf7 no-js\" id=\"wpcf7-f183-o1\" lang=\"\" dir=\"ltr\" data-wpcf7-id=\"183\">\n<div class=\"screen-reader-response\"><p role=\"status\" aria-live=\"polite\" aria-atomic=\"true\"><\/p> <ul><\/ul><\/div>\n<form action=\"\/hanami\/wp-json\/wp\/v2\/pages\/13#wpcf7-f183-o1\" method=\"post\" class=\"wpcf7-form init\" aria-label=\"Yhteydenottolomake\" novalidate=\"novalidate\" data-status=\"init\">\n<fieldset class=\"hidden-fields-container\"><input type=\"hidden\" name=\"_wpcf7\" value=\"183\" \/><input type=\"hidden\" name=\"_wpcf7_version\" value=\"6.1.5\" \/><input type=\"hidden\" name=\"_wpcf7_locale\" value=\"\" \/><input type=\"hidden\" name=\"_wpcf7_unit_tag\" value=\"wpcf7-f183-o1\" \/><input type=\"hidden\" name=\"_wpcf7_container_post\" value=\"0\" \/><input type=\"hidden\" name=\"_wpcf7_posted_data_hash\" value=\"\" \/>\n<\/fieldset>\n<p>Nimi (pakollinen)\n<\/p>\n<p><span class=\"wpcf7-form-control-wrap\" data-name=\"your-name\"><input size=\"40\" maxlength=\"400\" class=\"wpcf7-form-control wpcf7-text wpcf7-validates-as-required\" aria-required=\"true\" aria-invalid=\"false\" value=\"\" type=\"text\" name=\"your-name\" \/><\/span>\n<\/p>\n<p>S\u00e4hk\u00f6posti (pakollinen)\n<\/p>\n<p><span class=\"wpcf7-form-control-wrap\" data-name=\"your-email\"><input size=\"40\" maxlength=\"400\" class=\"wpcf7-form-control wpcf7-email wpcf7-validates-as-required wpcf7-text wpcf7-validates-as-email\" aria-required=\"true\" aria-invalid=\"false\" value=\"\" type=\"email\" name=\"your-email\" \/><\/span>\n<\/p>\n<p>Aihe\n<\/p>\n<p><span class=\"wpcf7-form-control-wrap\" data-name=\"your-subject\"><input size=\"40\" maxlength=\"400\" class=\"wpcf7-form-control wpcf7-text wpcf7-validates-as-required\" aria-required=\"true\" aria-invalid=\"false\" value=\"\" type=\"text\" name=\"your-subject\" \/><\/span>\n<\/p>\n<p>Viesti\n<\/p>\n<p><span class=\"wpcf7-form-control-wrap\" data-name=\"your-message\"><textarea cols=\"40\" rows=\"10\" maxlength=\"2000\" class=\"wpcf7-form-control wpcf7-textarea\" aria-invalid=\"false\" name=\"your-message\"><\/textarea><\/span>\n<\/p>\n<p><div class=\"cf7-cf-turnstile\" style=\"margin-top: 0px; margin-bottom: -15px;\"> <div id=\"cf-turnstile-cf7-429190685\" class=\"cf-turnstile\" data-callback=\"turnstileCF7Callback\" data-sitekey=\"0x4AAAAAABs3q9LztIFZx55R\" data-theme=\"light\" data-language=\"auto\" data-size=\"normal\" data-retry=\"auto\" data-retry-interval=\"1000\" data-refresh-expired=\"auto\" data-refresh-timeout=\"auto\" data-action=\"contact-form-7\" data-callback=\"turnstileCF7Callback\" data-appearance=\"always\"><\/div> <style>.wpcf7-submit { pointer-events: none; opacity: 0.5; }<\/style> <script>document.addEventListener(\"DOMContentLoaded\", function() { setTimeout(function(){ var e=document.getElementById(\"cf-turnstile-cf7-429190685\"); if(e&&!e.innerHTML.trim()){turnstile.render(e, {sitekey:\"0x4AAAAAABs3q9LztIFZx55R\"});} }, 200); });<\/script> <br class=\"cf-turnstile-br cf-turnstile-br-cf7-429190685\"> <style>#cf-turnstile-cf7-429190685 { margin-left: -15px; }<\/style> <script>document.addEventListener(\"DOMContentLoaded\",function(){document.querySelectorAll('.wpcf7-form').forEach(function(e){e.addEventListener('submit',function(){if(document.getElementById('cf-turnstile-cf7-429190685')){setTimeout(function(){turnstile.reset('#cf-turnstile-cf7-429190685');},1000)}})})});<\/script> <\/div><br\/><input class=\"wpcf7-form-control wpcf7-submit has-spinner\" type=\"submit\" value=\"L\u00e4het\u00e4\" \/>\n<\/p><div class=\"wpcf7-response-output\" aria-hidden=\"true\"><\/div>\n<\/form>\n<\/div>\n\n","protected":false},"excerpt":{"rendered":"<p>Juhlapaikka on Roihuvuoren kirsikkapuistossa, Sahaajankadun ja Abraham Wetterin tien kulmassa. Ei siis Roihuvuoren japanilaistyylisess\u00e4 puutarhassa Roihuvuorentie 12, joka on n. 400 m p\u00e4\u00e4ss\u00e4 varsinaisesta juhlapaikasta. Kartta N\u00e4yt\u00e4 suurempi kartta &nbsp; Kuinka p\u00e4\u00e4sen perille? Alueella on rajallisesti pys\u00e4k\u00f6intitilaa, joten kannattaa tulla&#8230;<\/p>\n","protected":false},"author":1,"featured_media":0,"parent":0,"menu_order":5,"comment_status":"open","ping_status":"closed","template":"","meta":{"footnotes":""},"class_list":["post-13","page","type-page","status-publish","hentry"],"_links":{"self":[{"href":"https:\/\/www.roihuvuori.fi\/hanami\/wp-json\/wp\/v2\/pages\/13","targetHints":{"allow":["GET"]}}],"collection":[{"href":"https:\/\/www.roihuvuori.fi\/hanami\/wp-json\/wp\/v2\/pages"}],"about":[{"href":"https:\/\/www.roihuvuori.fi\/hanami\/wp-json\/wp\/v2\/types\/page"}],"author":[{"embeddable":true,"href":"https:\/\/www.roihuvuori.fi\/hanami\/wp-json\/wp\/v2\/users\/1"}],"replies":[{"embeddable":true,"href":"https:\/\/www.roihuvuori.fi\/hanami\/wp-json\/wp\/v2\/comments?post=13"}],"version-history":[{"count":5,"href":"https:\/\/www.roihuvuori.fi\/hanami\/wp-json\/wp\/v2\/pages\/13\/revisions"}],"predecessor-version":[{"id":4024,"href":"https:\/\/www.roihuvuori.fi\/hanami\/wp-json\/wp\/v2\/pages\/13\/revisions\/4024"}],"wp:attachment":[{"href":"https:\/\/www.roihuvuori.fi\/hanami\/wp-json\/wp\/v2\/media?parent=13"}],"curies":[{"name":"wp","href":"https:\/\/api.w.org\/{rel}","templated":true}]}}