{"id":1091,"date":"2012-05-19T20:56:53","date_gmt":"2012-05-19T20:56:53","guid":{"rendered":"http:\/\/www.roihuvuori.fi\/hanami\/?page_id=1091"},"modified":"2025-05-04T15:38:58","modified_gmt":"2025-05-04T13:38:58","slug":"cosplay","status":"publish","type":"page","link":"https:\/\/www.roihuvuori.fi\/hanami\/artikkelit\/cosplay\/","title":{"rendered":"Cosplay"},"content":{"rendered":"<p><a href=\"https:\/\/www.roihuvuori.fi\/hanami\/?attachment_id=\" rel=\"attachment wp-att-1092\"><br \/>\n<\/a><a href=\"http:\/\/www.roihuvuori.fi\/hanami\/cosplay\/kossaaja\/\" rel=\"attachment wp-att-1104\"><img loading=\"lazy\" decoding=\"async\" class=\"alignnone size-full wp-image-1104\" title=\"Kossaaja\" src=\"http:\/\/www.roihuvuori.fi\/hanami\/wp-content\/uploads\/2012\/05\/Kossaaja.png\" alt=\"\" width=\"485\" height=\"115\" srcset=\"https:\/\/www.roihuvuori.fi\/hanami\/wp-content\/uploads\/2012\/05\/Kossaaja.png 485w, https:\/\/www.roihuvuori.fi\/hanami\/wp-content\/uploads\/2012\/05\/Kossaaja-300x71.png 300w\" sizes=\"auto, (max-width: 485px) 100vw, 485px\" \/><\/a>TEKSTI: ELENA SMULOVITZ<br \/>\n<a href=\"http:\/\/www.roihuvuori.fi\/hanami\/cosplay\/kossaaja2\/\" rel=\"attachment wp-att-1093\"><img loading=\"lazy\" decoding=\"async\" class=\" wp-image-1093 alignleft\" title=\"Kossaaja2\" src=\"http:\/\/www.roihuvuori.fi\/hanami\/wp-content\/uploads\/2012\/05\/Kossaaja2.png\" alt=\"\" width=\"277\" height=\"424\" \/><\/a>Cosplay on Japanista levinnyt ilmi\u00f6, jossa pukeudutaan jonkin japanilaisen sarjakuvan (<a href=\"http:\/\/www.roihuvuori.fi\/hanami\/manga\/\"><em>mangan<\/em><\/a>), japanilaisen animaation (<a href=\"http:\/\/www.roihuvuori.fi\/hanami\/manga-ja-anime\/\"><em>animen<\/em><\/a>) tai pelin hahmoksi. Cosplayn harrastajana voin sanoa, etten kossia eli cosplay-pukua p\u00e4\u00e4lle laittaessani pue ylleni vain vaatetta vaan my\u00f6s kossaamani hahmon olemuksen ja puhetavan. Animen ja mangan voi jakaa genreihin kuten <em>chibit<\/em>, <em>shoujo<\/em> tai kauhu. Sama koskee tietysti my\u00f6s cosplay-asuja.<\/p>\n<p><em>Furryt<\/em> eli el\u00e4inasut, <em>genderswap<\/em> (hahmon sukupuoli vaihdettu vastakkaiseen) ja <em>chibi<\/em> (jostain hahmosta tehty lapsiversio tai jo valmiiksi lapsi) ovat hyvi\u00e4 esimerkkimerkkej\u00e4 kosseista, joissa halutun hahmon alkuper\u00e4ist\u00e4 vaatetusta on muokattu mieleisemm\u00e4ksi tai helpommin puettavaksi. T\u00e4rke\u00e4\u00e4 on kuitenkin s\u00e4ilytt\u00e4\u00e4 hahmolle ominaiset piirteet, jotta hahmon tunnistettavuus s\u00e4ilyy. Jokainen cosplay-harrastaja voi ostaa netist\u00e4 tai tehd\u00e4 itse omat asunsa. Monissa asuissa on kuitenkin niin paljon ty\u00f6t\u00e4, ett\u00e4 niiden tekemiseen voi menn\u00e4 jopa vuosia, ja tekeminen vaatii \u00e4\u00e4rimm\u00e4isen hyvi\u00e4 k\u00e4sity\u00f6taitoja. Ei siis ihme, ett\u00e4 moni ostaa pukunsa valmiina. Suurimpaan osaan cosplay-asuista kuuluu my\u00f6s peruukki ja mahdollinen ase, lemmikki tai muu esine. Kaikkiin yksityiskohtiin kiinnitet\u00e4\u00e4n huomiota.<\/p>\n<p>Yst\u00e4v\u00e4ni Jannica Jaatinen on kossannut useasti ninja Narutoa ja teet\u00e4tt\u00e4nyt cosplayasunsa. Naruto Usumaki, Naruto- sarjan p\u00e4\u00e4henkil\u00f6, on miespuolinen hahmo, joten Jannica joutuu muokkaamaan erilaisin tavoin vartaloaan, jotta p\u00e4\u00e4sisi mahdollisimman l\u00e4helle hahmon ulkon\u00e4k\u00f6\u00e4. Jannica on kyseisen manga-sarjan suuri fani, joten h\u00e4nelle ei ole tuottanut ongelmia hahmon k\u00e4yt\u00f6ksen, puhetavan tai mieltymyksen kohteiden omaksuminen.<\/p>\n<p>Naruto on kotoisin Konohasta, kyl\u00e4st\u00e4, jossa el\u00e4\u00e4 ninjoja. Naruto on eritt\u00e4in hyperaktiivinen, suuriruokainen, yli-iloinen ja innokas. Narutolla on kuitenkin traaginen tausta, ja h\u00e4n on orpo. Hahmon iloisuus on vain tapa peitt\u00e4\u00e4 h\u00e4nt\u00e4 kalvava suru. Sarjan alussa Naruto on h\u00f6ps\u00f6 pieni poika, joka pukeutuu oranssiin kokopukuhaalariin. Sarjan edetess\u00e4 Naruton vaatetus muuttuu mutta pysyy aina oranssina. Kun Naruto valmistuu Akatemiasta, h\u00e4nelle my\u00f6nnet\u00e4\u00e4n lehtikyl\u00e4n eli Konohan tunnuksella varustettu otsasuojus. Narutosta on my\u00f6s furry-versio, sill\u00e4 Naruto muuttuu \u00e4\u00e4ritilanteissa kuten haastavissa taisteluissa yhdeks\u00e4nh\u00e4nt\u00e4iseksi ketuksi. Naruto-kossiin kuuluvat olennaisena osana aseet, muun muassa heittot\u00e4hdet, savupommit ja chakra-rullat. N\u00e4it\u00e4 kossaajat valmistavat itse paperimassasta, puusta ja muista helposti ty\u00f6stett\u00e4vist\u00e4 materiaaleista.<\/p>\n<p>&nbsp;<\/p>\n<p><em>Artikkeli on aikaisemmin ilmestynyt Roihuvuoren kyl\u00e4lehdess\u00e4 2\/2012<\/em><\/p>\n","protected":false},"excerpt":{"rendered":"<p>TEKSTI: ELENA SMULOVITZ Cosplay on Japanista levinnyt ilmi\u00f6, jossa pukeudutaan jonkin japanilaisen sarjakuvan (mangan), japanilaisen animaation (animen) tai pelin hahmoksi. Cosplayn harrastajana voin sanoa, etten kossia eli cosplay-pukua p\u00e4\u00e4lle laittaessani pue ylleni vain vaatetta vaan my\u00f6s kossaamani hahmon olemuksen ja&#8230;<\/p>\n","protected":false},"author":2,"featured_media":0,"parent":1141,"menu_order":0,"comment_status":"closed","ping_status":"closed","template":"","meta":{"_acf_changed":false,"footnotes":""},"class_list":["post-1091","page","type-page","status-publish","hentry"],"acf":[],"_links":{"self":[{"href":"https:\/\/www.roihuvuori.fi\/hanami\/wp-json\/wp\/v2\/pages\/1091","targetHints":{"allow":["GET"]}}],"collection":[{"href":"https:\/\/www.roihuvuori.fi\/hanami\/wp-json\/wp\/v2\/pages"}],"about":[{"href":"https:\/\/www.roihuvuori.fi\/hanami\/wp-json\/wp\/v2\/types\/page"}],"author":[{"embeddable":true,"href":"https:\/\/www.roihuvuori.fi\/hanami\/wp-json\/wp\/v2\/users\/2"}],"replies":[{"embeddable":true,"href":"https:\/\/www.roihuvuori.fi\/hanami\/wp-json\/wp\/v2\/comments?post=1091"}],"version-history":[{"count":5,"href":"https:\/\/www.roihuvuori.fi\/hanami\/wp-json\/wp\/v2\/pages\/1091\/revisions"}],"predecessor-version":[{"id":5399,"href":"https:\/\/www.roihuvuori.fi\/hanami\/wp-json\/wp\/v2\/pages\/1091\/revisions\/5399"}],"up":[{"embeddable":true,"href":"https:\/\/www.roihuvuori.fi\/hanami\/wp-json\/wp\/v2\/pages\/1141"}],"wp:attachment":[{"href":"https:\/\/www.roihuvuori.fi\/hanami\/wp-json\/wp\/v2\/media?parent=1091"}],"curies":[{"name":"wp","href":"https:\/\/api.w.org\/{rel}","templated":true}]}}